{"id":61,"date":"2010-06-22T15:31:18","date_gmt":"2010-06-22T15:31:18","guid":{"rendered":"https:\/\/webs.uab.cat\/sbcv\/tecniques-analitiques\/"},"modified":"2023-06-08T14:53:54","modified_gmt":"2023-06-08T14:53:54","slug":"tecniques-analitiques","status":"publish","type":"page","link":"https:\/\/webs.uab.cat\/sbcv\/tecniques-analitiques\/","title":{"rendered":"T\u00e8cniques anal\u00edtiques"},"content":{"rendered":"<p>El <strong>Servei de Bioqu\u00edmica Cl\u00ednica Veterin\u00e0ria<\/strong> \u00e9s un laboratori d\u2019an\u00e0lisis cl\u00ednics especialitzat en la determinaci\u00f3 de diferents par\u00e0metres bioqu\u00edmics en mostres d\u2019origen animal.<\/p>\n<p>Es duen a terme de forma rutin\u00e0ria t\u00e8cniques estandarditzades aix\u00ed com de m\u00e9s espec\u00edfiques.<\/p>\n<p>A m\u00e9s, es posen a punt i es validen noves t\u00e8cniques en les que puguin estar interessats els nostres clients.<\/p>\n\n\n<ul class=\"wp-block-list\">\n<li><a href=\"https:\/\/webs.uab.cat\/sbcv\/llistat-de-parametres\/\">Llistat de par\u00e0metres<\/a><\/li>\n\n\n\n<li><a href=\"https:\/\/webs.uab.cat\/sbcv\/valors-de-referencia\/\">Valors de refer\u00e8ncia<\/a><\/li>\n\n\n\n<li><a href=\"https:\/\/webs.uab.cat\/sbcv\/perfils-petits-animals\/\">Perfils per a petits animals<\/a><\/li>\n\n\n\n<li><a href=\"https:\/\/webs.uab.cat\/sbcv\/apartat-21-2\/\">Perfils per a cavalls<\/a><\/li>\n\n\n\n<li><a href=\"https:\/\/webs.uab.cat\/sbcv\/perfils-animals-exotics\/\">Perfils per a animals ex\u00f2tics<\/a><\/li>\n<\/ul>\n","protected":false},"excerpt":{"rendered":"<p>El Servei de Bioqu\u00edmica Cl\u00ednica Veterin\u00e0ria \u00e9s un laboratori d\u2019an\u00e0lisis cl\u00ednics especialitzat en la determinaci\u00f3 de diferents par\u00e0metres bioqu\u00edmics en mostres d\u2019origen animal. Es duen a terme de forma rutin\u00e0ria t\u00e8cniques estandarditzades aix\u00ed com de m\u00e9s espec\u00edfiques. A m\u00e9s, es posen a punt i es validen noves t\u00e8cniques en les que puguin estar interessats els [&hellip;]<\/p>\n","protected":false},"author":20,"featured_media":0,"parent":0,"menu_order":0,"comment_status":"closed","ping_status":"closed","template":"","meta":{"footnotes":""},"class_list":["post-61","page","type-page","status-publish","hentry"],"_links":{"self":[{"href":"https:\/\/webs.uab.cat\/sbcv\/wp-json\/wp\/v2\/pages\/61","targetHints":{"allow":["GET"]}}],"collection":[{"href":"https:\/\/webs.uab.cat\/sbcv\/wp-json\/wp\/v2\/pages"}],"about":[{"href":"https:\/\/webs.uab.cat\/sbcv\/wp-json\/wp\/v2\/types\/page"}],"author":[{"embeddable":true,"href":"https:\/\/webs.uab.cat\/sbcv\/wp-json\/wp\/v2\/users\/20"}],"replies":[{"embeddable":true,"href":"https:\/\/webs.uab.cat\/sbcv\/wp-json\/wp\/v2\/comments?post=61"}],"version-history":[{"count":7,"href":"https:\/\/webs.uab.cat\/sbcv\/wp-json\/wp\/v2\/pages\/61\/revisions"}],"predecessor-version":[{"id":747,"href":"https:\/\/webs.uab.cat\/sbcv\/wp-json\/wp\/v2\/pages\/61\/revisions\/747"}],"wp:attachment":[{"href":"https:\/\/webs.uab.cat\/sbcv\/wp-json\/wp\/v2\/media?parent=61"}],"curies":[{"name":"wp","href":"https:\/\/api.w.org\/{rel}","templated":true}]}}