{"id":62,"date":"2010-06-22T15:31:41","date_gmt":"2010-06-22T15:31:41","guid":{"rendered":"https:\/\/webs.uab.cat\/sbcv\/funcionament\/"},"modified":"2023-06-08T14:41:45","modified_gmt":"2023-06-08T14:41:45","slug":"funcionament","status":"publish","type":"page","link":"https:\/\/webs.uab.cat\/sbcv\/funcionament\/","title":{"rendered":"Funcionament"},"content":{"rendered":"<p>El SBCV d\u00f3na servei a una gran varietat d\u2019usuaris.<\/p>\n<p>A m\u00e9s d\u2019oferir la determinaci\u00f3 d\u2019un ampli ventall de par\u00e0metres, facilita <strong><span style=\"text-decoration: underline\">assessorament cient\u00edfic<\/span><\/strong> i es troba implicat en el <strong><span style=\"text-decoration: underline\">desenvolupament i validaci\u00f3<\/span><\/strong> de reactius comercials i equips anal\u00edtics per veterin\u00e0ria.<\/p>\n\n\n<ul class=\"wp-block-list\">\n<li><a href=\"https:\/\/webs.uab.cat\/sbcv\/recollida-de-mostres\/\">Recollida de mostres<\/a><\/li>\n\n\n\n<li><a href=\"https:\/\/webs.uab.cat\/sbcv\/lliurament-de-resultats\/\">Lliurament de resultats<\/a><\/li>\n\n\n\n<li><a href=\"https:\/\/webs.uab.cat\/sbcv\/tipus-dusuaris\/\">Tipus d&#8217;usuaris<\/a><\/li>\n\n\n\n<li><a href=\"https:\/\/webs.uab.cat\/sbcv\/tarifes\/\">Tarifes<\/a><\/li>\n<\/ul>\n","protected":false},"excerpt":{"rendered":"<p>El SBCV d\u00f3na servei a una gran varietat d\u2019usuaris. A m\u00e9s d\u2019oferir la determinaci\u00f3 d\u2019un ampli ventall de par\u00e0metres, facilita assessorament cient\u00edfic i es troba implicat en el desenvolupament i validaci\u00f3 de reactius comercials i equips anal\u00edtics per veterin\u00e0ria.<\/p>\n","protected":false},"author":20,"featured_media":0,"parent":0,"menu_order":0,"comment_status":"closed","ping_status":"closed","template":"","meta":{"footnotes":""},"class_list":["post-62","page","type-page","status-publish","hentry"],"_links":{"self":[{"href":"https:\/\/webs.uab.cat\/sbcv\/wp-json\/wp\/v2\/pages\/62","targetHints":{"allow":["GET"]}}],"collection":[{"href":"https:\/\/webs.uab.cat\/sbcv\/wp-json\/wp\/v2\/pages"}],"about":[{"href":"https:\/\/webs.uab.cat\/sbcv\/wp-json\/wp\/v2\/types\/page"}],"author":[{"embeddable":true,"href":"https:\/\/webs.uab.cat\/sbcv\/wp-json\/wp\/v2\/users\/20"}],"replies":[{"embeddable":true,"href":"https:\/\/webs.uab.cat\/sbcv\/wp-json\/wp\/v2\/comments?post=62"}],"version-history":[{"count":7,"href":"https:\/\/webs.uab.cat\/sbcv\/wp-json\/wp\/v2\/pages\/62\/revisions"}],"predecessor-version":[{"id":736,"href":"https:\/\/webs.uab.cat\/sbcv\/wp-json\/wp\/v2\/pages\/62\/revisions\/736"}],"wp:attachment":[{"href":"https:\/\/webs.uab.cat\/sbcv\/wp-json\/wp\/v2\/media?parent=62"}],"curies":[{"name":"wp","href":"https:\/\/api.w.org\/{rel}","templated":true}]}}