{"id":63,"date":"2010-06-22T15:31:57","date_gmt":"2010-06-22T15:31:57","guid":{"rendered":"https:\/\/webs.uab.cat\/sbcv\/recerca\/"},"modified":"2023-06-09T10:11:39","modified_gmt":"2023-06-09T10:11:39","slug":"recerca","status":"publish","type":"page","link":"https:\/\/webs.uab.cat\/sbcv\/recerca\/","title":{"rendered":"Recerca"},"content":{"rendered":"<p>El Servei de Bioqu\u00edmica Cl\u00ednica Veterin\u00e0ria t\u00e9 com a objectius cient\u00edfics principal:<\/p>\n<p><strong>La posta a punt, optimitzaci\u00f3 i validaci\u00f3 de biomarcadors d&#8217;inter\u00e8s en veterin\u00e0ria i ci\u00e8ncia animal:<\/strong><\/p>\n<ul>\n<li><strong>Diferents esp\u00e8cies animals: <\/strong>experi\u00e8ncia en animals de renda (vaca, ovella, porc, cabra, aviram,&#8230;), petits animals, cavalls i ex\u00f2tics.<\/li>\n<li><strong>Diferents tipus de mostra: <\/strong>s\u00e8rum, plasma, orina, LCR,&#8230; tenim especial inter\u00e8s en mostres no invasives: llet, calostre, femtes i saliva.<\/li>\n<li><strong>Marcadors immunol\u00f2gics:<\/strong>&nbsp; Immunoglobulines (IgG, IgA,&#8230;), Prote\u00efnes especifiques (lactoferrina, calprotectina,&#8230;), Citoquines,&#8230;<\/li>\n<li><strong>Marcadors d&#8217;estr\u00e9s i benestar: <\/strong>&nbsp;prote\u00efnes de fase aguda, esteroides en femta, etc.<\/li>\n<li><strong>Hormones<\/strong> i altres marcadors endocrins<\/li>\n<li>En general, <strong>qualsevol marcador bioqu\u00edmic<\/strong> d&#8217;inter\u00e8s per la medicina veterin\u00e0ria, la producci\u00f3 animal i la seguretat aliment\u00e0ria.<\/li>\n<li>La nostra experi\u00e8ncia en <strong>m\u00e8todes enzim\u00e0tics, immunol\u00f2gics, electrofor\u00e8tics, etc,<\/strong> ens avala.<\/li>\n<\/ul>\n\n\n<figure class=\"wp-block-image size-full\"><a href=\"https:\/\/webs.uab.cat\/sbcv\/publicacions-relacionades\/\"><img loading=\"lazy\" decoding=\"async\" width=\"302\" height=\"68\" src=\"https:\/\/webs.uab.cat\/sbcv\/wp-content\/uploads\/sites\/198\/2023\/06\/Diapositiva1.jpg\" alt=\"\" class=\"wp-image-773\" srcset=\"https:\/\/webs.uab.cat\/sbcv\/wp-content\/uploads\/sites\/198\/2023\/06\/Diapositiva1.jpg 302w, https:\/\/webs.uab.cat\/sbcv\/wp-content\/uploads\/sites\/198\/2023\/06\/Diapositiva1-300x68.jpg 300w\" sizes=\"auto, (max-width: 302px) 100vw, 302px\" \/><\/a><\/figure>\n\n\n\n<figure class=\"wp-block-image size-full\"><a href=\"https:\/\/webs.uab.cat\/sbcv\/participacio-projectes\/\"><img loading=\"lazy\" decoding=\"async\" width=\"299\" height=\"72\" src=\"https:\/\/webs.uab.cat\/sbcv\/wp-content\/uploads\/sites\/198\/2023\/06\/Diapositiva3.jpg\" alt=\"\" class=\"wp-image-770\" \/><\/a><\/figure>\n\n\n\n<figure class=\"wp-block-image size-full\"><a href=\"https:\/\/webs.uab.cat\/sbcv\/presentacions-congresos\/\"><img loading=\"lazy\" decoding=\"async\" width=\"296\" height=\"69\" src=\"https:\/\/webs.uab.cat\/sbcv\/wp-content\/uploads\/sites\/198\/2023\/06\/Diapositiva2.jpg\" alt=\"\" class=\"wp-image-776\" \/><\/a><\/figure>\n","protected":false},"excerpt":{"rendered":"<p>El Servei de Bioqu\u00edmica Cl\u00ednica Veterin\u00e0ria t\u00e9 com a objectius cient\u00edfics principal: La posta a punt, optimitzaci\u00f3 i validaci\u00f3 de biomarcadors d&#8217;inter\u00e8s en veterin\u00e0ria i ci\u00e8ncia animal: Diferents esp\u00e8cies animals: experi\u00e8ncia en animals de renda (vaca, ovella, porc, cabra, aviram,&#8230;), petits animals, cavalls i ex\u00f2tics. Diferents tipus de mostra: s\u00e8rum, plasma, orina, LCR,&#8230; tenim especial [&hellip;]<\/p>\n","protected":false},"author":20,"featured_media":0,"parent":0,"menu_order":0,"comment_status":"closed","ping_status":"closed","template":"","meta":{"footnotes":""},"class_list":["post-63","page","type-page","status-publish","hentry"],"_links":{"self":[{"href":"https:\/\/webs.uab.cat\/sbcv\/wp-json\/wp\/v2\/pages\/63","targetHints":{"allow":["GET"]}}],"collection":[{"href":"https:\/\/webs.uab.cat\/sbcv\/wp-json\/wp\/v2\/pages"}],"about":[{"href":"https:\/\/webs.uab.cat\/sbcv\/wp-json\/wp\/v2\/types\/page"}],"author":[{"embeddable":true,"href":"https:\/\/webs.uab.cat\/sbcv\/wp-json\/wp\/v2\/users\/20"}],"replies":[{"embeddable":true,"href":"https:\/\/webs.uab.cat\/sbcv\/wp-json\/wp\/v2\/comments?post=63"}],"version-history":[{"count":5,"href":"https:\/\/webs.uab.cat\/sbcv\/wp-json\/wp\/v2\/pages\/63\/revisions"}],"predecessor-version":[{"id":781,"href":"https:\/\/webs.uab.cat\/sbcv\/wp-json\/wp\/v2\/pages\/63\/revisions\/781"}],"wp:attachment":[{"href":"https:\/\/webs.uab.cat\/sbcv\/wp-json\/wp\/v2\/media?parent=63"}],"curies":[{"name":"wp","href":"https:\/\/api.w.org\/{rel}","templated":true}]}}