{"id":93,"date":"2010-06-22T16:15:38","date_gmt":"2010-06-22T16:15:38","guid":{"rendered":"https:\/\/webs.uab.cat\/sbcv\/tipus-dusuaris\/"},"modified":"2023-06-08T14:39:26","modified_gmt":"2023-06-08T14:39:26","slug":"tipus-dusuaris","status":"publish","type":"page","link":"https:\/\/webs.uab.cat\/sbcv\/tipus-dusuaris\/","title":{"rendered":"Tipus d&#8217;usuaris"},"content":{"rendered":"<p>El Servei de Bioqu\u00edmica Cl\u00ednica Veterin\u00e0ria t\u00e9 els seg\u00fcents tipus d&#8217;usuaris:<\/p>\n<p><strong>a) Clients interns de la Universitat Aut\u00f2noma de Barcelona (UAB):<\/strong><\/p>\n<p>&#8211; Hospital Cl\u00ednic Veterinari (HCV)<\/p>\n<p>&#8211; Departaments de la UAB<\/p>\n<p><strong>b) Clients externs:<\/strong><\/p>\n<p>&#8211; Laboratoris farmac\u00e8utics<\/p>\n<p>&#8211; Centres de recerca<\/p>\n<p>&#8211; Departaments d\u2019altres Universitats<\/p>\n<p>&#8211; Veterinaris de fora de la UAB<\/p>\n<p>&#8211; Altres empreses privades relacionades amb l\u2019\u00e0mbit de la veterin\u00e0ria<\/p>\n<p><strong>c) Clients amb tarifa mixta:<\/strong><\/p>\n<p>&#8211; Institucions o Centres amb acords amb la UAB<\/p>\n<p>(consulteu al SBCV <a href=\"mailto:s.bioquimica.clinica@uab.cat\">s.bioquimica.clinica@uab.cat<\/a>)<\/p>\n","protected":false},"excerpt":{"rendered":"<p>El Servei de Bioqu\u00edmica Cl\u00ednica Veterin\u00e0ria t\u00e9 els seg\u00fcents tipus d&#8217;usuaris: a) Clients interns de la Universitat Aut\u00f2noma de Barcelona (UAB): &#8211; Hospital Cl\u00ednic Veterinari (HCV) &#8211; Departaments de la UAB b) Clients externs: &#8211; Laboratoris farmac\u00e8utics &#8211; Centres de recerca &#8211; Departaments d\u2019altres Universitats &#8211; Veterinaris de fora de la UAB &#8211; Altres empreses [&hellip;]<\/p>\n","protected":false},"author":20,"featured_media":0,"parent":0,"menu_order":0,"comment_status":"closed","ping_status":"closed","template":"","meta":{"footnotes":""},"class_list":["post-93","page","type-page","status-publish","hentry"],"_links":{"self":[{"href":"https:\/\/webs.uab.cat\/sbcv\/wp-json\/wp\/v2\/pages\/93","targetHints":{"allow":["GET"]}}],"collection":[{"href":"https:\/\/webs.uab.cat\/sbcv\/wp-json\/wp\/v2\/pages"}],"about":[{"href":"https:\/\/webs.uab.cat\/sbcv\/wp-json\/wp\/v2\/types\/page"}],"author":[{"embeddable":true,"href":"https:\/\/webs.uab.cat\/sbcv\/wp-json\/wp\/v2\/users\/20"}],"replies":[{"embeddable":true,"href":"https:\/\/webs.uab.cat\/sbcv\/wp-json\/wp\/v2\/comments?post=93"}],"version-history":[{"count":2,"href":"https:\/\/webs.uab.cat\/sbcv\/wp-json\/wp\/v2\/pages\/93\/revisions"}],"predecessor-version":[{"id":733,"href":"https:\/\/webs.uab.cat\/sbcv\/wp-json\/wp\/v2\/pages\/93\/revisions\/733"}],"wp:attachment":[{"href":"https:\/\/webs.uab.cat\/sbcv\/wp-json\/wp\/v2\/media?parent=93"}],"curies":[{"name":"wp","href":"https:\/\/api.w.org\/{rel}","templated":true}]}}