{"id":162,"date":"2010-06-22T17:02:10","date_gmt":"2010-06-22T15:02:10","guid":{"rendered":"https:\/\/webs.uab.cat\/sced\/inici-2\/"},"modified":"2014-02-25T10:33:51","modified_gmt":"2014-02-25T08:33:51","slug":"inici-2","status":"publish","type":"page","link":"https:\/\/webs.uab.cat\/sced\/it\/","title":{"rendered":"Inizio"},"content":{"rendered":"<p align=\"justify\">La <strong>Societ\u00e0 Catalana di Studi Danteschi (SCED)<\/strong> \u00e8 un\u2019associazione &nbsp;nata nel 2000 e che \u00e8 stata recentemente iscritta nell\u2019albo ufficiale delle associazioni con il nome di Associaci\u00f3 Catalana d&#8217;Estudis Dantescos.<\/p>\n<p align=\"justify\">La Societ\u00e0 catalana di studi danteschi \u00e8 un\u2019istituzione \u00e8 vincolata alle universit\u00e0 catalane e specialmente all&#8217;<a href=\"http:\/\/centresderecerca.uab.cat\/iem\/\">Institut d&#8217;Estudis Medievals<\/a> dell\u2019 Universitat Aut\u00f2noma di Barcellona.<\/p>\n<p align=\"justify\">L\u2019impegno principale della SCED \u00e8 quello della ricerca, promozione, sviluppo e didattica degli studi danteschi, con l\u2019obiettivo di diventare un polo importante di ricerca internazionale.<\/p>\n<p align=\"justify\">&nbsp;<\/p>\n<p align=\"justify\">&nbsp;<\/p>\n<p align=\"justify\">&nbsp;<\/p>\n<p align=\"justify\"><span class=\"inline inline-left\"><a href=\"http:\/\/revistes.uab.cat\/dea\/index.\" target=\"_blank\" title=\"Dante e l'Arte\" rel=\"noopener\"><img loading=\"lazy\" decoding=\"async\" class=\"image image-_original \" style=\"float: left; border: 1px solid black; margin-left: 5px; margin-right: 5px;\" title=\"\" src=\"http:\/\/centresderecerca.uab.cat\/sced\/sites\/centresderecerca.uab.cat.sced\/files\/images\/cap\u00e7aleraRevista4.png\" alt=\"\" width=\"275\" height=\"40\"><\/a><\/span><a href=\"http:\/\/revistes.uab.cat\/dea\/index.\" target=\"_blank\" title=\"Dante e l'Arte\" rel=\"noopener\"><em>Dante e l&#8217;Arte<\/em><\/a>,&nbsp;rivista propria della SCED<\/p>\n","protected":false},"excerpt":{"rendered":"<p>La Societ\u00e0 Catalana di Studi Danteschi (SCED) \u00e8 un\u2019associazione &nbsp;nata nel 2000 e che \u00e8 stata recentemente iscritta nell\u2019albo ufficiale delle associazioni con il nome di Associaci\u00f3 Catalana d&#8217;Estudis Dantescos. La Societ\u00e0 catalana di studi danteschi \u00e8 un\u2019istituzione \u00e8 vincolata alle universit\u00e0 catalane e specialmente all&#8217;Institut d&#8217;Estudis Medievals dell\u2019 Universitat Aut\u00f2noma di Barcellona. L\u2019impegno principale [&hellip;]<\/p>\n","protected":false},"author":20,"featured_media":0,"parent":0,"menu_order":0,"comment_status":"closed","ping_status":"closed","template":"","meta":{"footnotes":""},"class_list":["post-162","page","type-page","status-publish","hentry"],"_links":{"self":[{"href":"https:\/\/webs.uab.cat\/sced\/it\/wp-json\/wp\/v2\/pages\/162","targetHints":{"allow":["GET"]}}],"collection":[{"href":"https:\/\/webs.uab.cat\/sced\/it\/wp-json\/wp\/v2\/pages"}],"about":[{"href":"https:\/\/webs.uab.cat\/sced\/it\/wp-json\/wp\/v2\/types\/page"}],"author":[{"embeddable":true,"href":"https:\/\/webs.uab.cat\/sced\/it\/wp-json\/wp\/v2\/users\/20"}],"replies":[{"embeddable":true,"href":"https:\/\/webs.uab.cat\/sced\/it\/wp-json\/wp\/v2\/comments?post=162"}],"version-history":[{"count":0,"href":"https:\/\/webs.uab.cat\/sced\/it\/wp-json\/wp\/v2\/pages\/162\/revisions"}],"wp:attachment":[{"href":"https:\/\/webs.uab.cat\/sced\/it\/wp-json\/wp\/v2\/media?parent=162"}],"curies":[{"name":"wp","href":"https:\/\/api.w.org\/{rel}","templated":true}]}}