{"id":167,"date":"2013-06-25T13:11:21","date_gmt":"2013-06-25T11:11:21","guid":{"rendered":"https:\/\/webs.uab.cat\/sced\/traduzioni\/"},"modified":"2014-04-20T14:37:33","modified_gmt":"2014-04-20T12:37:33","slug":"traduzioni","status":"publish","type":"page","link":"https:\/\/webs.uab.cat\/sced\/it\/traduzioni\/","title":{"rendered":"Traduzioni"},"content":{"rendered":"<ul>\n<li>\n<p><a href=\"http:\/\/centresderecerca.uab.cat\/sced\/content\/catal%C3%A0\" title=\"Catal\u00e0\"><strong>CATAL\u00c0<\/strong><\/a><\/p>\n<\/li>\n<li>\n<p><a href=\"http:\/\/centresderecerca.uab.cat\/sced\/content\/castell%C3%A0\" title=\"Castell\u00e0\"><strong>CASTELL\u00c0<\/strong><\/a><\/p>\n<\/li>\n<li>\n<p><strong><a href=\"http:\/\/centresderecerca.uab.cat\/sced\/content\/gallec\" title=\"Gallec\"><strong>GALLEC<\/strong><\/a><\/strong><\/p>\n<\/li>\n<li>\n<p><strong><strong><a href=\"http:\/\/centresderecerca.uab.cat\/sced\/content\/portugu%C3%A8s\" title=\"Portugu\u00e8s\"><strong>PORTUGU\u00c8S<\/strong><\/a><strong><br \/><\/strong><\/strong><\/strong><\/p>\n<p><strong><strong><strong><br \/><\/strong><\/strong><\/strong><\/p>\n<p><strong><strong><strong>&#8211; Dante in&nbsp;<a href=\"http:\/\/www.dominiopublico.gov.br\/pesquisa\/PesquisaObraForm.do?select_action=&amp;co_autor=30\" target=\"_blank\" title=\"Dante a Dominio p\u00fablico\" rel=\"noopener\">Dominio p\u00fablico, testi a libero accesso<\/a><a href=\"http:\/\/www.dominiopublico.gov.br\/pesquisa\/PesquisaObraForm.do?select_action=&amp;co_autor=30\" target=\"_blank\" title=\"Dante a Dominio p\u00fablico\" rel=\"noopener\"><\/a><\/strong><\/strong><\/strong><\/p>\n<\/li>\n<\/ul>\n","protected":false},"excerpt":{"rendered":"<p>CATAL\u00c0 CASTELL\u00c0 GALLEC PORTUGU\u00c8S &#8211; Dante in&nbsp;Dominio p\u00fablico, testi a libero accesso<\/p>\n","protected":false},"author":20,"featured_media":0,"parent":0,"menu_order":0,"comment_status":"closed","ping_status":"closed","template":"","meta":{"footnotes":""},"class_list":["post-167","page","type-page","status-publish","hentry"],"_links":{"self":[{"href":"https:\/\/webs.uab.cat\/sced\/it\/wp-json\/wp\/v2\/pages\/167","targetHints":{"allow":["GET"]}}],"collection":[{"href":"https:\/\/webs.uab.cat\/sced\/it\/wp-json\/wp\/v2\/pages"}],"about":[{"href":"https:\/\/webs.uab.cat\/sced\/it\/wp-json\/wp\/v2\/types\/page"}],"author":[{"embeddable":true,"href":"https:\/\/webs.uab.cat\/sced\/it\/wp-json\/wp\/v2\/users\/20"}],"replies":[{"embeddable":true,"href":"https:\/\/webs.uab.cat\/sced\/it\/wp-json\/wp\/v2\/comments?post=167"}],"version-history":[{"count":0,"href":"https:\/\/webs.uab.cat\/sced\/it\/wp-json\/wp\/v2\/pages\/167\/revisions"}],"wp:attachment":[{"href":"https:\/\/webs.uab.cat\/sced\/it\/wp-json\/wp\/v2\/media?parent=167"}],"curies":[{"name":"wp","href":"https:\/\/api.w.org\/{rel}","templated":true}]}}