{"id":103,"date":"2013-06-25T13:11:51","date_gmt":"2013-06-25T11:11:51","guid":{"rendered":"https:\/\/webs.uab.cat\/sced\/collaboradors\/"},"modified":"2022-11-16T22:37:37","modified_gmt":"2022-11-16T20:37:37","slug":"collaboradors","status":"publish","type":"page","link":"https:\/\/webs.uab.cat\/sced\/collaboradors\/","title":{"rendered":"Col\u00b7laboradors"},"content":{"rendered":"\n<div class=\"wp-block-columns is-layout-flex wp-container-core-columns-is-layout-9d6595d7 wp-block-columns-is-layout-flex\">\n<div class=\"wp-block-column is-layout-flow wp-block-column-is-layout-flow\" style=\"flex-basis:33.33%\">\n<div class=\"wp-block-group\"><div class=\"wp-block-group__inner-container is-layout-flow wp-block-group-is-layout-flow\">\n<figure class=\"wp-block-image size-full is-resized\"><a href=\"https:\/\/centresderecerca.uab.cat\/iem\/\"><img loading=\"lazy\" decoding=\"async\" src=\"https:\/\/webs.uab.cat\/sced\/wp-content\/uploads\/sites\/274\/2013\/06\/iem.gif\" alt=\"iem\" class=\"wp-image-234\" width=\"222\" height=\"79\"\/><\/a><\/figure>\n\n\n\n<p><\/p>\n\n\n\n<figure class=\"wp-block-image size-full is-resized\"><a href=\"https:\/\/webs.uab.cat\/sced\/inscripcio\/\"><img loading=\"lazy\" decoding=\"async\" src=\"https:\/\/webs.uab.cat\/sced\/wp-content\/uploads\/sites\/274\/2013\/09\/inscripcio_1.png\" alt=\"inscripcio_1\" class=\"wp-image-246\" width=\"220\" height=\"79\"\/><\/a><\/figure>\n<\/div><\/div>\n<\/div>\n\n\n\n<div class=\"wp-block-column is-layout-flow wp-block-column-is-layout-flow\" style=\"flex-basis:66.66%\">\n<p><span style=\"font-size: 16px;\"><strong><a title=\"Istituto Italiano di Cultura\" href=\"http:\/\/www.iicbarcellona.esteri.it\/IIC_Barcellona\" target=\"_blank\" rel=\"noopener\">Istituto Italiano di Cultura di Barcellona<\/a><\/strong><\/span><\/p>\n\n\n\n<p>L\u2019Institut Itali\u00e0 de Cultura de Barcelona t\u00e9 per objectiu promoure i difondre la llengua i la cultura italiana a trav\u00e9s de l\u2019organitzaci\u00f3 d\u2019esdeveniments culturals per afavorir la circulaci\u00f3 d\u2019idees, de les arts i les ci\u00e8ncies. D\u2019entre les moltes iniciatives culturals que organitza (trobades amb personalitats de la cultura italiana, seminaris, confer\u00e8ncies, taules rodones, exposicions, concerts, cicles de cinema itali\u00e0, espectacles de teatre, cursos d\u2019itali\u00e0, cursos d\u2019hist\u00f2ria, etc.), t\u00e9 una biblioteca amb m\u00e9s de 19.000 volums, entre llibres, revistes i diaris italians.<\/p>\n\n\n\n<figure class=\"wp-block-image\"><img loading=\"lazy\" decoding=\"async\" width=\"800\" height=\"534\" src=\"https:\/\/webs.uab.cat\/sced\/wp-content\/uploads\/sites\/274\/2013\/06\/143416_f_iic51iiccolorebarcellona1.jpg\" alt=\"\" class=\"wp-image-101\" srcset=\"https:\/\/webs.uab.cat\/sced\/wp-content\/uploads\/sites\/274\/2013\/06\/143416_f_iic51iiccolorebarcellona1.jpg 800w, https:\/\/webs.uab.cat\/sced\/wp-content\/uploads\/sites\/274\/2013\/06\/143416_f_iic51iiccolorebarcellona1-300x200.jpg 300w, https:\/\/webs.uab.cat\/sced\/wp-content\/uploads\/sites\/274\/2013\/06\/143416_f_iic51iiccolorebarcellona1-768x513.jpg 768w\" sizes=\"auto, (max-width: 800px) 100vw, 800px\" \/><\/figure>\n<\/div>\n<\/div>\n\n\n\n<p class=\"has-text-align-center\"><\/p>\n\n\n\n<p>&nbsp;<\/p>\n","protected":false},"excerpt":{"rendered":"<p>Istituto Italiano di Cultura di Barcellona L\u2019Institut Itali\u00e0 de Cultura de Barcelona t\u00e9 per objectiu promoure i difondre la llengua i la cultura italiana a trav\u00e9s de l\u2019organitzaci\u00f3 d\u2019esdeveniments culturals per afavorir la circulaci\u00f3 d\u2019idees, de les arts i les ci\u00e8ncies. D\u2019entre les moltes iniciatives culturals que organitza (trobades amb personalitats de la cultura italiana, [&hellip;]<\/p>\n","protected":false},"author":20,"featured_media":0,"parent":0,"menu_order":0,"comment_status":"closed","ping_status":"closed","template":"","meta":{"footnotes":""},"class_list":["post-103","page","type-page","status-publish","hentry"],"_links":{"self":[{"href":"https:\/\/webs.uab.cat\/sced\/wp-json\/wp\/v2\/pages\/103","targetHints":{"allow":["GET"]}}],"collection":[{"href":"https:\/\/webs.uab.cat\/sced\/wp-json\/wp\/v2\/pages"}],"about":[{"href":"https:\/\/webs.uab.cat\/sced\/wp-json\/wp\/v2\/types\/page"}],"author":[{"embeddable":true,"href":"https:\/\/webs.uab.cat\/sced\/wp-json\/wp\/v2\/users\/20"}],"replies":[{"embeddable":true,"href":"https:\/\/webs.uab.cat\/sced\/wp-json\/wp\/v2\/comments?post=103"}],"version-history":[{"count":1,"href":"https:\/\/webs.uab.cat\/sced\/wp-json\/wp\/v2\/pages\/103\/revisions"}],"predecessor-version":[{"id":335,"href":"https:\/\/webs.uab.cat\/sced\/wp-json\/wp\/v2\/pages\/103\/revisions\/335"}],"wp:attachment":[{"href":"https:\/\/webs.uab.cat\/sced\/wp-json\/wp\/v2\/media?parent=103"}],"curies":[{"name":"wp","href":"https:\/\/api.w.org\/{rel}","templated":true}]}}