{"id":108,"date":"2013-06-25T13:38:06","date_gmt":"2013-06-25T11:38:06","guid":{"rendered":"https:\/\/webs.uab.cat\/sced\/conferencies\/"},"modified":"2022-11-17T08:33:07","modified_gmt":"2022-11-17T06:33:07","slug":"conferencies","status":"publish","type":"page","link":"https:\/\/webs.uab.cat\/sced\/conferencies\/","title":{"rendered":"Confer\u00e8ncies"},"content":{"rendered":"\n<p>&#8211;&nbsp;Jos\u00e9 Mar\u00eda Mic\u00f3, &#8220;El \u00abPurgatorio\u00bb y el \u00abPara\u00edso\u00bb de Dante&#8221;, Madrid, Fundaci\u00f3n March, 17&nbsp;d&#8217;octubre de 2019.&nbsp;Vegeu la confer\u00e8ncia en <a href=\"https:\/\/www.youtube.com\/watch?v=1hELODimjDg\">aquest enlla\u00e7<\/a>.<\/p>\n\n\n\n<p>&#8211; Jos\u00e9 Mar\u00eda Mic\u00f3, &#8220;El \u00abInfiero\u00bb de Dante&#8221;, Madrid, Fundaci\u00f3n March, 15&nbsp;d&#8217;octubre de 2019.&nbsp;Vegeu la confer\u00e8ncia en <a href=\"https:\/\/www.youtube.com\/watch?v=kzD9NyWninI\">aquest enlla\u00e7<\/a>.<\/p>\n\n\n\n<p>&#8211; Jos\u00e9 Mar\u00eda Mic\u00f3, &#8220;Dante y su mundo&#8221;, Madrid, Fundaci\u00f3n March, 10 d&#8217;octubre de 2019. Vegeu la confer\u00e8ncia en <a href=\"https:\/\/www.youtube.com\/watch?v=MhMA6TAgEu0\">aquest enlla\u00e7<\/a>.<\/p>\n\n\n\n<p>&#8211; Rossend Arqu\u00e9s, &#8220;Dante y su Tiempo&#8221;, Madrid, Fundaci\u00f3n March, 28 de maig de&nbsp;2013.<\/p>\n\n\n\n<p>&#8211; Rossend Arqu\u00e9s, &#8220;La Comedia de Dante&#8221;, Madrid, Fundaci\u00f3n March, 30 de maig de 2013.<\/p>\n\n\n\n<p>&#8211; Raffaele Pinto, La Comedia, en la pantalla, CaixaForum Girona, 06\/03\/2013<\/p>\n\n\n\n<p>&#8211; <a href=\"https:\/\/webs.uab.cat\/sced\/wp-content\/uploads\/sites\/274\/2017\/01\/Dante-i-lArt-Cartell.jpg\" data-type=\"attachment\" data-id=\"109\" target=\"_blank\" rel=\"noreferrer noopener\">Cicle &#8220;Dante i l&#8217;art&#8221;<\/a>, organitzat per Rossend Arqu\u00e9s i Miquel Bofill, Torroella de Montgr\u00ed, maig-juny 2012:<\/p>\n\n\n\n<figure class=\"wp-block-table\"><table><tbody><tr><td>\n<ul>\n<li class=\"rtejustify\">19 de maig, &#8220;Dante icona de l&#8217;art mundial. La recepci\u00f3 art\u00edstica internacional de la Com\u00e8dia: abast i m\u00e8tode&#8221;, Confer\u00e8ncia introduct\u00f2ria, per Rossend Arqu\u00e9s (Prof. Filologia italiana UAB-IEM-SCED), Museu de la Mediterr\u00e0nia.<\/li>\n<\/ul>\n<\/td><\/tr><tr><td>\n<ul>\n<li class=\"rtejustify\">26 demaig, &#8220;Salvador Dal\u00ed i Dante&#8221;, per Rossend Arqu\u00e9s i Raffaele Pinto (Prof. Filologia italiana UB-SCED), Fundaci\u00f3 Vila Casas-Palau Solterra.<\/li>\n<\/ul>\n<\/td><\/tr><tr><td>\n<ul>\n<li class=\"rtejustify\">2 de juny, &#8220;Miquel Barcel\u00f3 i Dante&#8221;, per Joan Tarrida (Director de Galaxia Gutenberg) i Eduard Vilella (Prof. FIlologia italiana UAB-IEM) &#8211; Fundaci\u00f3 Mascort SCED).<\/li>\n<\/ul>\n<\/td><\/tr><tr><td>\n<ul>\n<li class=\"rtejustify\">9 de juny, &#8220;Pintura i poesia a la Divina Com\u00e8dia. El cant XXVI del Purgatori&#8221;, per Narc\u00eds Comadira (Poeta i pintor), Museu de la Mediterr\u00e0nia.<\/li>\n<\/ul>\n<\/td><\/tr><\/tbody><\/table><\/figure>\n\n\n\n<p>&#8211; Rossend Arqu\u00e9s, \u201cThe Modern Poetics and Poetry: Dante and Octavio Paz\u201d, <a title=\"Octavio Paz and Dante\" href=\"http:\/\/www.cmrs.ucla.edu\/programs\/conference_dante_in_the_americas_apr2011.html\" target=\"_blank\" rel=\"noopener\">Dante in the Americas<\/a>. A Conference at the University of California Los Angeles,&nbsp;Center for Medieval &amp; Renaissance Studies. April 7-9, 2011.<\/p>\n\n\n\n<p>&#8211; Raffaele Pinto, Nel mezzo del cammin. Entre Dante y Fellini. Proyecci\u00f3n de la pel\u00edcula La dolce vita, CaixaForum, Barcelona, 17\/03\/2010.&nbsp;<\/p>\n","protected":false},"excerpt":{"rendered":"<p>&#8211;&nbsp;Jos\u00e9 Mar\u00eda Mic\u00f3, &#8220;El \u00abPurgatorio\u00bb y el \u00abPara\u00edso\u00bb de Dante&#8221;, Madrid, Fundaci\u00f3n March, 17&nbsp;d&#8217;octubre de 2019.&nbsp;Vegeu la confer\u00e8ncia en aquest enlla\u00e7. &#8211; Jos\u00e9 Mar\u00eda Mic\u00f3, &#8220;El \u00abInfiero\u00bb de Dante&#8221;, Madrid, Fundaci\u00f3n March, 15&nbsp;d&#8217;octubre de 2019.&nbsp;Vegeu la confer\u00e8ncia en aquest enlla\u00e7. &#8211; Jos\u00e9 Mar\u00eda Mic\u00f3, &#8220;Dante y su mundo&#8221;, Madrid, Fundaci\u00f3n March, 10 d&#8217;octubre de 2019. [&hellip;]<\/p>\n","protected":false},"author":20,"featured_media":0,"parent":0,"menu_order":0,"comment_status":"closed","ping_status":"closed","template":"","meta":{"footnotes":""},"class_list":["post-108","page","type-page","status-publish","hentry"],"_links":{"self":[{"href":"https:\/\/webs.uab.cat\/sced\/wp-json\/wp\/v2\/pages\/108","targetHints":{"allow":["GET"]}}],"collection":[{"href":"https:\/\/webs.uab.cat\/sced\/wp-json\/wp\/v2\/pages"}],"about":[{"href":"https:\/\/webs.uab.cat\/sced\/wp-json\/wp\/v2\/types\/page"}],"author":[{"embeddable":true,"href":"https:\/\/webs.uab.cat\/sced\/wp-json\/wp\/v2\/users\/20"}],"replies":[{"embeddable":true,"href":"https:\/\/webs.uab.cat\/sced\/wp-json\/wp\/v2\/comments?post=108"}],"version-history":[{"count":1,"href":"https:\/\/webs.uab.cat\/sced\/wp-json\/wp\/v2\/pages\/108\/revisions"}],"predecessor-version":[{"id":341,"href":"https:\/\/webs.uab.cat\/sced\/wp-json\/wp\/v2\/pages\/108\/revisions\/341"}],"wp:attachment":[{"href":"https:\/\/webs.uab.cat\/sced\/wp-json\/wp\/v2\/media?parent=108"}],"curies":[{"name":"wp","href":"https:\/\/api.w.org\/{rel}","templated":true}]}}