{"id":115,"date":"2013-06-25T13:38:30","date_gmt":"2013-06-25T11:38:30","guid":{"rendered":"https:\/\/webs.uab.cat\/sced\/congressos\/"},"modified":"2022-11-17T08:37:43","modified_gmt":"2022-11-17T06:37:43","slug":"congressos","status":"publish","type":"page","link":"https:\/\/webs.uab.cat\/sced\/congressos\/","title":{"rendered":"Congressos"},"content":{"rendered":"\n<h2 class=\"wp-block-heading\">2021 &#8211; Congr\u00e9s<\/h2>\n\n\n\n<h2 class=\"wp-block-heading\"><strong>2018<\/strong><strong><\/strong><\/h2>\n\n\n\n<p><a href=\"https:\/\/webs.uab.cat\/sced\/wp-content\/uploads\/sites\/274\/2013\/06\/dante_e_botticelli_convegno_internaziona.pdf\">Dante e Botticelli<\/a>: congr\u00e9s internacional a la Universitat de Potsdamdal, del 29 al 31 d&#8217;octubre del&nbsp;2018.<\/p>\n\n\n\n<h2 class=\"wp-block-heading\"><strong>2015<\/strong><strong><\/strong><\/h2>\n\n\n\n<p><a href=\"http:\/\/jornades.uab.cat\/dantevisual\/\" target=\"_blank\" rel=\"noreferrer noopener\">Dante visualizzato<\/a>: col\u00b7loqui internacional a l&#8217;entorn dels manuscrits dantescos amb miniatures del segle&nbsp;XIV, celebrat els dies 20-22 de maig del 2015.<\/p>\n\n\n\n<h2 class=\"wp-block-heading\"><strong>2014<\/strong><strong><\/strong><\/h2>\n\n\n\n<p><a href=\"https:\/\/webs.uab.cat\/sced\/wp-content\/uploads\/sites\/274\/2013\/06\/cino_da_pistoia_per_web.pdf\">Cino da Pistoia nella storia della poesia italian<\/a><a href=\"http:\/\/centresderecerca.uab.cat\/sced\/content\/cino-da-pistoia-la-hist%C3%B2ria-de-la-poesia-italiana\">a<\/a>: col\u00b7loqui internacional a la Universitat Aut\u00f2noma de Barcelona, celebrat els dies 2-3 d&#8217;octubre de 2014.<\/p>\n\n\n\n<h2 class=\"wp-block-heading\"><strong>2013<\/strong><strong><\/strong><\/h2>\n\n\n\n<p><a href=\"http:\/\/centresderecerca.uab.cat\/sced\/content\/giornate-internazionali-francesca-da-rimini\">Burning Desire<\/a>. Giornate Internazionali Francesca da Rimini. Setena edici\u00f3, celebrada a Rimini del&nbsp;20-22 setembre del 2013.<\/p>\n\n\n\n<h2 class=\"wp-block-heading\"><strong>2012<\/strong><strong><\/strong><\/h2>\n\n\n\n<ul class=\"wp-block-list\"><li><strong><a href=\"http:\/\/jornadesdantellull.narpan.net\/index.php?cartell\" target=\"_blank\" rel=\"noreferrer noopener\">Dante \u2013 Llull<\/a><\/strong>. Jornades d&#8217;estudi. Universitat de Barcelona. Barcelona, 21-22 febrer 2012.<\/li><li><strong>Ortodossia ed eterodossia in Dante Alighieri<\/strong>: per una valutazione storica delle origini ideologiche della modernit\u00e0 europea. &nbsp;Convegno internazionale. Facolt\u00e0 di Filologia dell&#8217;Universit\u00e0 Complutense di Madrid. 5, 6 e 7 novembre 2012.<\/li><\/ul>\n\n\n\n<h2 class=\"wp-block-heading\"><strong>2011<\/strong><strong><\/strong><\/h2>\n\n\n\n<p><strong>Dante in America<\/strong>,&nbsp;Los Angeles, 5-8 aprile 2011, organizzato dall&#8217;UCLA,&nbsp;<\/p>\n\n\n\n<h2 class=\"wp-block-heading\"><strong>2010<\/strong><strong><\/strong><\/h2>\n\n\n\n<ul class=\"wp-block-list\"><li><strong>Invidiosi veri:&nbsp;<\/strong>Dante nell\u2019incrocio mediterraneo delle politiche e delle culture.&nbsp;19-20 de maig del 2010, Univesitat de Barcelona, organitzat per l&#8217;Istituto Italiano di Cultura de Barcelona, Universitat de Barcelona, Universitat Aut\u00f2noma de Barcelona, Societat Catalana d&#8217;Estudis Dantescos. Participants: &nbsp;Corrado Calenda (Napoli): &#8220;Dante tra Guinizzelli e Cavalcanti: una sovversione di lungo periodo&#8221;;&nbsp;Raffaele Pinto (Barcelona): &#8220;Il disdegno di Beatrice e l\u2019averroismo di Dante&#8221;;&nbsp;Marco Veglia (Bologna): &#8220;Beatrice e Medusa. &#8220;Dalle &#8216;Petrose&#8217; alla <em>Commedia&#8221;;&nbsp;<\/em>Eduard Vilella (Barcelona): &#8220;La sovversione del canone: il caso di Bertran de Born&#8221;. &nbsp;Publicats a &#8220;<a href=\"http:\/\/dialnet.unirioja.es\/servlet\/listaarticulos?tipoDeBusqueda=ANUALIDAD&amp;revistaDeBusqueda=7682&amp;claveDeBusqueda=2010\" target=\"_blank\" rel=\"noreferrer noopener\">Tenzone<\/a>&#8220;, 11, 2010.<\/li><\/ul>\n\n\n\n<p><strong>Dante e l&#8217;eresia<\/strong>, Bertinoro (Romagna, Italia), 13-15 settembre 2010, organizzato dall&#8217;Universit\u00e0 di Bologna.<\/p>\n","protected":false},"excerpt":{"rendered":"<p>2021 &#8211; Congr\u00e9s 2018 Dante e Botticelli: congr\u00e9s internacional a la Universitat de Potsdamdal, del 29 al 31 d&#8217;octubre del&nbsp;2018. 2015 Dante visualizzato: col\u00b7loqui internacional a l&#8217;entorn dels manuscrits dantescos amb miniatures del segle&nbsp;XIV, celebrat els dies 20-22 de maig del 2015. 2014 Cino da Pistoia nella storia della poesia italiana: col\u00b7loqui internacional a la [&hellip;]<\/p>\n","protected":false},"author":20,"featured_media":0,"parent":0,"menu_order":0,"comment_status":"closed","ping_status":"closed","template":"","meta":{"footnotes":""},"class_list":["post-115","page","type-page","status-publish","hentry"],"_links":{"self":[{"href":"https:\/\/webs.uab.cat\/sced\/wp-json\/wp\/v2\/pages\/115","targetHints":{"allow":["GET"]}}],"collection":[{"href":"https:\/\/webs.uab.cat\/sced\/wp-json\/wp\/v2\/pages"}],"about":[{"href":"https:\/\/webs.uab.cat\/sced\/wp-json\/wp\/v2\/types\/page"}],"author":[{"embeddable":true,"href":"https:\/\/webs.uab.cat\/sced\/wp-json\/wp\/v2\/users\/20"}],"replies":[{"embeddable":true,"href":"https:\/\/webs.uab.cat\/sced\/wp-json\/wp\/v2\/comments?post=115"}],"version-history":[{"count":2,"href":"https:\/\/webs.uab.cat\/sced\/wp-json\/wp\/v2\/pages\/115\/revisions"}],"predecessor-version":[{"id":345,"href":"https:\/\/webs.uab.cat\/sced\/wp-json\/wp\/v2\/pages\/115\/revisions\/345"}],"wp:attachment":[{"href":"https:\/\/webs.uab.cat\/sced\/wp-json\/wp\/v2\/media?parent=115"}],"curies":[{"name":"wp","href":"https:\/\/api.w.org\/{rel}","templated":true}]}}