{"id":119,"date":"2013-07-18T12:02:48","date_gmt":"2013-07-18T10:02:48","guid":{"rendered":"https:\/\/webs.uab.cat\/sced\/rossend-arques-corominas\/"},"modified":"2013-07-18T12:02:48","modified_gmt":"2013-07-18T10:02:48","slug":"rossend-arques-corominas","status":"publish","type":"page","link":"https:\/\/webs.uab.cat\/sced\/rossend-arques-corominas\/","title":{"rendered":"Fitxa del membre"},"content":{"rendered":"<p class=\"rtejustify\"><strong>Nom i cognoms:&nbsp;<\/strong>Rossend Arqu\u00e9s Corominas<\/p>\n<p class=\"rtejustify\"><strong>Instituci\u00f3 \/ entitat \/ professi\u00f3:&nbsp;<\/strong>Professor titular de Filologia Italiana del Departament de Filologia Francesa i Rom\u00e0nica de la Universitat Aut\u00f2noma de Barcelona.<\/p>\n<p class=\"rtejustify\"><strong>Correu electr\u00f2nic:<\/strong>&nbsp; rossend.arques@uab.cat<\/p>\n<p class=\"rtejustify\"><strong>P\u00e0gina web:&nbsp;<\/strong>https:\/\/centresderecerca.uab.cat\/iem\/content\/rossend-arqu%C3%A9s-corominas-0<\/p>\n","protected":false},"excerpt":{"rendered":"<p>Nom i cognoms:&nbsp;Rossend Arqu\u00e9s Corominas Instituci\u00f3 \/ entitat \/ professi\u00f3:&nbsp;Professor titular de Filologia Italiana del Departament de Filologia Francesa i Rom\u00e0nica de la Universitat Aut\u00f2noma de Barcelona. Correu electr\u00f2nic:&nbsp; rossend.arques@uab.cat P\u00e0gina web:&nbsp;https:\/\/centresderecerca.uab.cat\/iem\/content\/rossend-arqu%C3%A9s-corominas-0<\/p>\n","protected":false},"author":20,"featured_media":0,"parent":0,"menu_order":0,"comment_status":"closed","ping_status":"closed","template":"","meta":{"footnotes":""},"class_list":["post-119","page","type-page","status-publish","hentry"],"_links":{"self":[{"href":"https:\/\/webs.uab.cat\/sced\/wp-json\/wp\/v2\/pages\/119","targetHints":{"allow":["GET"]}}],"collection":[{"href":"https:\/\/webs.uab.cat\/sced\/wp-json\/wp\/v2\/pages"}],"about":[{"href":"https:\/\/webs.uab.cat\/sced\/wp-json\/wp\/v2\/types\/page"}],"author":[{"embeddable":true,"href":"https:\/\/webs.uab.cat\/sced\/wp-json\/wp\/v2\/users\/20"}],"replies":[{"embeddable":true,"href":"https:\/\/webs.uab.cat\/sced\/wp-json\/wp\/v2\/comments?post=119"}],"version-history":[{"count":0,"href":"https:\/\/webs.uab.cat\/sced\/wp-json\/wp\/v2\/pages\/119\/revisions"}],"wp:attachment":[{"href":"https:\/\/webs.uab.cat\/sced\/wp-json\/wp\/v2\/media?parent=119"}],"curies":[{"name":"wp","href":"https:\/\/api.w.org\/{rel}","templated":true}]}}