{"id":126,"date":"2013-07-18T12:16:50","date_gmt":"2013-07-18T10:16:50","guid":{"rendered":"https:\/\/webs.uab.cat\/sced\/eduard-vilella\/"},"modified":"2013-07-18T12:16:50","modified_gmt":"2013-07-18T10:16:50","slug":"eduard-vilella","status":"publish","type":"page","link":"https:\/\/webs.uab.cat\/sced\/eduard-vilella\/","title":{"rendered":"Fitxa del membre"},"content":{"rendered":"<p><strong>Nom i cognoms:&nbsp;<\/strong>Eduard Vilella<\/p>\n<p><strong>Instituci\u00f3 \/ entitat \/ professi\u00f3:&nbsp;<\/strong>Professor de Filologia Italiana a la Universitat Aut\u00f2noma de Barcelona.<\/p>\n<p><strong>Correu electr\u00f2nic:<\/strong>&nbsp;eduard.vilella@uab.cat<\/p>\n<p><strong>P\u00e0gina web:&nbsp;<\/strong>https:\/\/www.uab.cat\/web\/el-departament\/professorat\/directori-docent\/tot-el-professorat-1345692100756.html?param1=null&amp;param2=1345682283579<\/p>\n","protected":false},"excerpt":{"rendered":"<p>Nom i cognoms:&nbsp;Eduard Vilella Instituci\u00f3 \/ entitat \/ professi\u00f3:&nbsp;Professor de Filologia Italiana a la Universitat Aut\u00f2noma de Barcelona. Correu electr\u00f2nic:&nbsp;eduard.vilella@uab.cat P\u00e0gina web:&nbsp;https:\/\/www.uab.cat\/web\/el-departament\/professorat\/directori-docent\/tot-el-professorat-1345692100756.html?param1=null&amp;param2=1345682283579<\/p>\n","protected":false},"author":20,"featured_media":0,"parent":0,"menu_order":0,"comment_status":"closed","ping_status":"closed","template":"","meta":{"footnotes":""},"class_list":["post-126","page","type-page","status-publish","hentry"],"_links":{"self":[{"href":"https:\/\/webs.uab.cat\/sced\/wp-json\/wp\/v2\/pages\/126","targetHints":{"allow":["GET"]}}],"collection":[{"href":"https:\/\/webs.uab.cat\/sced\/wp-json\/wp\/v2\/pages"}],"about":[{"href":"https:\/\/webs.uab.cat\/sced\/wp-json\/wp\/v2\/types\/page"}],"author":[{"embeddable":true,"href":"https:\/\/webs.uab.cat\/sced\/wp-json\/wp\/v2\/users\/20"}],"replies":[{"embeddable":true,"href":"https:\/\/webs.uab.cat\/sced\/wp-json\/wp\/v2\/comments?post=126"}],"version-history":[{"count":0,"href":"https:\/\/webs.uab.cat\/sced\/wp-json\/wp\/v2\/pages\/126\/revisions"}],"wp:attachment":[{"href":"https:\/\/webs.uab.cat\/sced\/wp-json\/wp\/v2\/media?parent=126"}],"curies":[{"name":"wp","href":"https:\/\/api.w.org\/{rel}","templated":true}]}}