{"id":140,"date":"2013-10-10T12:05:26","date_gmt":"2013-10-10T10:05:26","guid":{"rendered":"https:\/\/webs.uab.cat\/sced\/gallec\/"},"modified":"2013-10-10T12:05:26","modified_gmt":"2013-10-10T10:05:26","slug":"gallec","status":"publish","type":"page","link":"https:\/\/webs.uab.cat\/sced\/gallec\/","title":{"rendered":"GALLEC"},"content":{"rendered":"<p><span style=\"font-size:16px;\"><strong>Traduccions de la <em>Divina com\u00e8dia<\/em>:<\/strong><\/span><\/p>\n<ul>\n<li><span style=\"font-size:14px;\"><em>A Divina comedia<\/em>, tradu\u00efda per Dar\u00edo Xoh\u00e1n Cabana. La Corunya: Xunta de Galicia, 1990. L&#8217;any 2015 es va tornar a publicar la traducci\u00f3 despr\u00e9s que el traductor en fes una profunda revisi\u00f3.<\/span><\/li>\n<\/ul>\n<p><span style=\"font-size:16px;\"><strong>Traduccions de la&nbsp;<em>Vida nova:<\/em><\/strong><\/span><\/p>\n<ul>\n<li><span style=\"font-size:14px;\"><em>Vida nova,<\/em>&nbsp;traducci\u00f3 de&nbsp;Dar\u00edo&nbsp;Xoh\u00e1n Cabana.&nbsp;La Coru\u00f1a:&nbsp;Espiral Mayor, 1994.<\/span><\/li>\n<\/ul>\n","protected":false},"excerpt":{"rendered":"<p>Traduccions de la Divina com\u00e8dia: A Divina comedia, tradu\u00efda per Dar\u00edo Xoh\u00e1n Cabana. La Corunya: Xunta de Galicia, 1990. L&#8217;any 2015 es va tornar a publicar la traducci\u00f3 despr\u00e9s que el traductor en fes una profunda revisi\u00f3. Traduccions de la&nbsp;Vida nova: Vida nova,&nbsp;traducci\u00f3 de&nbsp;Dar\u00edo&nbsp;Xoh\u00e1n Cabana.&nbsp;La Coru\u00f1a:&nbsp;Espiral Mayor, 1994.<\/p>\n","protected":false},"author":20,"featured_media":0,"parent":0,"menu_order":0,"comment_status":"closed","ping_status":"closed","template":"","meta":{"footnotes":""},"class_list":["post-140","page","type-page","status-publish","hentry"],"_links":{"self":[{"href":"https:\/\/webs.uab.cat\/sced\/wp-json\/wp\/v2\/pages\/140","targetHints":{"allow":["GET"]}}],"collection":[{"href":"https:\/\/webs.uab.cat\/sced\/wp-json\/wp\/v2\/pages"}],"about":[{"href":"https:\/\/webs.uab.cat\/sced\/wp-json\/wp\/v2\/types\/page"}],"author":[{"embeddable":true,"href":"https:\/\/webs.uab.cat\/sced\/wp-json\/wp\/v2\/users\/20"}],"replies":[{"embeddable":true,"href":"https:\/\/webs.uab.cat\/sced\/wp-json\/wp\/v2\/comments?post=140"}],"version-history":[{"count":0,"href":"https:\/\/webs.uab.cat\/sced\/wp-json\/wp\/v2\/pages\/140\/revisions"}],"wp:attachment":[{"href":"https:\/\/webs.uab.cat\/sced\/wp-json\/wp\/v2\/media?parent=140"}],"curies":[{"name":"wp","href":"https:\/\/api.w.org\/{rel}","templated":true}]}}