{"id":193,"date":"2020-11-18T12:32:36","date_gmt":"2020-11-18T10:32:36","guid":{"rendered":"https:\/\/webs.uab.cat\/sced\/lectura-a-la-llibreria-laie\/"},"modified":"2020-11-18T12:32:36","modified_gmt":"2020-11-18T10:32:36","slug":"lectura-a-la-llibreria-laie","status":"publish","type":"page","link":"https:\/\/webs.uab.cat\/sced\/lectura-a-la-llibreria-laie\/","title":{"rendered":"Lectura a la llibreria Laie"},"content":{"rendered":"<p class=\"rtejustify\"><span style=\"font-size:14px;\"><span style=\"font-family:arial,helvetica,sans-serif;\">El curs vol aprofundir en la&nbsp;<em>Divina Com\u00e8dia<\/em>&nbsp;de&nbsp;Dante&nbsp;(1265-1321) a partir de la lectura detallada de la&nbsp;<em>Divina com\u00e8dia<\/em>&nbsp;amb els ulls d&#8217;un lector actual. Es proposa com a una orientaci\u00f3 en l\u2019an\u00e0lisi de l\u2019estructura, els llocs, els personatges i les q\u00fcestions filos\u00f2fiques, religioses i liter\u00e0ries m\u00e9s significatives, i comentar alguns dels passatges que permetin penetrar en les diverses problem\u00e0tiques d\u2019aquest ins\u00f2lit viatge passant per l\u2019Infern, el lloc que el poeta rus Mandelstam anomenava la \u201cciutat del desterrament\u201d;&nbsp;el Purgatori, la ciutat de l&#8217;esperan\u00e7a, i, finalment, el Parad\u00eds, el lloc d&#8217;amor per excel\u00b7l\u00e8ncia.<\/span><\/span><\/p>\n<p class=\"rtejustify\"><span style=\"font-size:14px;\"><span style=\"font-family:arial,helvetica,sans-serif;\">\u00c9s un curs coordinat per&nbsp;Rossend Arqu\u00e9s, president de la Societat Catalana d\u2019Estudis Dantescos (SCED). Les sessions van a c\u00e0rrec de&nbsp;Rossend Arqu\u00e9s&nbsp;(UAB),&nbsp;Narc\u00eds Comadira&nbsp;(poeta i pintor),&nbsp;Jos\u00e9 M. Mic\u00f3&nbsp;(UPF) i&nbsp;Eduard Vilella&nbsp;(UAB). El curs es fa els dimecres de 19.30-21.00 h, a la llibreria Laie Pau Claris (sala Picasso).<\/span><\/span><\/p>\n<h1 class=\"rtejustify\"><span style=\"font-size:16px;\"><span style=\"font-family:arial,helvetica,sans-serif;\"><strong><u><a href=\"https:\/\/www.laie.es\/agenda\/unes-hores-a-linfern-lectura-del-primer-cantic-de-la-divina-comedia-de-dante\/10\">Lectura<\/a><\/u> de l&#8217;<em>Infern<\/em><\/strong><\/span><\/span><\/h1>\n<ul>\n<li class=\"rtejustify\">\n<p><span style=\"font-size:14px;\"><span style=\"font-family:arial,helvetica,sans-serif;\">7 de febrer de 2018, cants 1-3 per Eduard Vilella<\/span><\/span><\/p>\n<\/li>\n<li class=\"rtejustify\">\n<p><span style=\"font-size:14px;\"><span style=\"font-family:arial,helvetica,sans-serif;\">7 de mar\u00e7 de 2018, cants 4-7 per Jos\u00e9 M. Mic\u00f3<\/span><\/span><\/p>\n<\/li>\n<li class=\"rtejustify\">\n<p><span style=\"font-size:14px;\"><span style=\"font-family:arial,helvetica,sans-serif;\">4 d&#8217;abril de 2018, cants 8-11 per Rossend Arqu\u00e9s<\/span><\/span><\/p>\n<\/li>\n<li class=\"rtejustify\">\n<p><span style=\"font-size:14px;\"><span style=\"font-family:arial,helvetica,sans-serif;\">2 de maig de 2018, cants 12-14 per Eduard Vilella<\/span><\/span><\/p>\n<\/li>\n<li class=\"rtejustify\">\n<p><span style=\"font-size:14px;\"><span style=\"font-family:arial,helvetica,sans-serif;\">6 de juny de 2018, cants 15-17 per Rossend Arqu\u00e9s<\/span><\/span><\/p>\n<\/li>\n<li class=\"rtejustify\">\n<p><span style=\"font-size:14px;\"><span style=\"font-family:arial,helvetica,sans-serif;\">19 de setembre de 2018, cants 18-20 per Jos\u00e9 M. Mic\u00f3<\/span><\/span><\/p>\n<\/li>\n<li class=\"rtejustify\">\n<p><span style=\"font-size:14px;\"><span style=\"font-family:arial,helvetica,sans-serif;\">17 d&#8217;octubre de 2018, cants 21-23 per Eduard Vilella<\/span><\/span><\/p>\n<\/li>\n<li class=\"rtejustify\">\n<p><span style=\"font-size:14px;\"><span style=\"font-family:arial,helvetica,sans-serif;\">7 de novembre de 2018, cants 24-27 per Rossend Arqu\u00e9s<\/span><\/span><\/p>\n<\/li>\n<li class=\"rtejustify\">\n<p><span style=\"font-size:14px;\"><span style=\"font-family:arial,helvetica,sans-serif;\">28 de novembre de 2018, cants 28-30 per Jos\u00e9 M. Mic\u00f3<\/span><\/span><\/p>\n<\/li>\n<li class=\"rtejustify\">\n<p><span style=\"font-size:14px;\"><span style=\"font-family:arial,helvetica,sans-serif;\">12 de desembre de 2018, cants 31-34 per Rossend Arqu\u00e9s<\/span><\/span><\/p>\n<\/li>\n<\/ul>\n<h1 class=\"rtejustify\"><span style=\"font-size:16px;\"><span style=\"font-family:arial,helvetica,sans-serif;\"><strong><u><a href=\"https:\/\/www.laie.es\/agenda\/els-estels-de-lesperanca-el-purgatori-lectura-comentada-del-segon-cantic-de-la-comedia-de-dante\/126\">Lectura<\/a><\/u> del <em>Purgatori<\/em><\/strong><\/span><\/span><\/h1>\n<ul>\n<li class=\"rtejustify\">\n<p><span style=\"font-size:14px;\"><span style=\"font-family:arial,helvetica,sans-serif;\">6 de febrer de 2019, cants 1-4 per Rossend Arqu\u00e9s<\/span><\/span><\/p>\n<\/li>\n<li class=\"rtejustify\">\n<p><span style=\"font-size:14px;\"><span style=\"font-family:arial,helvetica,sans-serif;\">6 de mar\u00e7 de 2019, cants 5-8 per Jos\u00e9 M. Mic\u00f3<\/span><\/span><\/p>\n<\/li>\n<li class=\"rtejustify\">\n<p><span style=\"font-size:14px;\"><span style=\"font-family:arial,helvetica,sans-serif;\">3 d\u2019abril de 2019, cants 9- 12 per Eduard Vilella<\/span><\/span><\/p>\n<\/li>\n<li class=\"rtejustify\">\n<p><span style=\"font-size:14px;\"><span style=\"font-family:arial,helvetica,sans-serif;\">15 de maig de 2019, cants 13-15 per Jos\u00e9 M. Mic\u00f3<\/span><\/span><\/p>\n<\/li>\n<li class=\"rtejustify\">\n<p><span style=\"font-size:14px;\"><span style=\"font-family:arial,helvetica,sans-serif;\">5 de juny de 2019, cants 16-18 per Rossend Arqu\u00e9s<\/span><\/span><\/p>\n<\/li>\n<li class=\"rtejustify\">\n<p><span style=\"font-size:14px;\"><span style=\"font-family:arial,helvetica,sans-serif;\">4 de setembre de 2019, cants 19-22 per Rossend Arqu\u00e9s<\/span><\/span><\/p>\n<\/li>\n<li class=\"rtejustify\">\n<p><span style=\"font-size:14px;\"><span style=\"font-family:arial,helvetica,sans-serif;\">2 d\u2019octubre de 2019, cants 23-25 per Eduard Vilella<\/span><\/span><\/p>\n<\/li>\n<li class=\"rtejustify\">\n<p><span style=\"font-size:14px;\"><span style=\"font-family:arial,helvetica,sans-serif;\">6 de novembre de 2019, cants 26-27 per Narc\u00eds Comadira<\/span><\/span><\/p>\n<\/li>\n<li class=\"rtejustify\">\n<p><span style=\"font-size:14px;\"><span style=\"font-family:arial,helvetica,sans-serif;\">27 de novembre de 2019, cants 28-30 per Jos\u00e9 M. Mic\u00f3<\/span><\/span><\/p>\n<\/li>\n<li class=\"rtejustify\">\n<p><span style=\"font-size:14px;\"><span style=\"font-family:arial,helvetica,sans-serif;\">4 de desembre de 2019, cants 31-33 per Eduard Vilella<\/span><\/span><\/p>\n<\/li>\n<\/ul>\n<h1 class=\"rtejustify\"><span style=\"font-size:16px;\"><span style=\"font-family:arial,helvetica,sans-serif;\"><strong><u><a href=\"https:\/\/www.laie.es\/agenda\/lamor-que-tot-ho-mou-el-paradis\/309\">Lectura<\/a><\/u> del <em>Parad\u00eds<\/em><\/strong><\/span><\/span><\/h1>\n<ul>\n<li class=\"rtejustify\">\n<p><span style=\"font-size:14px;\"><span style=\"font-family:arial,helvetica,sans-serif;\">5 de febrer de 2020, cants 1-3 per Eduard Vilella&nbsp;<\/span><\/span><\/p>\n<\/li>\n<li class=\"rtejustify\">\n<p><span style=\"font-size:14px;\"><span style=\"font-family:arial,helvetica,sans-serif;\">6 de maig de 2020, cants 4-6 per Rossend Arqu\u00e9s&nbsp;<\/span><\/span><\/p>\n<\/li>\n<li class=\"rtejustify\">\n<p><span style=\"font-size:14px;\"><span style=\"font-family:arial,helvetica,sans-serif;\">20 de maig de 2020, cants 7-9 per Jos\u00e9 M. Mic\u00f3&nbsp;<\/span><\/span><\/p>\n<\/li>\n<li class=\"rtejustify\">\n<p><span style=\"font-size:14px;\"><span style=\"font-family:arial,helvetica,sans-serif;\">3 de juny de 2020, cants 10-12 per Eduard Vilella<\/span><\/span><\/p>\n<\/li>\n<li class=\"rtejustify\">\n<p><span style=\"font-size:14px;\"><span style=\"font-family:arial,helvetica,sans-serif;\">17 de juny de 2020, cants 13-15 per Rossend Arqu\u00e9s<\/span><\/span><\/p>\n<\/li>\n<li class=\"rtejustify\">\n<p><span style=\"font-size:14px;\"><span style=\"font-family:arial,helvetica,sans-serif;\">16 de setembre de 2020, cants 16-19 per Jos\u00e9 M. Mic\u00f3<\/span><\/span><\/p>\n<\/li>\n<li class=\"rtejustify\">\n<p><span style=\"font-size:14px;\"><span style=\"font-family:arial,helvetica,sans-serif;\">14 d\u2019octubre de 2020, cants 20-22 per Eduard Vilella<\/span><\/span><\/p>\n<\/li>\n<li class=\"rtejustify\">\n<p><span style=\"font-size:14px;\"><span style=\"font-family:arial,helvetica,sans-serif;\">11 de novembre de 2020, cants 23-25 per Rossend Arqu\u00e9s<\/span><\/span><\/p>\n<\/li>\n<li class=\"rtejustify\">\n<p><span style=\"font-size:14px;\"><span style=\"font-family:arial,helvetica,sans-serif;\">25 de novembre de 2020, cants 26-29 per Jos\u00e9 M. Mic\u00f3<\/span><\/span><\/p>\n<\/li>\n<li class=\"rtejustify\">\n<p><span style=\"font-size:14px;\"><span style=\"font-family:arial,helvetica,sans-serif;\">9 de desembre de 2020, cants 30-33&nbsp;per Rossend Arqu\u00e9s<\/span><\/span><\/p>\n<\/li>\n<\/ul>\n","protected":false},"excerpt":{"rendered":"<p>El curs vol aprofundir en la&nbsp;Divina Com\u00e8dia&nbsp;de&nbsp;Dante&nbsp;(1265-1321) a partir de la lectura detallada de la&nbsp;Divina com\u00e8dia&nbsp;amb els ulls d&#8217;un lector actual. Es proposa com a una orientaci\u00f3 en l\u2019an\u00e0lisi de l\u2019estructura, els llocs, els personatges i les q\u00fcestions filos\u00f2fiques, religioses i liter\u00e0ries m\u00e9s significatives, i comentar alguns dels passatges que permetin penetrar en les diverses [&hellip;]<\/p>\n","protected":false},"author":20,"featured_media":0,"parent":0,"menu_order":0,"comment_status":"closed","ping_status":"closed","template":"","meta":{"footnotes":""},"class_list":["post-193","page","type-page","status-publish","hentry"],"_links":{"self":[{"href":"https:\/\/webs.uab.cat\/sced\/wp-json\/wp\/v2\/pages\/193","targetHints":{"allow":["GET"]}}],"collection":[{"href":"https:\/\/webs.uab.cat\/sced\/wp-json\/wp\/v2\/pages"}],"about":[{"href":"https:\/\/webs.uab.cat\/sced\/wp-json\/wp\/v2\/types\/page"}],"author":[{"embeddable":true,"href":"https:\/\/webs.uab.cat\/sced\/wp-json\/wp\/v2\/users\/20"}],"replies":[{"embeddable":true,"href":"https:\/\/webs.uab.cat\/sced\/wp-json\/wp\/v2\/comments?post=193"}],"version-history":[{"count":0,"href":"https:\/\/webs.uab.cat\/sced\/wp-json\/wp\/v2\/pages\/193\/revisions"}],"wp:attachment":[{"href":"https:\/\/webs.uab.cat\/sced\/wp-json\/wp\/v2\/media?parent=193"}],"curies":[{"name":"wp","href":"https:\/\/api.w.org\/{rel}","templated":true}]}}