{"id":197,"date":"2020-11-18T16:45:30","date_gmt":"2020-11-18T14:45:30","guid":{"rendered":"https:\/\/webs.uab.cat\/sced\/la-comedia-de-dante\/"},"modified":"2020-11-18T16:45:30","modified_gmt":"2020-11-18T14:45:30","slug":"la-comedia-de-dante","status":"publish","type":"page","link":"https:\/\/webs.uab.cat\/sced\/la-comedia-de-dante\/","title":{"rendered":"La com\u00e8dia de Dante"},"content":{"rendered":"<p class=\"rtecenter\"><strong>LA&nbsp;COM\u00c8DIA&nbsp;DE DANTE: UN MISSATGE PER A TOTA LA HUMANITAT<\/strong><\/p>\n<p class=\"rtejustify\">A c\u00e0rrec de Rossend Arqu\u00e9s<\/p>\n<p class=\"rtejustify\">Sempre intentant cercar nous formats, des de la Fundaci\u00f3 Joan Maragall organitzem un nou model d\u2019activitat, anomenat \u201cTaller de lectures\u201d. Amb aquest taller, volem donar l\u2019oportunitat d\u2019aprofundir en grans obres, sempre des del punt de vista del di\u00e0leg fe i cultura.<\/p>\n<p class=\"rtejustify\">Dante Alighieri (Flor\u00e8ncia 1265 \u2013 R\u00e0vena 1321) \u00e9s un dels poetes cabdals de la literatura universal. Autor de la&nbsp;<em>Vida nova<\/em>, una obra que barreja poesia i prosa, i de diversos tractats respectivament de filosofia (<em>Convivio<\/em>), ling\u00fc\u00edstica&nbsp;(<em>De Vulgari Eloquentia<\/em>)&nbsp;i teoria pol\u00edtica (<em>Monarchia<\/em>), a m\u00e9s de molts altres obres po\u00e8tiques, va dedicar gran part de la seva vida a escriure la seva obra mestra la&nbsp;<em>Com\u00e8dia<\/em>, que \u00e9s tamb\u00e9 un referent literari universal per la capacitat permanent de parlar a tota la humanitat. El seminari pret\u00e9n ser un di\u00e0leg amb els participants entorn a alguns dels temes centrals de l\u2019obra i el pensament del poeta florent\u00ed: el llenguatge po\u00e8tic (el mitj\u00e0 m\u00e9s adequat per evocar Deu),&nbsp; el viatge a l\u2019altre m\u00f3n, l\u2019ordre moral del m\u00e9s enll\u00e0, el desig (motor de tota recerca po\u00e8tica transcendent), la passi\u00f3 pol\u00edtica i l\u2019exili i finalment la llibertat (entesa com lliure arbitri) que t\u00e9 en l\u2019amor el fonament i la fita \u00faltima.<\/p>\n<p class=\"rtejustify\"><u>Dijous 15 de novembre de 2018, 18h<\/u><br \/>\nEl m\u00e9s enll\u00e0. El viatge. La cosmologia<br \/>\n<em>Infern<\/em>&nbsp;I, XI;&nbsp;<em>Purgatori<\/em>&nbsp;IX; <em>Parad\u00eds<\/em> I, XXII&nbsp;124-154.<\/p>\n<p class=\"rtejustify\"><u>Dijous 20 de desembre de 2018, 18h<\/u><br \/>\nLa pol\u00edtica. Flor\u00e8ncia i l\u2019exili<br \/>\n<em>Infern<\/em>&nbsp;VI&nbsp;49-93; XV-XVII;&nbsp;<em>Purgatori<\/em>&nbsp;XIV, XVI,&nbsp;XX;&nbsp;<em>Parad\u00eds<\/em>&nbsp;XV-XVII.<\/p>\n<p class=\"rtejustify\"><u>Dijous 17 de gener de 2019, 18h<\/u><br \/>\nEl pecat i l\u2019ordre moral. Els personatges<br \/>\n<em>Infern<\/em>&nbsp;XI; XXVIII 142;&nbsp;<em>Purgatori<\/em>&nbsp;XVII 79-139<\/p>\n<p class=\"rtejustify\"><u>Dijous 14 de febrer de 2019, 18h<\/u><br \/>\nBeatriu. La llengua de la poesia<br \/>\n<em>Vida nova<\/em>,&nbsp;cap\u00edtols 2, 3, 19, 24, 26, 30, 41;&nbsp;<em>Infern<\/em>&nbsp;II 76-78; <em>Purgatori<\/em> XXX, XXXI, XXXIII;&nbsp;<em>Parad\u00eds<\/em>&nbsp;I 94-142, XXIII;&nbsp;<em>De vulgari eloquentia<\/em>, cap\u00edtols XVI-XIX<\/p>\n<p class=\"rtejustify\"><u>Dijous 14 de mar\u00e7 de 2019, 18h<\/u><br \/>\nEl poema del desig<br \/>\n<em>Infern<\/em>&nbsp;II 70-71, 136-138;&nbsp;<em>Purgatori<\/em>&nbsp;IV 27-29; XVI 85-93; XVIII 31-33; XXXI 22-26, 53-54;&nbsp;<em>Parad\u00eds<\/em>&nbsp;I 7, 82-84; III 64-89; IV 10-11; XV 64-66; XX 73-78; XXII 61-65; XXIII 1-15; XXXIII 46-48<\/p>\n<p class=\"rtejustify\"><u>Dijous 25 d\u2019abril de 2019, 18h<\/u><br \/>\nLa llibertat humana i l\u2019amor<br \/>\n<em>Purgatori<\/em>&nbsp;XVI 67-83; XVIII 40-75; XXVII 140-141<\/p>\n<p class=\"rtejustify\">&nbsp;<\/p>\n<p class=\"rtejustify\">Vegeu-ne l&#8217;<a href=\"https:\/\/www.fundaciojoanmaragall.org\/?event=taller-lectura-comedia-dante-missatge-tota-humanitat\">enlla\u00e7<\/a>.<\/p>\n","protected":false},"excerpt":{"rendered":"<p>LA&nbsp;COM\u00c8DIA&nbsp;DE DANTE: UN MISSATGE PER A TOTA LA HUMANITAT A c\u00e0rrec de Rossend Arqu\u00e9s Sempre intentant cercar nous formats, des de la Fundaci\u00f3 Joan Maragall organitzem un nou model d\u2019activitat, anomenat \u201cTaller de lectures\u201d. Amb aquest taller, volem donar l\u2019oportunitat d\u2019aprofundir en grans obres, sempre des del punt de vista del di\u00e0leg fe i cultura. [&hellip;]<\/p>\n","protected":false},"author":20,"featured_media":0,"parent":0,"menu_order":0,"comment_status":"closed","ping_status":"closed","template":"","meta":{"footnotes":""},"class_list":["post-197","page","type-page","status-publish","hentry"],"_links":{"self":[{"href":"https:\/\/webs.uab.cat\/sced\/wp-json\/wp\/v2\/pages\/197","targetHints":{"allow":["GET"]}}],"collection":[{"href":"https:\/\/webs.uab.cat\/sced\/wp-json\/wp\/v2\/pages"}],"about":[{"href":"https:\/\/webs.uab.cat\/sced\/wp-json\/wp\/v2\/types\/page"}],"author":[{"embeddable":true,"href":"https:\/\/webs.uab.cat\/sced\/wp-json\/wp\/v2\/users\/20"}],"replies":[{"embeddable":true,"href":"https:\/\/webs.uab.cat\/sced\/wp-json\/wp\/v2\/comments?post=197"}],"version-history":[{"count":0,"href":"https:\/\/webs.uab.cat\/sced\/wp-json\/wp\/v2\/pages\/197\/revisions"}],"wp:attachment":[{"href":"https:\/\/webs.uab.cat\/sced\/wp-json\/wp\/v2\/media?parent=197"}],"curies":[{"name":"wp","href":"https:\/\/api.w.org\/{rel}","templated":true}]}}