{"id":24,"date":"2010-06-22T15:30:20","date_gmt":"2010-06-22T13:30:20","guid":{"rendered":"https:\/\/webs.uab.cat\/sced\/sced\/"},"modified":"2022-11-16T22:27:05","modified_gmt":"2022-11-16T20:27:05","slug":"sced","status":"publish","type":"page","link":"https:\/\/webs.uab.cat\/sced\/sced\/","title":{"rendered":"SCED"},"content":{"rendered":"\n<div class=\"wp-block-columns is-layout-flex wp-container-core-columns-is-layout-9d6595d7 wp-block-columns-is-layout-flex\">\n<div class=\"wp-block-column is-layout-flow wp-block-column-is-layout-flow\" style=\"flex-basis:33.33%\">\n<div class=\"wp-block-group\"><div class=\"wp-block-group__inner-container is-layout-flow wp-block-group-is-layout-flow\">\n<figure class=\"wp-block-image size-full is-resized\"><a href=\"https:\/\/centresderecerca.uab.cat\/iem\/\"><img loading=\"lazy\" decoding=\"async\" src=\"https:\/\/webs.uab.cat\/sced\/wp-content\/uploads\/sites\/274\/2013\/06\/iem.gif\" alt=\"iem\" class=\"wp-image-234\" width=\"222\" height=\"79\"\/><\/a><\/figure>\n\n\n\n<p><\/p>\n\n\n\n<figure class=\"wp-block-image size-full is-resized\"><a href=\"https:\/\/webs.uab.cat\/sced\/inscripcio\/\"><img loading=\"lazy\" decoding=\"async\" src=\"https:\/\/webs.uab.cat\/sced\/wp-content\/uploads\/sites\/274\/2013\/09\/inscripcio_1.png\" alt=\"inscripcio_1\" class=\"wp-image-246\" width=\"220\" height=\"79\"\/><\/a><\/figure>\n<\/div><\/div>\n<\/div>\n\n\n\n<div class=\"wp-block-column is-layout-flow wp-block-column-is-layout-flow\" style=\"flex-basis:66.66%\">\n<p>La\u00a0<strong>Societat Catalana d&#8217;Estudis Dantescos (SCED)<\/strong>\u00a0\u00e9s una associaci\u00f3 creada de fet l&#8217;any 2000 i que recentment ha estat inscrita al registre d&#8217;associacions amb el nom d&#8217;Associaci\u00f3 Catalana d&#8217;Estudis Dantescos. \u00c9s una instituci\u00f3 vinculada a les universitats catalanes i, en particular, a l&#8217;<a rel=\"noreferrer noopener\" href=\"http:\/\/centresderecerca.uab.cat\/iem\/\" target=\"_blank\">Institut d&#8217;Estudis Medievals<\/a> de la Universitat Aut\u00f2noma de Barcelona.\u00a0La seva tasca principal \u00e9s la recerca, promoci\u00f3, desenvolupament i did\u00e0ctica dels estudis referents a Dante Alighieri i al seu temps amb l&#8217;objectiu d&#8217;esdevenir un pol important en l\u2019\u00e0mbit de la investigaci\u00f3 internacional.\u00a0Aquesta societat est\u00e0 formada, d&#8217;una banda,\u00a0per investigadors que tenen com a l\u00ednia de recerca Dante Alighieri (la seva obra, el context en qu\u00e8 va viure, les traduccions que se n&#8217;han fet, etc.), i, d&#8217;altra banda, per persones a qui interessa la vida i l&#8217;obra d&#8217;aquest autor florent\u00ed.<\/p>\n<\/div>\n<\/div>\n\n\n\n<p><\/p>\n","protected":false},"excerpt":{"rendered":"<p>La\u00a0Societat Catalana d&#8217;Estudis Dantescos (SCED)\u00a0\u00e9s una associaci\u00f3 creada de fet l&#8217;any 2000 i que recentment ha estat inscrita al registre d&#8217;associacions amb el nom d&#8217;Associaci\u00f3 Catalana d&#8217;Estudis Dantescos. \u00c9s una instituci\u00f3 vinculada a les universitats catalanes i, en particular, a l&#8217;Institut d&#8217;Estudis Medievals de la Universitat Aut\u00f2noma de Barcelona.\u00a0La seva tasca principal \u00e9s la recerca, [&hellip;]<\/p>\n","protected":false},"author":20,"featured_media":0,"parent":0,"menu_order":0,"comment_status":"closed","ping_status":"closed","template":"","meta":{"footnotes":""},"class_list":["post-24","page","type-page","status-publish","hentry"],"_links":{"self":[{"href":"https:\/\/webs.uab.cat\/sced\/wp-json\/wp\/v2\/pages\/24","targetHints":{"allow":["GET"]}}],"collection":[{"href":"https:\/\/webs.uab.cat\/sced\/wp-json\/wp\/v2\/pages"}],"about":[{"href":"https:\/\/webs.uab.cat\/sced\/wp-json\/wp\/v2\/types\/page"}],"author":[{"embeddable":true,"href":"https:\/\/webs.uab.cat\/sced\/wp-json\/wp\/v2\/users\/20"}],"replies":[{"embeddable":true,"href":"https:\/\/webs.uab.cat\/sced\/wp-json\/wp\/v2\/comments?post=24"}],"version-history":[{"count":2,"href":"https:\/\/webs.uab.cat\/sced\/wp-json\/wp\/v2\/pages\/24\/revisions"}],"predecessor-version":[{"id":325,"href":"https:\/\/webs.uab.cat\/sced\/wp-json\/wp\/v2\/pages\/24\/revisions\/325"}],"wp:attachment":[{"href":"https:\/\/webs.uab.cat\/sced\/wp-json\/wp\/v2\/media?parent=24"}],"curies":[{"name":"wp","href":"https:\/\/api.w.org\/{rel}","templated":true}]}}