{"id":28,"date":"2010-06-22T15:32:22","date_gmt":"2010-06-22T13:32:22","guid":{"rendered":"https:\/\/webs.uab.cat\/sced\/enllacos\/"},"modified":"2022-11-16T22:34:53","modified_gmt":"2022-11-16T20:34:53","slug":"enllacos","status":"publish","type":"page","link":"https:\/\/webs.uab.cat\/sced\/enllacos\/","title":{"rendered":"Enlla\u00e7os"},"content":{"rendered":"\n<div class=\"wp-block-columns is-layout-flex wp-container-core-columns-is-layout-9d6595d7 wp-block-columns-is-layout-flex\">\n<div class=\"wp-block-column is-layout-flow wp-block-column-is-layout-flow\" style=\"flex-basis:33.33%\">\n<div class=\"wp-block-group\"><div class=\"wp-block-group__inner-container is-layout-flow wp-block-group-is-layout-flow\">\n<figure class=\"wp-block-image size-full is-resized\"><a href=\"https:\/\/centresderecerca.uab.cat\/iem\/\"><img loading=\"lazy\" decoding=\"async\" src=\"https:\/\/webs.uab.cat\/sced\/wp-content\/uploads\/sites\/274\/2013\/06\/iem.gif\" alt=\"iem\" class=\"wp-image-234\" width=\"222\" height=\"79\"\/><\/a><\/figure>\n\n\n\n<p><\/p>\n\n\n\n<figure class=\"wp-block-image size-full is-resized\"><a href=\"https:\/\/webs.uab.cat\/sced\/inscripcio\/\"><img loading=\"lazy\" decoding=\"async\" src=\"https:\/\/webs.uab.cat\/sced\/wp-content\/uploads\/sites\/274\/2013\/09\/inscripcio_1.png\" alt=\"inscripcio_1\" class=\"wp-image-246\" width=\"220\" height=\"79\"\/><\/a><\/figure>\n<\/div><\/div>\n<\/div>\n\n\n\n<div class=\"wp-block-column is-layout-flow wp-block-column-is-layout-flow\" style=\"flex-basis:66.66%\">\n<p><span style=\"font-size: 16px;\"><strong><a rel=\"noopener\" href=\"http:\/\/dantelab.dartmouth.edu\/\" target=\"_blank\">Dante Lab Dartmouth College<\/a><\/strong><\/span><\/p>\n\n\n\n<p><span style=\"font-size: 14px;\">En aquest recurs hi ha digitalitzats m\u00e9s de 75 comentaris de la <em>Divina com\u00e8dia<\/em>, des dels primers comentaristes medievals (Jacopo Alighieri, Ottimo commento, Giovanni Boccaccio, etc.) fins als comentaristes m\u00e9s recents (Anna Maria Chiavacci, Nicola Fosca, Robert Hollander, etc.). A m\u00e9s del poema original itali\u00e0, en l\u2019edici\u00f3 de Petrocchi, tamb\u00e9 hi ha la traducci\u00f3 anglesa de Henry Wadsworth Longfellow (1867), la traducci\u00f3 francesa d\u2019Alexandre Cioranescu (1964) i la traducci\u00f3 alemanya de Karl Streckfuss (1854). Tamb\u00e9 t\u00e9 un cercador que permet buscar paraules clau en els materials digitalitzats.<\/span><\/p>\n\n\n\n<p><span style=\"font-size: 16px;\"><a href=\"https:\/\/dante.princeton.edu\/\" target=\"_blank\" rel=\"noopener\"><strong>Princeton Dante Project<\/strong><\/a><\/span><\/p>\n\n\n\n<p><span style=\"font-size: 14px;\">Aquest web t\u00e9 digitalitzada l\u2019obra sencera de Dante. A m\u00e9s, t\u00e9 un cercador que et permet buscar paraules clau en els textos dantescos, en comentaris i en notes filol\u00f2giques. L\u2019apartat audiovisual tamb\u00e9 \u00e9s molt complet: s\u2019hi poden trobar des de les il\u00b7lustracions de Gustave Dor\u00e9 fins a mapes i diagrames de l\u2019univers dantesc, passant per la <em>Divina com\u00e8dia <\/em>gravada en veu alta en itali\u00e0 i en angl\u00e8s. La part bibliogr\u00e0fica cont\u00e9 informaci\u00f3 diversa sobre Dante (bibliografia dantesca, una biografia del poeta, una introducci\u00f3 a la <em>Divina com\u00e8dia<\/em>, etc.).<br>&nbsp;<\/span><br><span style=\"font-size: 16px;\"><strong><a href=\"http:\/\/danteonline.it\" target=\"_blank\" rel=\"noopener\">Dante Online<\/a><\/strong><\/span><\/p>\n\n\n\n<p><span style=\"font-size: 14px;\">Aquest recurs, patrocinat per la Societ\u00e0 Dantesca Italiana, cont\u00e9 les obres completes de Dante digitalitzades. A m\u00e9s, cont\u00e9 una llista de tots els manuscrits que es conserven de la <em>Divina com\u00e8dia<\/em>, una bona part dels quals est\u00e0 digitalitzada. Tamb\u00e9 t\u00e9 un apartat que tracta la biografia de Dante, i un cercador que et permet buscar tant a les obres com als manuscrits.<\/span><\/p>\n\n\n\n<p><span style=\"font-size: 16px;\"><strong><a href=\"http:\/\/worldofdante.org\" target=\"_blank\" rel=\"noopener\">World of Dante<\/a><\/strong><\/span><\/p>\n\n\n\n<p><span style=\"font-size: 14px;\">Aquest web cont\u00e9 recursos multim\u00e8dia pensats per facilitar la comprensi\u00f3 i estudi de la <em>Divina com\u00e8dia<\/em>: cont\u00e9 una galeria d\u2019il\u00b7lustracions del poema (per exemple, del manuscrit Yates o les il\u00b7lustracions que va fer Salvador Dal\u00ed), mapes interactius, diagrames, m\u00fasica que apareix al text dantesc i una l\u00ednia del temps amb els esdeveniments i la gent que Dante cita al seu poema.<\/span><\/p>\n\n\n\n<p><span style=\"font-size: 16px;\"><strong><a href=\"http:\/\/danteworlds.laits.utexas.edu\" target=\"_blank\" rel=\"noopener\">Danteworlds<\/a><\/strong><\/span><\/p>\n\n\n\n<p><span style=\"font-size: 14px;\">Aquest web est\u00e0 estructurat com un viatge interactiu i multim\u00e8dia pels tres reialmes que visita Dante a la seva <i>Divina com\u00e8dia<\/i>. Cada cant del poema est\u00e0 explicat en detall, a m\u00e9s de tenir explicacions, \u00e0udios i representacions art\u00edstiques per comprendre millor el text dantesc.&nbsp;<\/span><\/p>\n\n\n\n<p><span style=\"font-size: 16px;\"><strong><a href=\"http:\/\/dante.ilt.columbia.edu\" target=\"_blank\" rel=\"noopener\">Digital Dante<\/a><\/strong><\/span><\/p>\n\n\n\n<p><span style=\"font-size: 14px;\">Aquest web, a m\u00e9s de tenir digitalitzat el <i>Commento Baroliniano<\/i>, tamb\u00e9 hi ha els cants explicats detalladament en angl\u00e8s. L\u2019eina \u201cIntertextual Dante\u201d et permet veure la intertextualitat que t\u00e9 el text dantesc amb l\u2019obra del poeta llat\u00ed Ovidi: a la columna de l\u2019esquerra hi ha el text dantesc i a la columna de la dreta el text d\u2019Ovidi dels quals Dante extreu passatges. D\u2019altra banda, el web tamb\u00e9 ofereix materials diversos pel que fa al m\u00f3n visual i musical en relaci\u00f3 al m\u00f3n dantesc, aix\u00ed com una petita selecci\u00f3 de traduccions angleses digitalitzades de l\u2019obra de Dante.&nbsp;<\/span><\/p>\n\n\n\n<p><span style=\"font-size: 16px;\"><strong><a href=\"https:\/\/www.youtube.com\/channel\/UCMU4ZVV_s-EtVdJuI-tQUPA\" target=\"_blank\" rel=\"noopener\">Divina Commedia in HD<\/a><\/strong><\/span><\/p>\n\n\n\n<p><span style=\"font-size: 14px;\">En aquest canal de Youtube hi ha explicats, en itali\u00e0, cada cant del poema dantesc d\u2019una manera sum\u00e0ria. Els v\u00eddeos, a m\u00e9s, van acompanyats de m\u00fasica i imatges i, moltes vegades, d\u2019animacions 3D que permeten imaginar-se m\u00e9s f\u00e0cilment l\u2019univers dantesc. A la descripci\u00f3 de cada v\u00eddeo hi ha un enlla\u00e7 per aprofundir m\u00e9s en el cant en q\u00fcesti\u00f3. Els v\u00eddeos tenen subt\u00edtols en itali\u00e0 i angl\u00e8s.<\/span><\/p>\n\n\n\n<p><span style=\"font-size: 16px;\"><strong><a href=\"http:\/\/www.dominiopublico.gov.br\/pesquisa\/PesquisaObraForm.do?select_acti on=&amp;amp;co_autor=30\" target=\"_blank\" rel=\"noopener\">Domin\u00edo p\u00fablico<\/a><\/strong><\/span><\/p>\n\n\n\n<p><span style=\"font-size: 14px;\">Aquest recurs recull diverses obres de Dante (la <i>Divina commedia<\/i>, la <i>Vita nuova<\/i>, el <i>Convivio<\/i>, el <i>De Monarchia<\/i>, etc.) en llengua original, per\u00f2 tamb\u00e9 en traduccions castellana, anglesa i alemanya. Totes els documents s\u00f3n de domini p\u00fablic i es poden descarregar en PDF.<br>&nbsp;<\/span><br><span style=\"font-size: 16px;\"><strong><a href=\"http:\/\/webs.ucm.es\/info\/italiano\/acd\/tenzone\/\" target=\"_blank\" rel=\"noopener\">Revista Tenzone<\/a><\/strong><\/span><\/p>\n\n\n\n<p><span style=\"font-size: 14px;\"><em>Tenzone <\/em>\u00e9s la revista de l\u2019Associaci\u00f3n Complutense de Dantolog\u00eda, un espai en qu\u00e8 s\u2019organitzen esdeveniments acad\u00e8mics i culturals que permeten la difusi\u00f3 i l\u2019estudi de l\u2019obra de Dante i el seu per\u00edode hist\u00f2ric. Des de finals dels anys noranta, entre aquesta associaci\u00f3 i nosaltres, la Societat Catalana d\u2019Estudis Dantescos, s\u2019ha creat un lligam molt important, la qual cosa ha fructificat en l\u2019organitzaci\u00f3 de diversos congressos i jornades d\u2019estudi.<\/span><\/p>\n\n\n\n<p><span style=\"font-size: 16px;\"><strong><a href=\"https:\/\/www.dantesca.it\/\" target=\"_blank\" rel=\"noopener\">Societ\u00e0 Dantesca Italiana<\/a><\/strong><\/span><\/p>\n\n\n\n<p><span style=\"font-size: 14px;\">Aquesta associaci\u00f3 cient\u00edfica, formada l&#8217;any 1888, est\u00e0 dedicada a l&#8217;estudi de l&#8217;autor florent\u00ed. S\u00f3n particularment importants les edicions cr\u00edtiques que han publicat de l&#8217;obra de Dante. L&#8217;associaci\u00f3 tamb\u00e9 organitza lectures, seminaris i congressos.<\/span><\/p>\n\n\n\n<p><span style=\"font-size: 16px;\"><a href=\"https:\/\/www.youtube.com\/channel\/UCM-igd64ZeQ4a76f3VSMt0g\/videos\" target=\"_blank\" rel=\"noopener\"><strong>Lectura de la <em>Divina com\u00e8dia<\/em> de&nbsp;Vittorio Sermonti<\/strong><\/a><\/span><\/p>\n\n\n\n<p><span style=\"font-size: 14px;\">Vittorio Sermonti (1929-2016) va ser un escriptor, traductor i dantista itali\u00e0. L&#8217;any 1897 va recitar i comentar els cent cants de la&nbsp;<em>Divina com\u00e8dia<\/em>, amb la col\u00b7laboraci\u00f3 del fil\u00f2leg Gianfranco Contini, a la r\u00e0dio italiana RAI. Aquest enlla\u00e7 ofereix l&#8217;enregistrament, fet l&#8217;any 1992,&nbsp;d&#8217;aquestes lectures. A part de l&#8217;obra dantesca, aquest canal de youtube tamb\u00e9 ofereix la lectura i el comentari que Sermonti va fer de <em>Les metamorfosis<\/em> d&#8217;Ovidi i l&#8217;<em>Eneida<\/em>&nbsp;de Virgili.<\/span><\/p>\n\n\n\n<p><span style=\"font-size: 16px;\"><a href=\"https:\/\/oyc.yale.edu\/italian-language-and-literature\/ital-310\" target=\"_blank\" rel=\"noopener\"><strong>Dante in Translation<\/strong><\/a><\/span><\/p>\n\n\n\n<p><span style=\"font-size: 14px;\">Aquest curs en l\u00ednia de la Universitat de Yale ofereix una introducci\u00f3 de Dante a partir de la lectura de la&nbsp;<em>Divina com\u00e8dia&nbsp;<\/em>i una selecci\u00f3 de les seves obres menors (<em>Vita nuova<\/em>, <em>Convivio<\/em>, <em>De vulgari eloquentia<\/em>, <em>Ep\u00edstola a Cangrande<\/em>), impartida pel professor Giuseppe Manzzotta. Els materials (v\u00eddeos i transcripcions dels v\u00eddeos) es poden descarregar.<\/span><\/p>\n\n\n\n<p><span style=\"font-size: 16px;\"><a href=\"https:\/\/www3.nd.edu\/~italnet\/dante\/\" target=\"_blank\" rel=\"noopener\"><strong>Renaissance Dante in Print (1472-1629)<\/strong><\/a><\/span><\/p>\n\n\n\n<p><span style=\"font-size: 14px;\">Aquest enlla\u00e7 \u00e9s el web de l&#8217;exhibici\u00f3<em> Renaissance Dante in Print<\/em>, en exposici\u00f3 entre 1993 i 1994, primer a la Universitat de Notre Dame i despr\u00e9s a la Newberry Library de Chicago.<\/span><\/p>\n\n\n\n<p><span style=\"font-size: 16px;\"><a href=\"https:\/\/lecturadantisandreapolitana.wp.st-andrews.ac.uk\/public-lectures\/\" target=\"_blank\" rel=\"noopener\"><strong>Lectura Dantis Andreapolitana<\/strong><\/a><\/span><\/p>\n\n\n\n<p><span style=\"font-size: 14px;\">Aquest web ofereix la lectura de la&nbsp;<em>Divina com\u00e8dia&nbsp;<\/em>que es va fer a la Universitat St. Andrews. Diversos professors i dantistes rellevants llegeixen i comenten diferents cants (les lectures duren una hora aproximadament).<\/span><\/p>\n\n\n\n<p><span style=\"font-size: 16px;\"><a href=\"https:\/\/sites.duke.edu\/danteslibrary\/\" target=\"_blank\" rel=\"noopener\"><strong>Dante&#8217;s Library<\/strong><\/a><\/span><\/p>\n\n\n\n<p><span style=\"font-size: 14px;\">En aquest enlla\u00e7 hi ha informaci\u00f3 sobre les fonts que va poder consultar Dante&nbsp;a l&#8217;hora de compondre la seva&nbsp;<em>Divina com\u00e8dia<\/em>: ofereix al lector un passeig per la biblioteca de Dante. Aquest recurs \u00e9s interessant perqu\u00e8, a part que encara est\u00e0 en curs i es va actualitzant constantment, ofereix informaci\u00f3 valuosa sobre les obres i els autors que va consultar Dante,&nbsp;aix\u00ed com imatges,&nbsp;informaci\u00f3 i bibliografia b\u00e0sica.<\/span><\/p>\n\n\n\n<p><span style=\"font-size: 16px;\"><strong><a href=\"https:\/\/plato.stanford.edu\/entries\/dante\/\" target=\"_blank\" rel=\"noopener\">Stanford Encyclopedia of Philosophy<\/a><\/strong><\/span><\/p>\n\n\n\n<p><span style=\"font-size: 14px;\">Aquest enlla\u00e7 us dirigeix a l&#8217;entrada de l&#8217;<em>Enciclp\u00e8dia de Filosofia de Stanford<\/em> dedicada a Dante Alighieri.<\/span><\/p>\n\n\n\n<p><span style=\"font-size: 16px;\"><a href=\"http:\/\/www.leggeredante.it\/index.html\" target=\"_blank\" rel=\"noopener\"><strong>Leggere Dante<\/strong><\/a><\/span><\/p>\n\n\n\n<p><span style=\"font-size: 14px;\">Aquesta iniciativa, duta a terme per la Societ\u00e0 Dantesca Italiana, \u00e9s un intent de presentar i difondre l&#8217;obra de Dante. Per veure les xerrades (aproximadament duren uns 10 minuts), cal accedir als panells que hi ha a dreta i esquerra del web.<\/span><\/p>\n<\/div>\n<\/div>\n\n\n\n<p><\/p>\n","protected":false},"excerpt":{"rendered":"<p>Dante Lab Dartmouth College En aquest recurs hi ha digitalitzats m\u00e9s de 75 comentaris de la Divina com\u00e8dia, des dels primers comentaristes medievals (Jacopo Alighieri, Ottimo commento, Giovanni Boccaccio, etc.) fins als comentaristes m\u00e9s recents (Anna Maria Chiavacci, Nicola Fosca, Robert Hollander, etc.). A m\u00e9s del poema original itali\u00e0, en l\u2019edici\u00f3 de Petrocchi, tamb\u00e9 hi [&hellip;]<\/p>\n","protected":false},"author":20,"featured_media":0,"parent":0,"menu_order":0,"comment_status":"closed","ping_status":"closed","template":"","meta":{"footnotes":""},"class_list":["post-28","page","type-page","status-publish","hentry"],"_links":{"self":[{"href":"https:\/\/webs.uab.cat\/sced\/wp-json\/wp\/v2\/pages\/28","targetHints":{"allow":["GET"]}}],"collection":[{"href":"https:\/\/webs.uab.cat\/sced\/wp-json\/wp\/v2\/pages"}],"about":[{"href":"https:\/\/webs.uab.cat\/sced\/wp-json\/wp\/v2\/types\/page"}],"author":[{"embeddable":true,"href":"https:\/\/webs.uab.cat\/sced\/wp-json\/wp\/v2\/users\/20"}],"replies":[{"embeddable":true,"href":"https:\/\/webs.uab.cat\/sced\/wp-json\/wp\/v2\/comments?post=28"}],"version-history":[{"count":1,"href":"https:\/\/webs.uab.cat\/sced\/wp-json\/wp\/v2\/pages\/28\/revisions"}],"predecessor-version":[{"id":332,"href":"https:\/\/webs.uab.cat\/sced\/wp-json\/wp\/v2\/pages\/28\/revisions\/332"}],"wp:attachment":[{"href":"https:\/\/webs.uab.cat\/sced\/wp-json\/wp\/v2\/media?parent=28"}],"curies":[{"name":"wp","href":"https:\/\/api.w.org\/{rel}","templated":true}]}}