{"id":55,"date":"2010-06-22T17:02:10","date_gmt":"2010-06-22T15:02:10","guid":{"rendered":"https:\/\/webs.uab.cat\/sced\/inici\/"},"modified":"2022-11-16T22:26:23","modified_gmt":"2022-11-16T20:26:23","slug":"inici","status":"publish","type":"page","link":"https:\/\/webs.uab.cat\/sced\/","title":{"rendered":"Inici"},"content":{"rendered":"\n<div class=\"wp-block-columns is-layout-flex wp-container-core-columns-is-layout-9d6595d7 wp-block-columns-is-layout-flex\">\n<div class=\"wp-block-column is-layout-flow wp-block-column-is-layout-flow\" style=\"flex-basis:33.33%\">\n<div class=\"wp-block-group\"><div class=\"wp-block-group__inner-container is-layout-flow wp-block-group-is-layout-flow\">\n<figure class=\"wp-block-image size-full is-resized\"><a href=\"https:\/\/centresderecerca.uab.cat\/iem\/\"><img loading=\"lazy\" decoding=\"async\" src=\"https:\/\/webs.uab.cat\/sced\/wp-content\/uploads\/sites\/274\/2013\/06\/iem.gif\" alt=\"iem\" class=\"wp-image-234\" width=\"222\" height=\"79\"\/><\/a><\/figure>\n\n\n\n<p><\/p>\n\n\n\n<figure class=\"wp-block-image size-full is-resized\"><a href=\"https:\/\/webs.uab.cat\/sced\/inscripcio\/\"><img loading=\"lazy\" decoding=\"async\" src=\"https:\/\/webs.uab.cat\/sced\/wp-content\/uploads\/sites\/274\/2013\/09\/inscripcio_1.png\" alt=\"inscripcio_1\" class=\"wp-image-246\" width=\"220\" height=\"79\"\/><\/a><\/figure>\n<\/div><\/div>\n<\/div>\n\n\n\n<div class=\"wp-block-column is-layout-flow wp-block-column-is-layout-flow\" style=\"flex-basis:66.66%\">\n<p><u><span style=\"font-size: 18px;\">Congr\u00e9s internacional<\/span><\/u><\/p>\n\n\n\n<p>Entre el 15 i el 17 de desembre del 2021, a la Universitat Pompeu Fabra (al Campus de Poblenou) se celebrar\u00e0 el congr\u00e9s internacional <strong>Traduccions i recepci\u00f3 de Dante en les lleng\u00fces rom\u00e0niques<\/strong>. L&#8217;objectiu d&#8217;aquest congr\u00e9s \u00e9s celebrar el set\u00e8 centenari de la mort del poeta Dante Alighieri estudiant la recepci\u00f3 i les traduccions de la seva obra en les lleng\u00fces rom\u00e0niques, des del per\u00edode medieval fins a l&#8217;actualitat. L&#8217;organitzaci\u00f3 d&#8217;aquest congr\u00e9s va a c\u00e0rrec d&#8217;aquesta societat,&nbsp;juntament amb el Departament de Traducci\u00f3 i Ci\u00e8ncies del Llenguatge (UPF) i la Societat Catalana de Llengua i Literatura (IEC). Podeu trobar m\u00e9s informaci\u00f3 en aquest <a href=\"https:\/\/eventum.upf.edu\/event_detail\/61764\/detail\/congres-internacional-traduccions-i-recepcio-de-dante-en-les-llengues-romaniques.html\">enlla\u00e7<\/a>, i en aquest hi teniu la <a href=\"https:\/\/webs.uab.cat\/sced\/wp-content\/uploads\/sites\/274\/2010\/06\/congres_dante_traduccioupf.pdf\">circular del congr\u00e9s<\/a>.<\/p>\n\n\n\n<figure class=\"wp-block-image\"><img loading=\"lazy\" decoding=\"async\" width=\"1107\" height=\"1007\" src=\"https:\/\/webs.uab.cat\/sced\/wp-content\/uploads\/sites\/274\/2010\/06\/dante-quadrat.jpg\" alt=\"\" class=\"wp-image-49\" srcset=\"https:\/\/webs.uab.cat\/sced\/wp-content\/uploads\/sites\/274\/2010\/06\/dante-quadrat.jpg 1107w, https:\/\/webs.uab.cat\/sced\/wp-content\/uploads\/sites\/274\/2010\/06\/dante-quadrat-300x273.jpg 300w, https:\/\/webs.uab.cat\/sced\/wp-content\/uploads\/sites\/274\/2010\/06\/dante-quadrat-1024x931.jpg 1024w, https:\/\/webs.uab.cat\/sced\/wp-content\/uploads\/sites\/274\/2010\/06\/dante-quadrat-768x699.jpg 768w\" sizes=\"auto, (max-width: 1107px) 100vw, 1107px\" \/><\/figure>\n\n\n\n<p><span style=\"font-size: 14px;\"><span style=\"font-family: arial,helvetica,sans-serif;\">La <strong>Societat Catalana d\u2019Estudis Dantescos<\/strong> (SCED) \u00e9s una associaci\u00f3 creada l\u2019any 2000, vinculada a les&nbsp;universitats catalanes i en particular a l\u2019<a href=\"http:\/\/centresderecerca.uab.cat\/iem\/\" target=\"_blank\" rel=\"noopener\">Institut d\u2019Estudis Medievals<\/a> de la Universitat Aut\u00f2noma de&nbsp;Barcelona. La seva tasca principal \u00e9s la recerca, promoci\u00f3, desenvolupament i did\u00e0ctica dels estudis&nbsp;referents a Dante Alighieri i el seu temps amb l\u2019objectiu d\u2019esdevenir un pol important en l\u2019\u00e0mbit de la&nbsp;investigaci\u00f3 internacional. La SCED tamb\u00e9 es proposa organitzar cursos i activitats per a un p\u00fablic ampli&nbsp;per difondre Dante i la seva obra entre la societat catalana. Per aixo, aquesta societat est\u00e0 formada per gent de perfils molt diversos:&nbsp;d&#8217;una banda,&nbsp;per investigadors que tenen com a l\u00ednia de recerca Dante Alighieri (la seva obra, el context en qu\u00e8 va viure, les traduccions que se n&#8217;han fet, etc.), i, d&#8217;altra banda, per persones a qui interessa la vida i l&#8217;obra d&#8217;aquest autor florent\u00ed.<\/span><\/span><\/p>\n\n\n\n<p><span style=\"font-size: 14px;\"><span style=\"font-family: arial,helvetica,sans-serif;\">La Societat Catalana d\u2019Estudis Dantescos t\u00e9 una revista pr\u00f2pia: <a href=\"https:\/\/revistes.uab.cat\/dea\" target=\"_blank\" rel=\"noopener\"><em>Dante e l\u2019Arte<\/em><\/a>.<\/span> Aquesta revista t\u00e9 com a objectiu fer \u00e8mfasi en la centralitat de Dante en la creaci\u00f3 art\u00edstica del seu temps i dels segles posteriors, fins a avui dia. L\u2019estructura ordin\u00e0ria de la revista t\u00e9 dues parts: la primera part s\u2019ocupa exclusivament de l\u2019art en totes les seves declinacions (iconografia, teatre, m\u00fasica, etc.) de l\u2019obra dantesca; la segona, la recepci\u00f3 en l\u2019art (teatre, art visual, m\u00fasica, literatura, etc.) del tres-cents endavant. A m\u00e9s, tamb\u00e9 hi ha una secci\u00f3 de notes relatives a les publicacions o iniciatives lligades al camp d\u2019inter\u00e8s, i una altra secci\u00f3 dedicada a la recensi\u00f3 de les publicacions recents.<\/span><\/p>\n\n\n\n<p>Tamb\u00e9 ens podeu trobar a <a href=\"https:\/\/twitter.com\/SCEDantescos\">Twitter<\/a>&nbsp;i&nbsp;a&nbsp;<a href=\"https:\/\/www.youtube.com\/channel\/UC5YTelL_uWg7R1ik4RhD_xw\/featured\" target=\"_blank\" rel=\"noopener\">Youtube<\/a>!<\/p>\n\n\n\n<figure class=\"wp-block-image\"><img loading=\"lazy\" decoding=\"async\" width=\"800\" height=\"130\" src=\"https:\/\/webs.uab.cat\/sced\/wp-content\/uploads\/sites\/274\/2010\/06\/homeheadertitleimage_it_it.png\" alt=\"homeheadertitleimage_it_it.png\" class=\"wp-image-53\" srcset=\"https:\/\/webs.uab.cat\/sced\/wp-content\/uploads\/sites\/274\/2010\/06\/homeheadertitleimage_it_it.png 800w, https:\/\/webs.uab.cat\/sced\/wp-content\/uploads\/sites\/274\/2010\/06\/homeheadertitleimage_it_it-300x49.png 300w, https:\/\/webs.uab.cat\/sced\/wp-content\/uploads\/sites\/274\/2010\/06\/homeheadertitleimage_it_it-768x125.png 768w\" sizes=\"auto, (max-width: 800px) 100vw, 800px\" \/><\/figure>\n\n\n\n<p><\/p>\n<\/div>\n<\/div>\n\n\n\n<p><\/p>\n","protected":false},"excerpt":{"rendered":"<p>Congr\u00e9s internacional Entre el 15 i el 17 de desembre del 2021, a la Universitat Pompeu Fabra (al Campus de Poblenou) se celebrar\u00e0 el congr\u00e9s internacional Traduccions i recepci\u00f3 de Dante en les lleng\u00fces rom\u00e0niques. L&#8217;objectiu d&#8217;aquest congr\u00e9s \u00e9s celebrar el set\u00e8 centenari de la mort del poeta Dante Alighieri estudiant la recepci\u00f3 i les [&hellip;]<\/p>\n","protected":false},"author":20,"featured_media":0,"parent":0,"menu_order":0,"comment_status":"closed","ping_status":"closed","template":"","meta":{"footnotes":""},"class_list":["post-55","page","type-page","status-publish","hentry"],"_links":{"self":[{"href":"https:\/\/webs.uab.cat\/sced\/wp-json\/wp\/v2\/pages\/55","targetHints":{"allow":["GET"]}}],"collection":[{"href":"https:\/\/webs.uab.cat\/sced\/wp-json\/wp\/v2\/pages"}],"about":[{"href":"https:\/\/webs.uab.cat\/sced\/wp-json\/wp\/v2\/types\/page"}],"author":[{"embeddable":true,"href":"https:\/\/webs.uab.cat\/sced\/wp-json\/wp\/v2\/users\/20"}],"replies":[{"embeddable":true,"href":"https:\/\/webs.uab.cat\/sced\/wp-json\/wp\/v2\/comments?post=55"}],"version-history":[{"count":2,"href":"https:\/\/webs.uab.cat\/sced\/wp-json\/wp\/v2\/pages\/55\/revisions"}],"predecessor-version":[{"id":324,"href":"https:\/\/webs.uab.cat\/sced\/wp-json\/wp\/v2\/pages\/55\/revisions\/324"}],"wp:attachment":[{"href":"https:\/\/webs.uab.cat\/sced\/wp-json\/wp\/v2\/media?parent=55"}],"curies":[{"name":"wp","href":"https:\/\/api.w.org\/{rel}","templated":true}]}}