{"id":279,"date":"2019-06-03T13:01:13","date_gmt":"2019-06-03T12:01:13","guid":{"rendered":"http:\/\/blogs.uab.cat\/sdlnomenclaturainterna\/?page_id=279"},"modified":"2019-06-03T13:01:13","modified_gmt":"2019-06-03T12:01:13","slug":"a","status":"publish","type":"page","link":"https:\/\/webs.uab.cat\/sdlnomenclaturainterna\/a\/","title":{"rendered":"A"},"content":{"rendered":"<hr \/>\n<ul>\n<li><a href=\"http:\/\/blogs.uab.cat\/sdlnomenclaturainterna\/fitxes-trilingues\/a\/accio-formativa\/\">acci\u00f3 formativa<\/a><\/li>\n<li><a href=\"http:\/\/blogs.uab.cat\/sdlnomenclaturainterna\/a\/acles\/\">associaci\u00f3 de centres de lleng\u00fces en l\u2019ensenyament superior<\/a><\/li>\n<li><a href=\"http:\/\/blogs.uab.cat\/sdlnomenclaturainterna\/fitxes-trilingues\/a\/acollida\/\">acollida<\/a><\/li>\n<li><a href=\"http:\/\/blogs.uab.cat\/sdlnomenclaturainterna\/fitxes-trilingues\/a\/acollida-linguistica\/\">acollida ling\u00fc\u00edstica<\/a><\/li>\n<li><a href=\"http:\/\/blogs.uab.cat\/sdlnomenclaturainterna\/fitxes-trilingues\/a\/acollida-linguistica-i-cultural\/\">acollida ling\u00fc\u00edstica i cultural<\/a><\/li>\n<li><a href=\"http:\/\/blogs.uab.cat\/sdlnomenclaturainterna\/a\/acta\/\">acta<\/a><\/li>\n<li><a href=\"http:\/\/blogs.uab.cat\/sdlnomenclaturainterna\/a\/acta-definitiva\/\">acta definitiva<\/a><\/li>\n<li><a href=\"http:\/\/blogs.uab.cat\/sdlnomenclaturainterna\/a\/acta-de-reunio\/\">acta de reuni\u00f3<\/a><\/li>\n<li><a href=\"http:\/\/blogs.uab.cat\/sdlnomenclaturainterna\/a\/activitat-de-voluntariat\/\">activitat de voluntariat<\/a><\/li>\n<li><a href=\"http:\/\/blogs.uab.cat\/sdlnomenclaturainterna\/a\/actuacions-del-pla-de-llengues\/\">actuacions del pla de lleng\u00fces<\/a><\/li>\n<li><a href=\"http:\/\/blogs.uab.cat\/sdlnomenclaturainterna\/a\/administracio\/\">administraci\u00f3<\/a><\/li>\n<li><a href=\"http:\/\/blogs.uab.cat\/sdlnomenclaturainterna\/a\/ajuts-interlingua\/\">ajuts interlingua<\/a><\/li>\n<li><a href=\"http:\/\/blogs.uab.cat\/sdlnomenclaturainterna\/a\/ambit-deconomia\/\">\u00e0mbit d\u2019economia<\/a><\/li>\n<li><a href=\"http:\/\/blogs.uab.cat\/sdlnomenclaturainterna\/a\/aprenentatge-autonom\/\">aprenentatge aut\u00f2nom<\/a><\/li>\n<li><a href=\"http:\/\/blogs.uab.cat\/sdlnomenclaturainterna\/a\/aulari-central\/\">aulari central<\/a><\/li>\n<li><a href=\"http:\/\/blogs.uab.cat\/sdlnomenclaturainterna\/a\/autoaprenentatge\/\">autoaprenentatge<\/a><\/li>\n<li><a href=\"http:\/\/blogs.uab.cat\/sdlnomenclaturainterna\/a\/avaluacio\/\">avaluaci\u00f3<\/a><\/li>\n<li><a href=\"http:\/\/blogs.uab.cat\/sdlnomenclaturainterna\/a\/avaluacio-continuada\/\">avaluaci\u00f3 continuada<\/a><\/li>\n<\/ul>\n<hr \/>\n<p>&nbsp;<\/p>\n","protected":false},"excerpt":{"rendered":"<p>acci\u00f3 formativa associaci\u00f3 de centres de lleng\u00fces en l\u2019ensenyament superior acollida acollida ling\u00fc\u00edstica acollida ling\u00fc\u00edstica i cultural acta acta definitiva acta de reuni\u00f3 activitat de voluntariat actuacions del pla de lleng\u00fces administraci\u00f3 ajuts interlingua \u00e0mbit d\u2019economia aprenentatge aut\u00f2nom aulari central autoaprenentatge avaluaci\u00f3 avaluaci\u00f3 continuada &nbsp;<\/p>\n","protected":false},"author":59,"featured_media":0,"parent":0,"menu_order":1,"comment_status":"closed","ping_status":"closed","template":"","meta":{"footnotes":""},"class_list":["post-279","page","type-page","status-publish","hentry"],"_links":{"self":[{"href":"https:\/\/webs.uab.cat\/sdlnomenclaturainterna\/wp-json\/wp\/v2\/pages\/279","targetHints":{"allow":["GET"]}}],"collection":[{"href":"https:\/\/webs.uab.cat\/sdlnomenclaturainterna\/wp-json\/wp\/v2\/pages"}],"about":[{"href":"https:\/\/webs.uab.cat\/sdlnomenclaturainterna\/wp-json\/wp\/v2\/types\/page"}],"author":[{"embeddable":true,"href":"https:\/\/webs.uab.cat\/sdlnomenclaturainterna\/wp-json\/wp\/v2\/users\/59"}],"replies":[{"embeddable":true,"href":"https:\/\/webs.uab.cat\/sdlnomenclaturainterna\/wp-json\/wp\/v2\/comments?post=279"}],"version-history":[{"count":0,"href":"https:\/\/webs.uab.cat\/sdlnomenclaturainterna\/wp-json\/wp\/v2\/pages\/279\/revisions"}],"wp:attachment":[{"href":"https:\/\/webs.uab.cat\/sdlnomenclaturainterna\/wp-json\/wp\/v2\/media?parent=279"}],"curies":[{"name":"wp","href":"https:\/\/api.w.org\/{rel}","templated":true}]}}