{"id":291,"date":"2019-06-03T13:06:51","date_gmt":"2019-06-03T12:06:51","guid":{"rendered":"http:\/\/blogs.uab.cat\/sdlnomenclaturainterna\/?page_id=291"},"modified":"2019-06-03T13:06:51","modified_gmt":"2019-06-03T12:06:51","slug":"g","status":"publish","type":"page","link":"https:\/\/webs.uab.cat\/sdlnomenclaturainterna\/g\/","title":{"rendered":"G"},"content":{"rendered":"<hr \/>\n<ul>\n<li><a href=\"http:\/\/blogs.uab.cat\/sdlnomenclaturainterna\/g\/gerencia\/\">ger\u00e8ncia<\/a><\/li>\n<li><a href=\"http:\/\/blogs.uab.cat\/sdlnomenclaturainterna\/g\/gestio-academica\/\">gesti\u00f3 acad\u00e8mica<\/a><\/li>\n<li><a href=\"http:\/\/blogs.uab.cat\/sdlnomenclaturainterna\/g\/gestio-economica\/\">gesti\u00f3 econ\u00f2mica<\/a><\/li>\n<li><a href=\"http:\/\/blogs.uab.cat\/sdlnomenclaturainterna\/g\/gestor-de-projectes\/\">gestor \/ a de projectes<\/a><\/li>\n<li><a href=\"http:\/\/blogs.uab.cat\/sdlnomenclaturainterna\/g\/glossari\/\">glossari<\/a><\/li>\n<li><a href=\"http:\/\/blogs.uab.cat\/sdlnomenclaturainterna\/g\/gravacio\/\">gravaci\u00f3<\/a><\/li>\n<li><a href=\"http:\/\/blogs.uab.cat\/sdlnomenclaturainterna\/g\/grup\/\">grup<\/a><\/li>\n<li><a href=\"http:\/\/blogs.uab.cat\/sdlnomenclaturainterna\/g\/guia-destil\/\">guia d\u2019estil<\/a><\/li>\n<li><a href=\"http:\/\/blogs.uab.cat\/sdlnomenclaturainterna\/g\/guia-docent\/\">guia docent<\/a><\/li>\n<\/ul>\n<hr \/>\n<p>&nbsp;<\/p>\n","protected":false},"excerpt":{"rendered":"<p>ger\u00e8ncia gesti\u00f3 acad\u00e8mica gesti\u00f3 econ\u00f2mica gestor \/ a de projectes glossari gravaci\u00f3 grup guia d\u2019estil guia docent &nbsp;<\/p>\n","protected":false},"author":59,"featured_media":0,"parent":0,"menu_order":7,"comment_status":"closed","ping_status":"closed","template":"","meta":{"footnotes":""},"class_list":["post-291","page","type-page","status-publish","hentry"],"_links":{"self":[{"href":"https:\/\/webs.uab.cat\/sdlnomenclaturainterna\/wp-json\/wp\/v2\/pages\/291","targetHints":{"allow":["GET"]}}],"collection":[{"href":"https:\/\/webs.uab.cat\/sdlnomenclaturainterna\/wp-json\/wp\/v2\/pages"}],"about":[{"href":"https:\/\/webs.uab.cat\/sdlnomenclaturainterna\/wp-json\/wp\/v2\/types\/page"}],"author":[{"embeddable":true,"href":"https:\/\/webs.uab.cat\/sdlnomenclaturainterna\/wp-json\/wp\/v2\/users\/59"}],"replies":[{"embeddable":true,"href":"https:\/\/webs.uab.cat\/sdlnomenclaturainterna\/wp-json\/wp\/v2\/comments?post=291"}],"version-history":[{"count":0,"href":"https:\/\/webs.uab.cat\/sdlnomenclaturainterna\/wp-json\/wp\/v2\/pages\/291\/revisions"}],"wp:attachment":[{"href":"https:\/\/webs.uab.cat\/sdlnomenclaturainterna\/wp-json\/wp\/v2\/media?parent=291"}],"curies":[{"name":"wp","href":"https:\/\/api.w.org\/{rel}","templated":true}]}}