{"id":295,"date":"2019-06-03T13:10:50","date_gmt":"2019-06-03T12:10:50","guid":{"rendered":"http:\/\/blogs.uab.cat\/sdlnomenclaturainterna\/?page_id=295"},"modified":"2019-06-03T13:10:50","modified_gmt":"2019-06-03T12:10:50","slug":"i","status":"publish","type":"page","link":"https:\/\/webs.uab.cat\/sdlnomenclaturainterna\/i\/","title":{"rendered":"I"},"content":{"rendered":"<hr \/>\n<ul>\n<li><a href=\"http:\/\/blogs.uab.cat\/sdlnomenclaturainterna\/i\/indicadors-linguistics\/\">indicadors ling\u00fc\u00edstics<\/a><\/li>\n<li><a href=\"http:\/\/blogs.uab.cat\/sdlnomenclaturainterna\/i\/integracio-linguistica-i-cultural\/\">integraci\u00f3 ling\u00fc\u00edstica i cultural<\/a><\/li>\n<li><a href=\"http:\/\/blogs.uab.cat\/sdlnomenclaturainterna\/i\/intercanvi-linguistic\/\">intercanvi ling\u00fc\u00edstic<\/a><\/li>\n<li><a href=\"http:\/\/blogs.uab.cat\/sdlnomenclaturainterna\/i\/intercanvi-linguistic-i-cultural\/\">intercanvi ling\u00fc\u00edstic i cultural<\/a><\/li>\n<li><a href=\"http:\/\/blogs.uab.cat\/sdlnomenclaturainterna\/i\/interculturalitat\/\">interculturalitat<\/a><\/li>\n<li><a href=\"http:\/\/blogs.uab.cat\/sdlnomenclaturainterna\/i\/interlingua\/\">interlingua<\/a><\/li>\n<li><a href=\"http:\/\/blogs.uab.cat\/sdlnomenclaturainterna\/i\/internacionalitzacio\/\">internacionalitzaci\u00f3<\/a><\/li>\n<li><a href=\"http:\/\/blogs.uab.cat\/sdlnomenclaturainterna\/i\/internacionalitzacio-a-casa\/\">internacionalitzaci\u00f3 a casa<\/a><\/li>\n<\/ul>\n<hr \/>\n<p>&nbsp;<\/p>\n","protected":false},"excerpt":{"rendered":"<p>indicadors ling\u00fc\u00edstics integraci\u00f3 ling\u00fc\u00edstica i cultural intercanvi ling\u00fc\u00edstic intercanvi ling\u00fc\u00edstic i cultural interculturalitat interlingua internacionalitzaci\u00f3 internacionalitzaci\u00f3 a casa &nbsp;<\/p>\n","protected":false},"author":59,"featured_media":0,"parent":0,"menu_order":9,"comment_status":"closed","ping_status":"closed","template":"","meta":{"footnotes":""},"class_list":["post-295","page","type-page","status-publish","hentry"],"_links":{"self":[{"href":"https:\/\/webs.uab.cat\/sdlnomenclaturainterna\/wp-json\/wp\/v2\/pages\/295","targetHints":{"allow":["GET"]}}],"collection":[{"href":"https:\/\/webs.uab.cat\/sdlnomenclaturainterna\/wp-json\/wp\/v2\/pages"}],"about":[{"href":"https:\/\/webs.uab.cat\/sdlnomenclaturainterna\/wp-json\/wp\/v2\/types\/page"}],"author":[{"embeddable":true,"href":"https:\/\/webs.uab.cat\/sdlnomenclaturainterna\/wp-json\/wp\/v2\/users\/59"}],"replies":[{"embeddable":true,"href":"https:\/\/webs.uab.cat\/sdlnomenclaturainterna\/wp-json\/wp\/v2\/comments?post=295"}],"version-history":[{"count":0,"href":"https:\/\/webs.uab.cat\/sdlnomenclaturainterna\/wp-json\/wp\/v2\/pages\/295\/revisions"}],"wp:attachment":[{"href":"https:\/\/webs.uab.cat\/sdlnomenclaturainterna\/wp-json\/wp\/v2\/media?parent=295"}],"curies":[{"name":"wp","href":"https:\/\/api.w.org\/{rel}","templated":true}]}}