{"id":299,"date":"2019-06-03T13:11:21","date_gmt":"2019-06-03T12:11:21","guid":{"rendered":"http:\/\/blogs.uab.cat\/sdlnomenclaturainterna\/?page_id=299"},"modified":"2019-06-03T13:11:21","modified_gmt":"2019-06-03T12:11:21","slug":"m","status":"publish","type":"page","link":"https:\/\/webs.uab.cat\/sdlnomenclaturainterna\/m\/","title":{"rendered":"M"},"content":{"rendered":"<hr \/>\n<ul>\n<li><a href=\"http:\/\/blogs.uab.cat\/sdlnomenclaturainterna\/m\/marc-europeu-comu-de-referencia-per-a-les-llengues\/\">marc europeu com\u00fa de refer\u00e8ncia per a les lleng\u00fces<\/a><\/li>\n<li><a href=\"http:\/\/blogs.uab.cat\/sdlnomenclaturainterna\/matricula\/\">matr\u00edcula<\/a><\/li>\n<li><a href=\"http:\/\/blogs.uab.cat\/sdlnomenclaturainterna\/m\/memoria-de-traduccio\/\">mem\u00f2ria de traducci\u00f3<\/a><\/li>\n<li><a href=\"http:\/\/blogs.uab.cat\/sdlnomenclaturainterna\/m\/mobilitat\/\">mobilitat<\/a><\/li>\n<li><a href=\"http:\/\/blogs.uab.cat\/sdlnomenclaturainterna\/m\/multilinguisme\/\">multiling\u00fcisme<\/a><\/li>\n<\/ul>\n<hr \/>\n<p>&nbsp;<\/p>\n","protected":false},"excerpt":{"rendered":"<p>marc europeu com\u00fa de refer\u00e8ncia per a les lleng\u00fces matr\u00edcula mem\u00f2ria de traducci\u00f3 mobilitat multiling\u00fcisme &nbsp;<\/p>\n","protected":false},"author":59,"featured_media":0,"parent":0,"menu_order":11,"comment_status":"closed","ping_status":"closed","template":"","meta":{"footnotes":""},"class_list":["post-299","page","type-page","status-publish","hentry"],"_links":{"self":[{"href":"https:\/\/webs.uab.cat\/sdlnomenclaturainterna\/wp-json\/wp\/v2\/pages\/299","targetHints":{"allow":["GET"]}}],"collection":[{"href":"https:\/\/webs.uab.cat\/sdlnomenclaturainterna\/wp-json\/wp\/v2\/pages"}],"about":[{"href":"https:\/\/webs.uab.cat\/sdlnomenclaturainterna\/wp-json\/wp\/v2\/types\/page"}],"author":[{"embeddable":true,"href":"https:\/\/webs.uab.cat\/sdlnomenclaturainterna\/wp-json\/wp\/v2\/users\/59"}],"replies":[{"embeddable":true,"href":"https:\/\/webs.uab.cat\/sdlnomenclaturainterna\/wp-json\/wp\/v2\/comments?post=299"}],"version-history":[{"count":0,"href":"https:\/\/webs.uab.cat\/sdlnomenclaturainterna\/wp-json\/wp\/v2\/pages\/299\/revisions"}],"wp:attachment":[{"href":"https:\/\/webs.uab.cat\/sdlnomenclaturainterna\/wp-json\/wp\/v2\/media?parent=299"}],"curies":[{"name":"wp","href":"https:\/\/api.w.org\/{rel}","templated":true}]}}