{"id":307,"date":"2019-06-03T13:12:40","date_gmt":"2019-06-03T12:12:40","guid":{"rendered":"http:\/\/blogs.uab.cat\/sdlnomenclaturainterna\/?page_id=307"},"modified":"2019-06-03T13:12:40","modified_gmt":"2019-06-03T12:12:40","slug":"s","status":"publish","type":"page","link":"https:\/\/webs.uab.cat\/sdlnomenclaturainterna\/s\/","title":{"rendered":"S"},"content":{"rendered":"<hr \/>\n<ul>\n<li><a href=\"http:\/\/blogs.uab.cat\/sdlnomenclaturainterna\/s\/seccio-didioma-de-llengua\/\">secci\u00f3 d\u2019idioma \/ de llengua<\/a><\/li>\n<li><a href=\"http:\/\/blogs.uab.cat\/sdlnomenclaturainterna\/s\/secretaria\/\">secretaria<\/a><\/li>\n<li><a href=\"http:\/\/blogs.uab.cat\/sdlnomenclaturainterna\/s\/secretaria-de-politica-linguistica\/\">secretaria de pol\u00edtica ling\u00fc\u00edstica<\/a><\/li>\n<li><a href=\"http:\/\/blogs.uab.cat\/sdlnomenclaturainterna\/s\/semipresencial\/\">semipresencial<\/a><\/li>\n<li><a href=\"http:\/\/blogs.uab.cat\/sdlnomenclaturainterna\/s\/servei-de-llengues\/\">servei de lleng\u00fces<\/a><\/li>\n<li><a href=\"http:\/\/blogs.uab.cat\/sdlnomenclaturainterna\/s\/sol%c2%b7licitud\/\">sol\u00b7licitud<\/a><\/li>\n<li><a href=\"http:\/\/blogs.uab.cat\/sdlnomenclaturainterna\/s\/sots-director-a\/\">sots director\/a<\/a><\/li>\n<\/ul>\n<hr \/>\n<p>&nbsp;<\/p>\n","protected":false},"excerpt":{"rendered":"<p>secci\u00f3 d\u2019idioma \/ de llengua secretaria secretaria de pol\u00edtica ling\u00fc\u00edstica semipresencial servei de lleng\u00fces sol\u00b7licitud sots director\/a &nbsp;<\/p>\n","protected":false},"author":59,"featured_media":0,"parent":0,"menu_order":15,"comment_status":"closed","ping_status":"closed","template":"","meta":{"footnotes":""},"class_list":["post-307","page","type-page","status-publish","hentry"],"_links":{"self":[{"href":"https:\/\/webs.uab.cat\/sdlnomenclaturainterna\/wp-json\/wp\/v2\/pages\/307","targetHints":{"allow":["GET"]}}],"collection":[{"href":"https:\/\/webs.uab.cat\/sdlnomenclaturainterna\/wp-json\/wp\/v2\/pages"}],"about":[{"href":"https:\/\/webs.uab.cat\/sdlnomenclaturainterna\/wp-json\/wp\/v2\/types\/page"}],"author":[{"embeddable":true,"href":"https:\/\/webs.uab.cat\/sdlnomenclaturainterna\/wp-json\/wp\/v2\/users\/59"}],"replies":[{"embeddable":true,"href":"https:\/\/webs.uab.cat\/sdlnomenclaturainterna\/wp-json\/wp\/v2\/comments?post=307"}],"version-history":[{"count":0,"href":"https:\/\/webs.uab.cat\/sdlnomenclaturainterna\/wp-json\/wp\/v2\/pages\/307\/revisions"}],"wp:attachment":[{"href":"https:\/\/webs.uab.cat\/sdlnomenclaturainterna\/wp-json\/wp\/v2\/media?parent=307"}],"curies":[{"name":"wp","href":"https:\/\/api.w.org\/{rel}","templated":true}]}}