{"id":538,"date":"2019-06-14T10:46:51","date_gmt":"2019-06-14T09:46:51","guid":{"rendered":"http:\/\/blogs.uab.cat\/sdlnomenclaturainterna\/?page_id=538"},"modified":"2019-06-14T10:46:51","modified_gmt":"2019-06-14T09:46:51","slug":"expressio-escrita","status":"publish","type":"page","link":"https:\/\/webs.uab.cat\/sdlnomenclaturainterna\/e\/expressio-escrita\/","title":{"rendered":"expressi\u00f3 escrita"},"content":{"rendered":"<p>ca expressi\u00f3 escrita f<\/p>\n<p>en writing n<\/p>\n<p>es expresi\u00f3n escrita f<\/p>\n<p>Vegeu:<\/p>\n<p><a href=\"http:\/\/blogs.uab.cat\/sdlnomenclaturainterna\/c\/comprensio-oral\/\">comprensi\u00f3 oral<\/a><br \/>\n<a href=\"http:\/\/blogs.uab.cat\/sdlnomenclaturainterna\/c\/comprensio-escrita\/\">comprensi\u00f3 escrita<\/a><br \/>\n<a href=\"http:\/\/blogs.uab.cat\/sdlnomenclaturainterna\/e\/expressio-oral\/\">expressi\u00f3 oral<\/a><\/p>\n","protected":false},"excerpt":{"rendered":"<p>ca expressi\u00f3 escrita f en writing n es expresi\u00f3n escrita f Vegeu: comprensi\u00f3 oral comprensi\u00f3 escrita expressi\u00f3 oral<\/p>\n","protected":false},"author":59,"featured_media":0,"parent":287,"menu_order":16,"comment_status":"closed","ping_status":"closed","template":"","meta":{"footnotes":""},"class_list":["post-538","page","type-page","status-publish","hentry"],"_links":{"self":[{"href":"https:\/\/webs.uab.cat\/sdlnomenclaturainterna\/wp-json\/wp\/v2\/pages\/538","targetHints":{"allow":["GET"]}}],"collection":[{"href":"https:\/\/webs.uab.cat\/sdlnomenclaturainterna\/wp-json\/wp\/v2\/pages"}],"about":[{"href":"https:\/\/webs.uab.cat\/sdlnomenclaturainterna\/wp-json\/wp\/v2\/types\/page"}],"author":[{"embeddable":true,"href":"https:\/\/webs.uab.cat\/sdlnomenclaturainterna\/wp-json\/wp\/v2\/users\/59"}],"replies":[{"embeddable":true,"href":"https:\/\/webs.uab.cat\/sdlnomenclaturainterna\/wp-json\/wp\/v2\/comments?post=538"}],"version-history":[{"count":0,"href":"https:\/\/webs.uab.cat\/sdlnomenclaturainterna\/wp-json\/wp\/v2\/pages\/538\/revisions"}],"up":[{"embeddable":true,"href":"https:\/\/webs.uab.cat\/sdlnomenclaturainterna\/wp-json\/wp\/v2\/pages\/287"}],"wp:attachment":[{"href":"https:\/\/webs.uab.cat\/sdlnomenclaturainterna\/wp-json\/wp\/v2\/media?parent=538"}],"curies":[{"name":"wp","href":"https:\/\/api.w.org\/{rel}","templated":true}]}}