{"id":89,"date":"2018-03-21T13:39:36","date_gmt":"2018-03-21T13:39:36","guid":{"rendered":"https:\/\/webs.uab.cat\/sdpp\/formacio-2\/"},"modified":"2018-03-21T13:39:36","modified_gmt":"2018-03-21T13:39:36","slug":"formacio-2","status":"publish","type":"page","link":"https:\/\/webs.uab.cat\/sdpp\/en\/formacio-2\/","title":{"rendered":"Formaci\u00f3"},"content":{"rendered":"<p><strong>FORMACI\u00d3 CONTINUADA I &#8220;CUSTOMITZADA&#8221;<\/strong><\/p>\n<p>El SDPP, com a part dels serveis cient\u00edfico-t\u00e8cnics de la Facultat de Veterin\u00e0ria de la UAB te una gran vocaci\u00f3 tamb\u00e9 en la formaci\u00f3. A part de la participaci\u00f3 de la Les Dres. Carrasson, Constenla i el Dr. Padr\u00f3s en activitats docents de grau, m\u00e0ster i doctorat relacionades amb salut d&#8217;animals aqu\u00e0tics, el Dr Padr\u00f3s i la Dra Constenla tenen una ampla exper\u00ec\u00e8ncia en formaci\u00f3 continuada. En aquest sentit, han participat com a organitzadors i com a docents en v\u00e0ries de les edicions dels &#8220;cursos de diagn\u00f3stico en peces&#8221; organitzats amb col.laboraci\u00f3 de Skretting i la plataforma MyHappyFish (<a href=\"https:\/\/www.facebook.com\/MyHappyFish\/\">https:\/\/www.facebook.com\/MyHappyFish<\/a>\/).&nbsp;<\/p>\n<p>Tamb\u00e9 des del SDPP oferim<strong> formaci\u00f3 &#8220;a la carta<\/strong>&#8221; per a tots aquells professionals que vulguin ampliar la seva formaci\u00f3 en tem\u00e0tiques de salut en esp\u00e8cies aqu\u00e0tiques&nbsp;<\/p>\n<p>&nbsp;<\/p>\n<p>&nbsp;<\/p>\n<p>&nbsp;<\/p>\n","protected":false},"excerpt":{"rendered":"<p>FORMACI\u00d3 CONTINUADA I &#8220;CUSTOMITZADA&#8221; El SDPP, com a part dels serveis cient\u00edfico-t\u00e8cnics de la Facultat de Veterin\u00e0ria de la UAB te una gran vocaci\u00f3 tamb\u00e9 en la formaci\u00f3. A part de la participaci\u00f3 de la Les Dres. Carrasson, Constenla i el Dr. Padr\u00f3s en activitats docents de grau, m\u00e0ster i doctorat relacionades amb salut d&#8217;animals [&hellip;]<\/p>\n","protected":false},"author":20,"featured_media":0,"parent":0,"menu_order":0,"comment_status":"closed","ping_status":"closed","template":"","meta":{"footnotes":""},"class_list":["post-89","page","type-page","status-publish","hentry"],"_links":{"self":[{"href":"https:\/\/webs.uab.cat\/sdpp\/en\/wp-json\/wp\/v2\/pages\/89","targetHints":{"allow":["GET"]}}],"collection":[{"href":"https:\/\/webs.uab.cat\/sdpp\/en\/wp-json\/wp\/v2\/pages"}],"about":[{"href":"https:\/\/webs.uab.cat\/sdpp\/en\/wp-json\/wp\/v2\/types\/page"}],"author":[{"embeddable":true,"href":"https:\/\/webs.uab.cat\/sdpp\/en\/wp-json\/wp\/v2\/users\/20"}],"replies":[{"embeddable":true,"href":"https:\/\/webs.uab.cat\/sdpp\/en\/wp-json\/wp\/v2\/comments?post=89"}],"version-history":[{"count":0,"href":"https:\/\/webs.uab.cat\/sdpp\/en\/wp-json\/wp\/v2\/pages\/89\/revisions"}],"wp:attachment":[{"href":"https:\/\/webs.uab.cat\/sdpp\/en\/wp-json\/wp\/v2\/media?parent=89"}],"curies":[{"name":"wp","href":"https:\/\/api.w.org\/{rel}","templated":true}]}}