{"id":94,"date":"2017-03-07T11:57:21","date_gmt":"2017-03-07T11:57:21","guid":{"rendered":"https:\/\/webs.uab.cat\/sdpp\/who-are-we\/"},"modified":"2022-08-15T09:48:33","modified_gmt":"2022-08-15T09:48:33","slug":"who-are-we","status":"publish","type":"page","link":"https:\/\/webs.uab.cat\/sdpp\/en\/who-are-we\/","title":{"rendered":"Who are we?"},"content":{"rendered":"\n<h2 class=\"wp-block-heading\">Equip del SDPP<\/h2>\n\n\n\n<p>En SDPP est\u00e0 format per les seg\u00fcents persones:<\/p>\n\n\n\n<div class=\"wp-block-columns is-layout-flex wp-container-core-columns-is-layout-9d6595d7 wp-block-columns-is-layout-flex\">\n<div class=\"wp-block-column is-layout-flow wp-block-column-is-layout-flow\">\n<h3 class=\"wp-block-heading\">Directora Cient\u00edfica<\/h3>\n\n\n\n<p>Dra Maite Carrass\u00f3n L\u00f3pez de Letona<\/p>\n<\/div>\n\n\n\n<div class=\"wp-block-column is-layout-flow wp-block-column-is-layout-flow\">\n<figure class=\"wp-block-image\"><img decoding=\"async\" src=\"http:\/\/sct.uab.cat\/sdpp\/sites\/sct.uab.cat.sdpp\/files\/styles\/fotografia_personal_mitjana\/public\/foto_francescpadros_0.jpg?itok=dKtNkxvt\" alt=\"FPadros\"\/><\/figure>\n\n\n\n<h3 class=\"wp-block-heading\"><strong>Director t\u00e8cnic<\/strong><\/h3>\n\n\n\n<p>Dr. Francesc Padr\u00f3s i Bover<\/p>\n<\/div>\n\n\n\n<div class=\"wp-block-column is-layout-flow wp-block-column-is-layout-flow\">\n<figure class=\"wp-block-image\"><img decoding=\"async\" src=\"http:\/\/sct.uab.cat\/sdpp\/sites\/sct.uab.cat.sdpp\/files\/styles\/fotografia_personal_mitjana\/public\/foto_mariaconstenla.jpg?itok=8Vv0tP75\" alt=\"MConstenla\"\/><\/figure>\n\n\n\n<h3 class=\"wp-block-heading\"><strong>Investigadora i account manager<\/strong><\/h3>\n\n\n\n<p>Dra. Maria Constenla Matalobos<\/p>\n<\/div>\n<\/div>\n","protected":false},"excerpt":{"rendered":"<p>Equip del SDPP En SDPP est\u00e0 format per les seg\u00fcents persones: Directora Cient\u00edfica Dra Maite Carrass\u00f3n L\u00f3pez de Letona Director t\u00e8cnic Dr. Francesc Padr\u00f3s i Bover Investigadora i account manager Dra. Maria Constenla Matalobos<\/p>\n","protected":false},"author":20,"featured_media":0,"parent":0,"menu_order":0,"comment_status":"closed","ping_status":"closed","template":"","meta":{"footnotes":""},"class_list":["post-94","page","type-page","status-publish","hentry"],"_links":{"self":[{"href":"https:\/\/webs.uab.cat\/sdpp\/en\/wp-json\/wp\/v2\/pages\/94","targetHints":{"allow":["GET"]}}],"collection":[{"href":"https:\/\/webs.uab.cat\/sdpp\/en\/wp-json\/wp\/v2\/pages"}],"about":[{"href":"https:\/\/webs.uab.cat\/sdpp\/en\/wp-json\/wp\/v2\/types\/page"}],"author":[{"embeddable":true,"href":"https:\/\/webs.uab.cat\/sdpp\/en\/wp-json\/wp\/v2\/users\/20"}],"replies":[{"embeddable":true,"href":"https:\/\/webs.uab.cat\/sdpp\/en\/wp-json\/wp\/v2\/comments?post=94"}],"version-history":[{"count":1,"href":"https:\/\/webs.uab.cat\/sdpp\/en\/wp-json\/wp\/v2\/pages\/94\/revisions"}],"predecessor-version":[{"id":162,"href":"https:\/\/webs.uab.cat\/sdpp\/en\/wp-json\/wp\/v2\/pages\/94\/revisions\/162"}],"wp:attachment":[{"href":"https:\/\/webs.uab.cat\/sdpp\/en\/wp-json\/wp\/v2\/media?parent=94"}],"curies":[{"name":"wp","href":"https:\/\/api.w.org\/{rel}","templated":true}]}}