{"id":96,"date":"2019-07-10T13:38:49","date_gmt":"2019-07-10T13:38:49","guid":{"rendered":"https:\/\/webs.uab.cat\/sdpp\/que-somos\/"},"modified":"2019-07-10T13:38:49","modified_gmt":"2019-07-10T13:38:49","slug":"que-somos","status":"publish","type":"page","link":"https:\/\/webs.uab.cat\/sdpp\/es\/","title":{"rendered":"\u00bfQu\u00e9 somos?"},"content":{"rendered":"<p>El Servicio de Diagn\u00f3stico Patol\u00f3gico en Peces (SDPP) naci\u00f3 hace unos quince a\u00f1os a partir de la tarea de investigaci\u00f3n en Ictiopatolog\u00eda y sanidad de peces realizada por la Dra. Silvia Crespo. Este servicio se crea con la principal vocaci\u00f3n de poder transferir a profesionales, empresas e instituciones p\u00fablicas y privadas el conocimiento generado en el campo de la salud y sanidad de peces principalmente, pero tambi\u00e9n de otros organismos acu\u00e1ticos. El SDPP se dirige pues a los campos de la acuicultura continental y marina, peces ornamentales, gesti\u00f3n de stocks pisc\u00edcolas del medio natural, toxicolog\u00eda acu\u00e1tica y tambi\u00e9n investigaci\u00f3n aplicada con peces como modelo experimental.<\/p>\n","protected":false},"excerpt":{"rendered":"<p>El Servicio de Diagn\u00f3stico Patol\u00f3gico en Peces (SDPP) naci\u00f3 hace unos quince a\u00f1os a partir de la tarea de investigaci\u00f3n en Ictiopatolog\u00eda y sanidad de peces realizada por la Dra. Silvia Crespo. Este servicio se crea con la principal vocaci\u00f3n de poder transferir a profesionales, empresas e instituciones p\u00fablicas y privadas el conocimiento generado en [&hellip;]<\/p>\n","protected":false},"author":20,"featured_media":0,"parent":0,"menu_order":0,"comment_status":"closed","ping_status":"closed","template":"","meta":{"footnotes":""},"class_list":["post-96","page","type-page","status-publish","hentry"],"_links":{"self":[{"href":"https:\/\/webs.uab.cat\/sdpp\/es\/wp-json\/wp\/v2\/pages\/96","targetHints":{"allow":["GET"]}}],"collection":[{"href":"https:\/\/webs.uab.cat\/sdpp\/es\/wp-json\/wp\/v2\/pages"}],"about":[{"href":"https:\/\/webs.uab.cat\/sdpp\/es\/wp-json\/wp\/v2\/types\/page"}],"author":[{"embeddable":true,"href":"https:\/\/webs.uab.cat\/sdpp\/es\/wp-json\/wp\/v2\/users\/20"}],"replies":[{"embeddable":true,"href":"https:\/\/webs.uab.cat\/sdpp\/es\/wp-json\/wp\/v2\/comments?post=96"}],"version-history":[{"count":0,"href":"https:\/\/webs.uab.cat\/sdpp\/es\/wp-json\/wp\/v2\/pages\/96\/revisions"}],"wp:attachment":[{"href":"https:\/\/webs.uab.cat\/sdpp\/es\/wp-json\/wp\/v2\/media?parent=96"}],"curies":[{"name":"wp","href":"https:\/\/api.w.org\/{rel}","templated":true}]}}