{"id":97,"date":"2019-07-10T13:42:01","date_gmt":"2019-07-10T13:42:01","guid":{"rendered":"https:\/\/webs.uab.cat\/sdpp\/formacion\/"},"modified":"2019-07-10T13:42:01","modified_gmt":"2019-07-10T13:42:01","slug":"formacion","status":"publish","type":"page","link":"https:\/\/webs.uab.cat\/sdpp\/es\/formacion\/","title":{"rendered":"Formaci\u00f3n"},"content":{"rendered":"<p>FORMACI\u00d3N CONTINUADA Y \u00abCUSTOMIZADA\u00bb<\/p>\n<p>El SDPP, como parte de los servicios cient\u00edfico-t\u00e9cnicos de la Facultad de Veterinaria de la UAB tiene una gran vocaci\u00f3n tambi\u00e9n en la formaci\u00f3n. Aparte de la participaci\u00f3n de las Dras. Carrass\u00f3n y Constenla y del Dr. Padr\u00f3s en actividades docentes de grado, m\u00e1ster y doctorado relacionadas con salud de animales acu\u00e1ticos, el Dr. Padr\u00f3s y la Dra Constenla tienen una amplia experiencia en formaci\u00f3n continuada. En este sentido, han participado como organizadores y como docentes en varias de las ediciones de los \u00abcursos de diagn\u00f3stico en peces\u00bb organizados en colaboraci\u00f3n con Skretting y la plataforma MyHappyFish (https:\/\/www.facebook.com\/MyHappyFish\/).<\/p>\n<p>Tambi\u00e9n desde el SDPP ofrecemos formaci\u00f3n \u00aba la carta\u00bb para todos aquellos profesionales que quieran ampliar su formaci\u00f3n en tem\u00e1ticas de salud en especies acu\u00e1ticas<\/p>\n<p>&nbsp;<\/p>\n<p>&nbsp;<\/p>\n","protected":false},"excerpt":{"rendered":"<p>FORMACI\u00d3N CONTINUADA Y \u00abCUSTOMIZADA\u00bb El SDPP, como parte de los servicios cient\u00edfico-t\u00e9cnicos de la Facultad de Veterinaria de la UAB tiene una gran vocaci\u00f3n tambi\u00e9n en la formaci\u00f3n. Aparte de la participaci\u00f3n de las Dras. Carrass\u00f3n y Constenla y del Dr. Padr\u00f3s en actividades docentes de grado, m\u00e1ster y doctorado relacionadas con salud de animales [&hellip;]<\/p>\n","protected":false},"author":20,"featured_media":0,"parent":0,"menu_order":0,"comment_status":"closed","ping_status":"closed","template":"","meta":{"footnotes":""},"class_list":["post-97","page","type-page","status-publish","hentry"],"_links":{"self":[{"href":"https:\/\/webs.uab.cat\/sdpp\/es\/wp-json\/wp\/v2\/pages\/97","targetHints":{"allow":["GET"]}}],"collection":[{"href":"https:\/\/webs.uab.cat\/sdpp\/es\/wp-json\/wp\/v2\/pages"}],"about":[{"href":"https:\/\/webs.uab.cat\/sdpp\/es\/wp-json\/wp\/v2\/types\/page"}],"author":[{"embeddable":true,"href":"https:\/\/webs.uab.cat\/sdpp\/es\/wp-json\/wp\/v2\/users\/20"}],"replies":[{"embeddable":true,"href":"https:\/\/webs.uab.cat\/sdpp\/es\/wp-json\/wp\/v2\/comments?post=97"}],"version-history":[{"count":0,"href":"https:\/\/webs.uab.cat\/sdpp\/es\/wp-json\/wp\/v2\/pages\/97\/revisions"}],"wp:attachment":[{"href":"https:\/\/webs.uab.cat\/sdpp\/es\/wp-json\/wp\/v2\/media?parent=97"}],"curies":[{"name":"wp","href":"https:\/\/api.w.org\/{rel}","templated":true}]}}