{"id":90,"date":"2019-02-04T14:33:04","date_gmt":"2019-02-04T14:33:04","guid":{"rendered":"https:\/\/webs.uab.cat\/sdpp\/recerca\/"},"modified":"2019-02-04T14:33:04","modified_gmt":"2019-02-04T14:33:04","slug":"recerca","status":"publish","type":"page","link":"https:\/\/webs.uab.cat\/sdpp\/recerca\/","title":{"rendered":"Recerca"},"content":{"rendered":"<p>Una de les principals vocacions del SDPP es la de fer de nexe i de pont entre la recerca i els diferents sectors productius que puguin estar relacionats amb la salut de peixos. \u00c9s per aix\u00f2&nbsp; que el nostre servei compta amb una dilatada experi\u00e8ncia de col\u00b7laboraci\u00f3 en R+D+I amb nombroses empreses a trav\u00e9s de serveis puntuals de diagn\u00f2stic i assessorament o b\u00e9 a trav\u00e9s de convenis o projectes espec\u00edfics. De la mateixa manera, el nostre servei i els seu personal tamb\u00e9 col\u00b7labora habitualment en diferents projectes de recerca amb equips de la pr\u00f2pia Facultat de veterin\u00e0ria, de la UAB , o amb equips dins&nbsp; l&#8217;\u00e0mbit de Catalunya, Espanya o Internacionals. Volem senyalar que especialment, el SDPP te una important activitat en projectes on estan implicats tant ind\u00fastria com la pr\u00f2pia universitat i\/o altres centres de&nbsp; recerca.<\/p>\n<p>Alguns dels \u00e0mbits de recerca en el que hem treballat o estem treballant s\u00f3n aquests:<\/p>\n<p>-Caracteritzaci\u00f3 i refinament diagn\u00f2stic de malalties de peixos mitjan\u00e7ant t\u00e8cniques histopat\u00f2giques, moleculars i t\u00e8cniques combinades.<\/p>\n<p>-Estudis de noves malalties (caracteritzaci\u00f3, diagn\u00f2stic i seguiment)<\/p>\n<p>-Estudis de risc sanitari associats a malalties de peixos i de problemes relacionats amb qualitat del peix.&nbsp;<\/p>\n<p>&#8211; Salut de poblacions naturals de peixos i de poblacions de peixos com a recurs pesquer i dels aspectes mediambientals i de seguretat aliment\u00e0ria relacionats<\/p>\n<p>-Benestar en peixos<\/p>\n","protected":false},"excerpt":{"rendered":"<p>Una de les principals vocacions del SDPP es la de fer de nexe i de pont entre la recerca i els diferents sectors productius que puguin estar relacionats amb la salut de peixos. \u00c9s per aix\u00f2&nbsp; que el nostre servei compta amb una dilatada experi\u00e8ncia de col\u00b7laboraci\u00f3 en R+D+I amb nombroses empreses a trav\u00e9s de [&hellip;]<\/p>\n","protected":false},"author":20,"featured_media":0,"parent":0,"menu_order":0,"comment_status":"closed","ping_status":"closed","template":"","meta":{"footnotes":""},"class_list":["post-90","page","type-page","status-publish","hentry"],"_links":{"self":[{"href":"https:\/\/webs.uab.cat\/sdpp\/wp-json\/wp\/v2\/pages\/90","targetHints":{"allow":["GET"]}}],"collection":[{"href":"https:\/\/webs.uab.cat\/sdpp\/wp-json\/wp\/v2\/pages"}],"about":[{"href":"https:\/\/webs.uab.cat\/sdpp\/wp-json\/wp\/v2\/types\/page"}],"author":[{"embeddable":true,"href":"https:\/\/webs.uab.cat\/sdpp\/wp-json\/wp\/v2\/users\/20"}],"replies":[{"embeddable":true,"href":"https:\/\/webs.uab.cat\/sdpp\/wp-json\/wp\/v2\/comments?post=90"}],"version-history":[{"count":0,"href":"https:\/\/webs.uab.cat\/sdpp\/wp-json\/wp\/v2\/pages\/90\/revisions"}],"wp:attachment":[{"href":"https:\/\/webs.uab.cat\/sdpp\/wp-json\/wp\/v2\/media?parent=90"}],"curies":[{"name":"wp","href":"https:\/\/api.w.org\/{rel}","templated":true}]}}