{"id":100,"date":"2017-03-22T13:40:25","date_gmt":"2017-03-22T13:40:25","guid":{"rendered":"https:\/\/webs.uab.cat\/sdpv\/biopsias-0\/"},"modified":"2022-08-15T10:44:31","modified_gmt":"2022-08-15T10:44:31","slug":"biopsias-0","status":"publish","type":"page","link":"https:\/\/webs.uab.cat\/sdpv\/biopsias-0\/","title":{"rendered":"Biopsias"},"content":{"rendered":"\n<p>Para el an\u00e1lisis histopatol\u00f3gico de biopsias hay que enviar las muestras tisulares en formol al 10% y en recipientes de pl\u00e1stico para evitar su rotura. La relaci\u00f3n entre los vol\u00famenes de muestra\/formol ha de ser m\u00ednimo de 1:10 y el grosor de las porciones de tejido no ha de ser superior a 1 cm, todo ello para asegurar una adecuada fijaci\u00f3n. No es necesaria la refrigeraci\u00f3n una vez inmersas las muestras en formol.<\/p>\n\n\n\n<p>Hay que adjuntar tambi\u00e9n una historia cl\u00ednica del animal o colectivo al que pertenece (datos generales, s\u00edntomas cl\u00ednicos, tratamientos, diagn\u00f3stico presuntivo, etc).<\/p>\n\n\n\n<p><a href=\"https:\/\/webs.uab.cat\/sdpv\/wp-content\/uploads\/sites\/172\/2022\/08\/fitxes_a._companyia_cat_1_0.pdf\" data-type=\"attachment\" data-id=\"155\" target=\"_blank\" rel=\"noreferrer noopener\"><em>Formulario de necropsias de animales de compa\u00f1\u00eda<\/em><\/a><\/p>\n\n\n\n<p><a href=\"https:\/\/webs.uab.cat\/sdpv\/wp-content\/uploads\/sites\/172\/2022\/08\/fitxes_a._produccio_cat6_0.pdf\" data-type=\"attachment\" data-id=\"156\" target=\"_blank\" rel=\"noreferrer noopener\"><em>Formulario de necropsias de animales de producci\u00f3n<\/em><\/a><\/p>\n","protected":false},"excerpt":{"rendered":"<p>Para el an\u00e1lisis histopatol\u00f3gico de biopsias hay que enviar las muestras tisulares en formol al 10% y en recipientes de pl\u00e1stico para evitar su rotura. La relaci\u00f3n entre los vol\u00famenes de muestra\/formol ha de ser m\u00ednimo de 1:10 y el grosor de las porciones de tejido no ha de ser superior a 1 cm, todo [&hellip;]<\/p>\n","protected":false},"author":20,"featured_media":0,"parent":0,"menu_order":0,"comment_status":"closed","ping_status":"closed","template":"","meta":{"footnotes":""},"class_list":["post-100","page","type-page","status-publish","hentry"],"_links":{"self":[{"href":"https:\/\/webs.uab.cat\/sdpv\/wp-json\/wp\/v2\/pages\/100","targetHints":{"allow":["GET"]}}],"collection":[{"href":"https:\/\/webs.uab.cat\/sdpv\/wp-json\/wp\/v2\/pages"}],"about":[{"href":"https:\/\/webs.uab.cat\/sdpv\/wp-json\/wp\/v2\/types\/page"}],"author":[{"embeddable":true,"href":"https:\/\/webs.uab.cat\/sdpv\/wp-json\/wp\/v2\/users\/20"}],"replies":[{"embeddable":true,"href":"https:\/\/webs.uab.cat\/sdpv\/wp-json\/wp\/v2\/comments?post=100"}],"version-history":[{"count":1,"href":"https:\/\/webs.uab.cat\/sdpv\/wp-json\/wp\/v2\/pages\/100\/revisions"}],"predecessor-version":[{"id":158,"href":"https:\/\/webs.uab.cat\/sdpv\/wp-json\/wp\/v2\/pages\/100\/revisions\/158"}],"wp:attachment":[{"href":"https:\/\/webs.uab.cat\/sdpv\/wp-json\/wp\/v2\/media?parent=100"}],"curies":[{"name":"wp","href":"https:\/\/api.w.org\/{rel}","templated":true}]}}