{"id":49,"date":"2016-01-19T13:43:45","date_gmt":"2016-01-19T13:43:45","guid":{"rendered":"https:\/\/webs.uab.cat\/sdpv\/inici\/"},"modified":"2016-01-19T13:43:45","modified_gmt":"2016-01-19T13:43:45","slug":"inici","status":"publish","type":"page","link":"https:\/\/webs.uab.cat\/sdpv\/","title":{"rendered":"Inicio"},"content":{"rendered":"<p>El Servicio de Diagn\u00f3stico de Patolog\u00eda Veterinaria (SDPV) es un servicio vinculado a la Facultad de Veterinaria de la Universitat Aut\u00f2noma de Barcelona (UAB). El SDPV tiene como objetivo ofrecer un servicio de diagn\u00f3stico anatomopatol\u00f3gico, (necropsias y biopsias) a particulares, cl\u00ednicas veterinarias, empresas agropecuarias, empresas farmac\u00e9uticas, organismos oficiales y, en especial, al Hospital Cl\u00ednico Veterinario y al Servicio de Granjas Experimentales de la UAB.<\/p>\n<p>&nbsp;<\/p>\n","protected":false},"excerpt":{"rendered":"<p>El Servicio de Diagn\u00f3stico de Patolog\u00eda Veterinaria (SDPV) es un servicio vinculado a la Facultad de Veterinaria de la Universitat Aut\u00f2noma de Barcelona (UAB). El SDPV tiene como objetivo ofrecer un servicio de diagn\u00f3stico anatomopatol\u00f3gico, (necropsias y biopsias) a particulares, cl\u00ednicas veterinarias, empresas agropecuarias, empresas farmac\u00e9uticas, organismos oficiales y, en especial, al Hospital Cl\u00ednico Veterinario [&hellip;]<\/p>\n","protected":false},"author":20,"featured_media":0,"parent":0,"menu_order":0,"comment_status":"closed","ping_status":"closed","template":"","meta":{"footnotes":""},"class_list":["post-49","page","type-page","status-publish","hentry"],"_links":{"self":[{"href":"https:\/\/webs.uab.cat\/sdpv\/wp-json\/wp\/v2\/pages\/49","targetHints":{"allow":["GET"]}}],"collection":[{"href":"https:\/\/webs.uab.cat\/sdpv\/wp-json\/wp\/v2\/pages"}],"about":[{"href":"https:\/\/webs.uab.cat\/sdpv\/wp-json\/wp\/v2\/types\/page"}],"author":[{"embeddable":true,"href":"https:\/\/webs.uab.cat\/sdpv\/wp-json\/wp\/v2\/users\/20"}],"replies":[{"embeddable":true,"href":"https:\/\/webs.uab.cat\/sdpv\/wp-json\/wp\/v2\/comments?post=49"}],"version-history":[{"count":0,"href":"https:\/\/webs.uab.cat\/sdpv\/wp-json\/wp\/v2\/pages\/49\/revisions"}],"wp:attachment":[{"href":"https:\/\/webs.uab.cat\/sdpv\/wp-json\/wp\/v2\/media?parent=49"}],"curies":[{"name":"wp","href":"https:\/\/api.w.org\/{rel}","templated":true}]}}