{"id":92,"date":"2017-03-07T12:42:12","date_gmt":"2017-03-07T12:42:12","guid":{"rendered":"https:\/\/webs.uab.cat\/sdpv\/biopsias\/"},"modified":"2017-03-07T12:42:12","modified_gmt":"2017-03-07T12:42:12","slug":"biopsias","status":"publish","type":"page","link":"https:\/\/webs.uab.cat\/sdpv\/biopsias\/","title":{"rendered":"Biopsias"},"content":{"rendered":"<p>La biopsia consiste en el estudio microsc\u00f3pico (histopatol\u00f3gico) de una muestra tisular o de un \u00f3rgano procedente de un animal con objeto de estudiar la enfermedad o afecci\u00f3n que padece. Se emplea generalmente como procedimiento diagn\u00f3stico y puede tener tambi\u00e9n valor pron\u00f3stico.<\/p>\n<ul>\n<li>Animales de compa\u00f1\u00eda (perro, gato, epecies ex\u00f3ticas)<\/li>\n<li>Animales de granja (rumiantes, porcino, aviar, cun\u00edcola, etc.)<\/li>\n<li>\u00c9quidos<\/li>\n<li>Animales salvajes<\/li>\n<li>Animales de laboratorio<\/li>\n<\/ul>\n<p>Por cuestiones organizativas, actualmente <strong>s\u00f3lo<\/strong> se ofrece diagn\u00f3stico de biopsias de las especies canina y felina para casos procedentes del <a href=\"http:\/\/hcv.uab.cat\/es\/\" target=\"_blank\" rel=\"noopener\">Hospital Cl\u00ednic Veterinari<\/a> de la UAB.<\/p>\n<p>El cliente recibe un informe completo, emitido por el\/la pat\u00f3logo\/a responsable del caso.<\/p>\n","protected":false},"excerpt":{"rendered":"<p>La biopsia consiste en el estudio microsc\u00f3pico (histopatol\u00f3gico) de una muestra tisular o de un \u00f3rgano procedente de un animal con objeto de estudiar la enfermedad o afecci\u00f3n que padece. Se emplea generalmente como procedimiento diagn\u00f3stico y puede tener tambi\u00e9n valor pron\u00f3stico. Animales de compa\u00f1\u00eda (perro, gato, epecies ex\u00f3ticas) Animales de granja (rumiantes, porcino, aviar, [&hellip;]<\/p>\n","protected":false},"author":20,"featured_media":0,"parent":0,"menu_order":0,"comment_status":"closed","ping_status":"closed","template":"","meta":{"footnotes":""},"class_list":["post-92","page","type-page","status-publish","hentry"],"_links":{"self":[{"href":"https:\/\/webs.uab.cat\/sdpv\/wp-json\/wp\/v2\/pages\/92","targetHints":{"allow":["GET"]}}],"collection":[{"href":"https:\/\/webs.uab.cat\/sdpv\/wp-json\/wp\/v2\/pages"}],"about":[{"href":"https:\/\/webs.uab.cat\/sdpv\/wp-json\/wp\/v2\/types\/page"}],"author":[{"embeddable":true,"href":"https:\/\/webs.uab.cat\/sdpv\/wp-json\/wp\/v2\/users\/20"}],"replies":[{"embeddable":true,"href":"https:\/\/webs.uab.cat\/sdpv\/wp-json\/wp\/v2\/comments?post=92"}],"version-history":[{"count":0,"href":"https:\/\/webs.uab.cat\/sdpv\/wp-json\/wp\/v2\/pages\/92\/revisions"}],"wp:attachment":[{"href":"https:\/\/webs.uab.cat\/sdpv\/wp-json\/wp\/v2\/media?parent=92"}],"curies":[{"name":"wp","href":"https:\/\/api.w.org\/{rel}","templated":true}]}}