{"id":94,"date":"2017-03-20T15:46:27","date_gmt":"2017-03-20T15:46:27","guid":{"rendered":"https:\/\/webs.uab.cat\/sdpv\/estudios-experimentales\/"},"modified":"2017-03-20T15:46:27","modified_gmt":"2017-03-20T15:46:27","slug":"estudios-experimentales","status":"publish","type":"page","link":"https:\/\/webs.uab.cat\/sdpv\/estudios-experimentales\/","title":{"rendered":"Estudios experimentales"},"content":{"rendered":"<p>El SDPV ofrece estudios y evaluaciones &nbsp;histopatol\u00f3gicos para empresas y\/o grupos de investigaci\u00f3n. Contactar previamente con nuestro personal para una valoraci\u00f3n e informaci\u00f3n previos.<\/p>\n","protected":false},"excerpt":{"rendered":"<p>El SDPV ofrece estudios y evaluaciones &nbsp;histopatol\u00f3gicos para empresas y\/o grupos de investigaci\u00f3n. Contactar previamente con nuestro personal para una valoraci\u00f3n e informaci\u00f3n previos.<\/p>\n","protected":false},"author":20,"featured_media":0,"parent":0,"menu_order":0,"comment_status":"closed","ping_status":"closed","template":"","meta":{"footnotes":""},"class_list":["post-94","page","type-page","status-publish","hentry"],"_links":{"self":[{"href":"https:\/\/webs.uab.cat\/sdpv\/wp-json\/wp\/v2\/pages\/94","targetHints":{"allow":["GET"]}}],"collection":[{"href":"https:\/\/webs.uab.cat\/sdpv\/wp-json\/wp\/v2\/pages"}],"about":[{"href":"https:\/\/webs.uab.cat\/sdpv\/wp-json\/wp\/v2\/types\/page"}],"author":[{"embeddable":true,"href":"https:\/\/webs.uab.cat\/sdpv\/wp-json\/wp\/v2\/users\/20"}],"replies":[{"embeddable":true,"href":"https:\/\/webs.uab.cat\/sdpv\/wp-json\/wp\/v2\/comments?post=94"}],"version-history":[{"count":0,"href":"https:\/\/webs.uab.cat\/sdpv\/wp-json\/wp\/v2\/pages\/94\/revisions"}],"wp:attachment":[{"href":"https:\/\/webs.uab.cat\/sdpv\/wp-json\/wp\/v2\/media?parent=94"}],"curies":[{"name":"wp","href":"https:\/\/api.w.org\/{rel}","templated":true}]}}