{"id":95,"date":"2017-03-20T16:23:52","date_gmt":"2017-03-20T16:23:52","guid":{"rendered":"https:\/\/webs.uab.cat\/sdpv\/docencia-de-grado\/"},"modified":"2017-03-20T16:23:52","modified_gmt":"2017-03-20T16:23:52","slug":"docencia-de-grado","status":"publish","type":"page","link":"https:\/\/webs.uab.cat\/sdpv\/docencia-de-grado\/","title":{"rendered":"Docencia de Grado"},"content":{"rendered":"<p><strong>Docencia de Grado<\/strong><\/p>\n<p>Las actividades del SDPV est\u00e1n vinculadas a la programaci\u00f3n docente de la Facultad, principalmente en relaci\u00f3n a las pr\u00e1cticas de necropsia y a la docencia de la patolog\u00eda en general.<\/p>\n<p>En periodo docente, las necropsias se realizan en presencia de estudiantes del Grado en Veterinaria de la UAB, supervisados en todo momento por el profesorado responsable.<\/p>\n","protected":false},"excerpt":{"rendered":"<p>Docencia de Grado Las actividades del SDPV est\u00e1n vinculadas a la programaci\u00f3n docente de la Facultad, principalmente en relaci\u00f3n a las pr\u00e1cticas de necropsia y a la docencia de la patolog\u00eda en general. En periodo docente, las necropsias se realizan en presencia de estudiantes del Grado en Veterinaria de la UAB, supervisados en todo momento [&hellip;]<\/p>\n","protected":false},"author":20,"featured_media":0,"parent":0,"menu_order":0,"comment_status":"closed","ping_status":"closed","template":"","meta":{"footnotes":""},"class_list":["post-95","page","type-page","status-publish","hentry"],"_links":{"self":[{"href":"https:\/\/webs.uab.cat\/sdpv\/wp-json\/wp\/v2\/pages\/95","targetHints":{"allow":["GET"]}}],"collection":[{"href":"https:\/\/webs.uab.cat\/sdpv\/wp-json\/wp\/v2\/pages"}],"about":[{"href":"https:\/\/webs.uab.cat\/sdpv\/wp-json\/wp\/v2\/types\/page"}],"author":[{"embeddable":true,"href":"https:\/\/webs.uab.cat\/sdpv\/wp-json\/wp\/v2\/users\/20"}],"replies":[{"embeddable":true,"href":"https:\/\/webs.uab.cat\/sdpv\/wp-json\/wp\/v2\/comments?post=95"}],"version-history":[{"count":0,"href":"https:\/\/webs.uab.cat\/sdpv\/wp-json\/wp\/v2\/pages\/95\/revisions"}],"wp:attachment":[{"href":"https:\/\/webs.uab.cat\/sdpv\/wp-json\/wp\/v2\/media?parent=95"}],"curies":[{"name":"wp","href":"https:\/\/api.w.org\/{rel}","templated":true}]}}