{"id":96,"date":"2017-03-20T16:26:58","date_gmt":"2017-03-20T16:26:58","guid":{"rendered":"https:\/\/webs.uab.cat\/sdpv\/docencia-de-postgrado\/"},"modified":"2017-03-20T16:26:58","modified_gmt":"2017-03-20T16:26:58","slug":"docencia-de-postgrado","status":"publish","type":"page","link":"https:\/\/webs.uab.cat\/sdpv\/docencia-de-postgrado\/","title":{"rendered":"Docencia de postgrado"},"content":{"rendered":"<p>El SDPV ofrece un programa de especializaci\u00f3n en patolog\u00eda veterinaria para veterinarios graduados. El t\u00edtulo del programa es \u201cResidencia en Patolog\u00eda Veterinaria&#8221; y est\u00e1 reconocido por el European College of Veterinary Pathologists (ECVP) y se encuentra vinculado al programa VIR (Veterinario\/a Interno\/a Residente) de formaci\u00f3n de postgrado de la UAB. Dicho programa es cursado por veterinarios\/as residentes y tiene una duraci\u00f3n de 4 a\u00f1os. Los\/as residentes se someten a un examen europeo de especialidad y, en caso de ser superado, se les otorga el t\u00edtulo de Diplomado por el ECVP. Este t\u00edtulo est\u00e1 reconocido en muchos pa\u00edses del mundo como el m\u00e1ximo nivel de especializaci\u00f3n en patolog\u00eda veterinaria.<\/p>\n<p>Actualmente hay dos plazas de residencia (formaci\u00f3n remunerada) en nuestro servicio. No obstante, para veterinarios externos, tambi\u00e9n existe la posibilidad de seguir este programa de formaci\u00f3n, a tiempo parcial, seg\u00fan las condiciones estipuladas por el ECVP.<\/p>\n<p>Antiguos\/as residentes que completaron (o est\u00e1 en proceso) el programa de residencia en patolog\u00eda, aprobaron el examen del ECVP y su dedicaci\u00f3n actual:<\/p>\n<ul>\n<li>Jorge Mart\u00ednez: profesor de la Facultad de Veterinaria de la UAB<\/li>\n<li>Sara Soto: pat\u00f3loga privada<\/li>\n<li>Lloren\u00e7 Grau: profesor de la Facultad de Veterinaria de Nottingham (Reino Unido)<\/li>\n<li>Anna Dom\u00e8nech: pat\u00f3loga en Envigo<\/li>\n<li>Marc Isidoro: pat\u00f3logo en el Centro de diagn\u00f3stico de fauna salvaje del estado de Wisconsin (EE.UU.)<\/li>\n<li>Isabel Casanova: pat\u00f3loga en<\/li>\n<li>Georgina Doria: pat\u00f3loga en Laboratorios Echevarne<\/li>\n<\/ul>\n","protected":false},"excerpt":{"rendered":"<p>El SDPV ofrece un programa de especializaci\u00f3n en patolog\u00eda veterinaria para veterinarios graduados. El t\u00edtulo del programa es \u201cResidencia en Patolog\u00eda Veterinaria&#8221; y est\u00e1 reconocido por el European College of Veterinary Pathologists (ECVP) y se encuentra vinculado al programa VIR (Veterinario\/a Interno\/a Residente) de formaci\u00f3n de postgrado de la UAB. Dicho programa es cursado por [&hellip;]<\/p>\n","protected":false},"author":20,"featured_media":0,"parent":0,"menu_order":0,"comment_status":"closed","ping_status":"closed","template":"","meta":{"footnotes":""},"class_list":["post-96","page","type-page","status-publish","hentry"],"_links":{"self":[{"href":"https:\/\/webs.uab.cat\/sdpv\/wp-json\/wp\/v2\/pages\/96","targetHints":{"allow":["GET"]}}],"collection":[{"href":"https:\/\/webs.uab.cat\/sdpv\/wp-json\/wp\/v2\/pages"}],"about":[{"href":"https:\/\/webs.uab.cat\/sdpv\/wp-json\/wp\/v2\/types\/page"}],"author":[{"embeddable":true,"href":"https:\/\/webs.uab.cat\/sdpv\/wp-json\/wp\/v2\/users\/20"}],"replies":[{"embeddable":true,"href":"https:\/\/webs.uab.cat\/sdpv\/wp-json\/wp\/v2\/comments?post=96"}],"version-history":[{"count":0,"href":"https:\/\/webs.uab.cat\/sdpv\/wp-json\/wp\/v2\/pages\/96\/revisions"}],"wp:attachment":[{"href":"https:\/\/webs.uab.cat\/sdpv\/wp-json\/wp\/v2\/media?parent=96"}],"curies":[{"name":"wp","href":"https:\/\/api.w.org\/{rel}","templated":true}]}}