{"id":129,"date":"2024-02-09T21:15:57","date_gmt":"2024-02-09T19:15:57","guid":{"rendered":"https:\/\/webs.uab.cat\/seaaq\/?page_id=129"},"modified":"2025-02-24T13:33:04","modified_gmt":"2025-02-24T11:33:04","slug":"sdpp","status":"publish","type":"page","link":"https:\/\/webs.uab.cat\/seaaq\/sdpp\/","title":{"rendered":"SDPP"},"content":{"rendered":"\n<p class=\"has-text-align-center\"><strong>Servei de Diagn\u00f2stic Patol\u00f2gic en peixos<\/strong><\/p>\n\n\n\n<p>\u2022&nbsp; Diagn\u00f2stic de malalties i par\u00e0sits de peixos, tant cultivats com del medi natural.<\/p>\n\n\n\n<p>\u2022&nbsp; Gesti\u00f3 de la salut i benestar dels peixos\u200b.<\/p>\n\n\n\n<p><strong>Objectius:\u200b<\/strong><\/p>\n\n\n\n<p><strong>1)<\/strong>&nbsp;Assist\u00e8ncia t\u00e8cnica en diagn\u00f2stic de malalties de peixos.\u200b<\/p>\n\n\n\n<p><strong>2)<\/strong>&nbsp;Assessorament t\u00e8cnic en recerca de sanitat pisc\u00edcola.\u200b<\/p>\n\n\n\n<p>\u2013 Caracteritzaci\u00f3 i refinament diagn\u00f2stic de malalties de peixos mitjan\u00e7ant t\u00e8cniques histopatol\u00f2giques, moleculars i t\u00e8cniques combinades.\u200b<\/p>\n\n\n\n<p>\u2013 Estudis de noves malalties (caracteritzaci\u00f3, diagn\u00f2stic i seguiment)\u200b.<\/p>\n\n\n\n<p>\u2013 Estudis de risc sanitari associats a malalties de peixos i de problemes relacionats amb qualitat del peix.<\/p>\n\n\n\n<p>\u2013 Salut de poblacions naturals de peixos i de poblacions de peixos com a recurs pesquer i dels aspectes mediambientals i de seguretat aliment\u00e0ria relacionats\u200b.<\/p>\n\n\n\n<p>-Benestar en peixos\u200b.<\/p>\n\n\n\n<h2 class=\"wp-block-heading\">Contacta&#8217;ns<\/h2>\n\n\n\n<h3 class=\"wp-block-heading\"><br>Direcci\u00f3<\/h3>\n\n\n\n<p>Facultat de Veterin\u00e0ria &#8211; Campus UAB<br>Travessera dels Turons, 08193 Bellaterra<br>(Cerdanyola del Vall\u00e9s) Barcelona<\/p>\n\n\n\n<h3 class=\"wp-block-heading\">Tel\u00e8fon<\/h3>\n\n\n\n<p>93 581 46 37<\/p>\n\n\n\n<h3 class=\"wp-block-heading\">Correu electr\u00f2nic<\/h3>\n\n\n\n<p>contacto@sompesca.cat.                                                                                                 <\/p>\n\n\n\n<p><img loading=\"lazy\" decoding=\"async\" width=\"325\" height=\"177\" class=\"wp-image-134\" style=\"width: 250px\" src=\"https:\/\/webs.uab.cat\/seaaq\/wp-content\/uploads\/sites\/542\/2024\/02\/SDPP.jpg\" alt=\"Logotip del Servei\" srcset=\"https:\/\/webs.uab.cat\/seaaq\/wp-content\/uploads\/sites\/542\/2024\/02\/SDPP.jpg 325w, https:\/\/webs.uab.cat\/seaaq\/wp-content\/uploads\/sites\/542\/2024\/02\/SDPP-300x163.jpg 300w\" sizes=\"auto, (max-width: 325px) 100vw, 325px\" \/><\/p>\n","protected":false},"excerpt":{"rendered":"<p>Servei de Diagn\u00f2stic Patol\u00f2gic en peixos \u2022&nbsp; Diagn\u00f2stic de malalties i par\u00e0sits de peixos, tant cultivats com del medi natural. \u2022&nbsp; Gesti\u00f3 de la salut i benestar dels peixos\u200b. Objectius:\u200b 1)&nbsp;Assist\u00e8ncia t\u00e8cnica en diagn\u00f2stic de malalties de peixos.\u200b 2)&nbsp;Assessorament t\u00e8cnic en recerca de sanitat pisc\u00edcola.\u200b \u2013 Caracteritzaci\u00f3 i refinament diagn\u00f2stic de malalties de peixos mitjan\u00e7ant [&hellip;]<\/p>\n","protected":false},"author":2850,"featured_media":0,"parent":0,"menu_order":8,"comment_status":"closed","ping_status":"closed","template":"","meta":{"footnotes":""},"class_list":["post-129","page","type-page","status-publish","hentry"],"_links":{"self":[{"href":"https:\/\/webs.uab.cat\/seaaq\/wp-json\/wp\/v2\/pages\/129","targetHints":{"allow":["GET"]}}],"collection":[{"href":"https:\/\/webs.uab.cat\/seaaq\/wp-json\/wp\/v2\/pages"}],"about":[{"href":"https:\/\/webs.uab.cat\/seaaq\/wp-json\/wp\/v2\/types\/page"}],"author":[{"embeddable":true,"href":"https:\/\/webs.uab.cat\/seaaq\/wp-json\/wp\/v2\/users\/2850"}],"replies":[{"embeddable":true,"href":"https:\/\/webs.uab.cat\/seaaq\/wp-json\/wp\/v2\/comments?post=129"}],"version-history":[{"count":5,"href":"https:\/\/webs.uab.cat\/seaaq\/wp-json\/wp\/v2\/pages\/129\/revisions"}],"predecessor-version":[{"id":329,"href":"https:\/\/webs.uab.cat\/seaaq\/wp-json\/wp\/v2\/pages\/129\/revisions\/329"}],"wp:attachment":[{"href":"https:\/\/webs.uab.cat\/seaaq\/wp-json\/wp\/v2\/media?parent=129"}],"curies":[{"name":"wp","href":"https:\/\/api.w.org\/{rel}","templated":true}]}}