{"id":16,"date":"2024-02-06T20:01:27","date_gmt":"2024-02-06T18:01:27","guid":{"rendered":"https:\/\/webs.uab.cat\/seaaq\/?page_id=16"},"modified":"2025-04-14T10:24:18","modified_gmt":"2025-04-14T08:24:18","slug":"equip","status":"publish","type":"page","link":"https:\/\/webs.uab.cat\/seaaq\/equip\/","title":{"rendered":"Equip"},"content":{"rendered":"\n<h2 class=\"wp-block-heading\">Membres<\/h2>\n\n\n\n<div class=\"wp-block-columns is-not-stacked-on-mobile is-layout-flex wp-container-core-columns-is-layout-9d6595d7 wp-block-columns-is-layout-flex\">\n<div class=\"wp-block-column is-vertically-aligned-center is-layout-flow wp-block-column-is-layout-flow\">\n<figure class=\"wp-block-image size-full is-style-rounded\"><img loading=\"lazy\" decoding=\"async\" width=\"500\" height=\"546\" src=\"https:\/\/webs.uab.cat\/seaaq\/wp-content\/uploads\/sites\/542\/2024\/02\/maitecarrasson.jpg\" alt=\"\" class=\"wp-image-140\" style=\"aspect-ratio:1;object-fit:cover\" srcset=\"https:\/\/webs.uab.cat\/seaaq\/wp-content\/uploads\/sites\/542\/2024\/02\/maitecarrasson.jpg 500w, https:\/\/webs.uab.cat\/seaaq\/wp-content\/uploads\/sites\/542\/2024\/02\/maitecarrasson-275x300.jpg 275w\" sizes=\"auto, (max-width: 500px) 100vw, 500px\" \/><\/figure>\n\n\n\n<p class=\"has-text-align-center has-small-font-size\">Maite Carrass\u00f3n<\/p>\n<\/div>\n\n\n\n<div class=\"wp-block-column is-vertically-aligned-center is-layout-flow wp-block-column-is-layout-flow\">\n<figure class=\"wp-block-image size-full is-style-rounded\"><img loading=\"lazy\" decoding=\"async\" width=\"500\" height=\"546\" src=\"https:\/\/webs.uab.cat\/seaaq\/wp-content\/uploads\/sites\/542\/2024\/12\/image-1.png\" alt=\"\" class=\"wp-image-187\" style=\"aspect-ratio:1;object-fit:cover\" srcset=\"https:\/\/webs.uab.cat\/seaaq\/wp-content\/uploads\/sites\/542\/2024\/12\/image-1.png 500w, https:\/\/webs.uab.cat\/seaaq\/wp-content\/uploads\/sites\/542\/2024\/12\/image-1-275x300.png 275w\" sizes=\"auto, (max-width: 500px) 100vw, 500px\" \/><\/figure>\n\n\n\n<p class=\"has-text-align-center has-small-font-size\">Ester Carreras<\/p>\n<\/div>\n\n\n\n<div class=\"wp-block-column is-layout-flow wp-block-column-is-layout-flow\">\n<div class=\"wp-block-group\"><div class=\"wp-block-group__inner-container is-layout-constrained wp-block-group-is-layout-constrained\">\n<div class=\"wp-block-columns is-layout-flex wp-container-core-columns-is-layout-9d6595d7 wp-block-columns-is-layout-flex\">\n<div class=\"wp-block-column is-vertically-aligned-center is-layout-flow wp-block-column-is-layout-flow\">\n<figure class=\"wp-block-image size-full is-style-rounded\"><img loading=\"lazy\" decoding=\"async\" width=\"500\" height=\"546\" src=\"https:\/\/webs.uab.cat\/seaaq\/wp-content\/uploads\/sites\/542\/2024\/02\/mariaconstenla.jpg\" alt=\"\" class=\"wp-image-142\" style=\"aspect-ratio:1;object-fit:cover\" srcset=\"https:\/\/webs.uab.cat\/seaaq\/wp-content\/uploads\/sites\/542\/2024\/02\/mariaconstenla.jpg 500w, https:\/\/webs.uab.cat\/seaaq\/wp-content\/uploads\/sites\/542\/2024\/02\/mariaconstenla-275x300.jpg 275w\" sizes=\"auto, (max-width: 500px) 100vw, 500px\" \/><\/figure>\n\n\n\n<p class=\"has-text-align-center\">Mar\u00eda Constenla<\/p>\n<\/div>\n<\/div>\n<\/div><\/div>\n<\/div>\n<\/div>\n\n\n\n<div class=\"wp-block-columns is-not-stacked-on-mobile is-layout-flex wp-container-core-columns-is-layout-9d6595d7 wp-block-columns-is-layout-flex\">\n<div class=\"wp-block-column is-vertically-aligned-center is-layout-flow wp-block-column-is-layout-flow\">\n<figure class=\"wp-block-image size-full is-style-rounded\"><img loading=\"lazy\" decoding=\"async\" width=\"512\" height=\"512\" src=\"https:\/\/webs.uab.cat\/seaaq\/wp-content\/uploads\/sites\/542\/2024\/12\/image-2.png\" alt=\"\" class=\"wp-image-188\" style=\"aspect-ratio:1;object-fit:cover\" srcset=\"https:\/\/webs.uab.cat\/seaaq\/wp-content\/uploads\/sites\/542\/2024\/12\/image-2.png 512w, https:\/\/webs.uab.cat\/seaaq\/wp-content\/uploads\/sites\/542\/2024\/12\/image-2-300x300.png 300w, https:\/\/webs.uab.cat\/seaaq\/wp-content\/uploads\/sites\/542\/2024\/12\/image-2-150x150.png 150w\" sizes=\"auto, (max-width: 512px) 100vw, 512px\" \/><\/figure>\n\n\n\n<p class=\"has-text-align-center has-small-font-size\">Sara Dallar\u00e9s<\/p>\n<\/div>\n\n\n\n<div class=\"wp-block-column is-layout-flow wp-block-column-is-layout-flow\">\n<div class=\"wp-block-group\"><div class=\"wp-block-group__inner-container is-layout-constrained wp-block-group-is-layout-constrained\">\n<div class=\"wp-block-columns is-layout-flex wp-container-core-columns-is-layout-9d6595d7 wp-block-columns-is-layout-flex\">\n<div class=\"wp-block-column is-vertically-aligned-center is-layout-flow wp-block-column-is-layout-flow\">\n<figure class=\"wp-block-image size-full is-style-rounded\"><img loading=\"lazy\" decoding=\"async\" width=\"500\" height=\"546\" src=\"https:\/\/webs.uab.cat\/seaaq\/wp-content\/uploads\/sites\/542\/2024\/02\/virginialuzon.jpg\" alt=\"\" class=\"wp-image-149\" style=\"aspect-ratio:1;object-fit:cover\" srcset=\"https:\/\/webs.uab.cat\/seaaq\/wp-content\/uploads\/sites\/542\/2024\/02\/virginialuzon.jpg 500w, https:\/\/webs.uab.cat\/seaaq\/wp-content\/uploads\/sites\/542\/2024\/02\/virginialuzon-275x300.jpg 275w\" sizes=\"auto, (max-width: 500px) 100vw, 500px\" \/><\/figure>\n\n\n\n<p class=\"has-text-align-center\">Virginia Luz\u00f3n<\/p>\n<\/div>\n<\/div>\n<\/div><\/div>\n<\/div>\n\n\n\n<div class=\"wp-block-column is-vertically-aligned-center is-layout-flow wp-block-column-is-layout-flow\">\n<figure class=\"wp-block-image size-full is-style-rounded\"><img loading=\"lazy\" decoding=\"async\" width=\"500\" height=\"546\" src=\"https:\/\/webs.uab.cat\/seaaq\/wp-content\/uploads\/sites\/542\/2024\/02\/francescpadros.jpg\" alt=\"\" class=\"wp-image-143\" style=\"aspect-ratio:1;object-fit:cover\" srcset=\"https:\/\/webs.uab.cat\/seaaq\/wp-content\/uploads\/sites\/542\/2024\/02\/francescpadros.jpg 500w, https:\/\/webs.uab.cat\/seaaq\/wp-content\/uploads\/sites\/542\/2024\/02\/francescpadros-275x300.jpg 275w\" sizes=\"auto, (max-width: 500px) 100vw, 500px\" \/><\/figure>\n\n\n\n<p class=\"has-text-align-center has-small-font-size\">Francesc Padr\u00f3s<\/p>\n<\/div>\n<\/div>\n\n\n\n<div class=\"wp-block-columns is-not-stacked-on-mobile is-layout-flex wp-container-core-columns-is-layout-9d6595d7 wp-block-columns-is-layout-flex\">\n<div class=\"wp-block-column is-vertically-aligned-center is-layout-flow wp-block-column-is-layout-flow\">\n<figure class=\"wp-block-image size-full is-style-rounded\"><img loading=\"lazy\" decoding=\"async\" width=\"500\" height=\"546\" src=\"https:\/\/webs.uab.cat\/seaaq\/wp-content\/uploads\/sites\/542\/2024\/02\/oriolrodriguez.jpg\" alt=\"\" class=\"wp-image-147\" style=\"aspect-ratio:1;object-fit:cover\" srcset=\"https:\/\/webs.uab.cat\/seaaq\/wp-content\/uploads\/sites\/542\/2024\/02\/oriolrodriguez.jpg 500w, https:\/\/webs.uab.cat\/seaaq\/wp-content\/uploads\/sites\/542\/2024\/02\/oriolrodriguez-275x300.jpg 275w\" sizes=\"auto, (max-width: 500px) 100vw, 500px\" \/><\/figure>\n\n\n\n<p class=\"has-text-align-center has-small-font-size\">Oriol Rodr\u00edguez<\/p>\n<\/div>\n\n\n\n<div class=\"wp-block-column is-vertically-aligned-center is-layout-flow wp-block-column-is-layout-flow\">\n<figure class=\"wp-block-image size-large is-style-rounded\"><img loading=\"lazy\" decoding=\"async\" width=\"938\" height=\"1024\" src=\"https:\/\/webs.uab.cat\/seaaq\/wp-content\/uploads\/sites\/542\/2024\/10\/myself_cara-1-938x1024.jpg\" alt=\"\" class=\"wp-image-179\" style=\"aspect-ratio:1;object-fit:cover\" srcset=\"https:\/\/webs.uab.cat\/seaaq\/wp-content\/uploads\/sites\/542\/2024\/10\/myself_cara-1-938x1024.jpg 938w, https:\/\/webs.uab.cat\/seaaq\/wp-content\/uploads\/sites\/542\/2024\/10\/myself_cara-1-275x300.jpg 275w, https:\/\/webs.uab.cat\/seaaq\/wp-content\/uploads\/sites\/542\/2024\/10\/myself_cara-1-768x838.jpg 768w, https:\/\/webs.uab.cat\/seaaq\/wp-content\/uploads\/sites\/542\/2024\/10\/myself_cara-1-1407x1536.jpg 1407w, https:\/\/webs.uab.cat\/seaaq\/wp-content\/uploads\/sites\/542\/2024\/10\/myself_cara-1-1876x2048.jpg 1876w, https:\/\/webs.uab.cat\/seaaq\/wp-content\/uploads\/sites\/542\/2024\/10\/myself_cara-1-1200x1310.jpg 1200w, https:\/\/webs.uab.cat\/seaaq\/wp-content\/uploads\/sites\/542\/2024\/10\/myself_cara-1-1980x2161.jpg 1980w\" sizes=\"auto, (max-width: 938px) 100vw, 938px\" \/><\/figure>\n\n\n\n<p class=\"has-text-align-center has-small-font-size\">Anna Soler i Membrives<\/p>\n<\/div>\n\n\n\n<div class=\"wp-block-column is-layout-flow wp-block-column-is-layout-flow\">\n<div class=\"wp-block-group\"><div class=\"wp-block-group__inner-container is-layout-constrained wp-block-group-is-layout-constrained\">\n<div class=\"wp-block-columns is-layout-flex wp-container-core-columns-is-layout-9d6595d7 wp-block-columns-is-layout-flex\"><\/div>\n<\/div><\/div>\n<\/div>\n<\/div>\n\n\n\n<h2 class=\"wp-block-heading\">Estudiants de doctorat<\/h2>\n\n\n\n<div class=\"wp-block-columns is-not-stacked-on-mobile is-layout-flex wp-container-core-columns-is-layout-9d6595d7 wp-block-columns-is-layout-flex\">\n<div class=\"wp-block-column is-vertically-aligned-center is-layout-flow wp-block-column-is-layout-flow\">\n<figure class=\"wp-block-image size-full is-style-rounded\"><img loading=\"lazy\" decoding=\"async\" width=\"1028\" height=\"1028\" src=\"https:\/\/webs.uab.cat\/seaaq\/wp-content\/uploads\/sites\/542\/2025\/04\/logo_SEAaq_final_imagotipo-edited.png\" alt=\"Imagotip del grup de recerca\" class=\"wp-image-520\" srcset=\"https:\/\/webs.uab.cat\/seaaq\/wp-content\/uploads\/sites\/542\/2025\/04\/logo_SEAaq_final_imagotipo-edited.png 1028w, https:\/\/webs.uab.cat\/seaaq\/wp-content\/uploads\/sites\/542\/2025\/04\/logo_SEAaq_final_imagotipo-edited-300x300.png 300w, https:\/\/webs.uab.cat\/seaaq\/wp-content\/uploads\/sites\/542\/2025\/04\/logo_SEAaq_final_imagotipo-edited-1024x1024.png 1024w, https:\/\/webs.uab.cat\/seaaq\/wp-content\/uploads\/sites\/542\/2025\/04\/logo_SEAaq_final_imagotipo-edited-150x150.png 150w, https:\/\/webs.uab.cat\/seaaq\/wp-content\/uploads\/sites\/542\/2025\/04\/logo_SEAaq_final_imagotipo-edited-768x768.png 768w\" sizes=\"auto, (max-width: 1028px) 100vw, 1028px\" \/><\/figure>\n\n\n\n<p class=\"has-text-align-center has-small-font-size\">Andrea Higueruelo<\/p>\n<\/div>\n\n\n\n<div class=\"wp-block-column is-layout-flow wp-block-column-is-layout-flow\">\n<div class=\"wp-block-group\"><div class=\"wp-block-group__inner-container is-layout-constrained wp-block-group-is-layout-constrained\">\n<div class=\"wp-block-columns is-layout-flex wp-container-core-columns-is-layout-9d6595d7 wp-block-columns-is-layout-flex\">\n<div class=\"wp-block-column is-vertically-aligned-center is-layout-flow wp-block-column-is-layout-flow\">\n<figure class=\"wp-block-image size-full is-style-rounded\"><img loading=\"lazy\" decoding=\"async\" width=\"1028\" height=\"1028\" src=\"https:\/\/webs.uab.cat\/seaaq\/wp-content\/uploads\/sites\/542\/2025\/04\/logo_SEAaq_final_imagotipo-edited.png\" alt=\"Imagotip del grup de recerca\" class=\"wp-image-520\" srcset=\"https:\/\/webs.uab.cat\/seaaq\/wp-content\/uploads\/sites\/542\/2025\/04\/logo_SEAaq_final_imagotipo-edited.png 1028w, https:\/\/webs.uab.cat\/seaaq\/wp-content\/uploads\/sites\/542\/2025\/04\/logo_SEAaq_final_imagotipo-edited-300x300.png 300w, https:\/\/webs.uab.cat\/seaaq\/wp-content\/uploads\/sites\/542\/2025\/04\/logo_SEAaq_final_imagotipo-edited-1024x1024.png 1024w, https:\/\/webs.uab.cat\/seaaq\/wp-content\/uploads\/sites\/542\/2025\/04\/logo_SEAaq_final_imagotipo-edited-150x150.png 150w, https:\/\/webs.uab.cat\/seaaq\/wp-content\/uploads\/sites\/542\/2025\/04\/logo_SEAaq_final_imagotipo-edited-768x768.png 768w\" sizes=\"auto, (max-width: 1028px) 100vw, 1028px\" \/><\/figure>\n\n\n\n<p class=\"has-text-align-center\">Laura Muns<\/p>\n<\/div>\n<\/div>\n<\/div><\/div>\n<\/div>\n\n\n\n<div class=\"wp-block-column is-vertically-aligned-center is-layout-flow wp-block-column-is-layout-flow\">\n<figure class=\"wp-block-image size-full is-style-rounded\"><img loading=\"lazy\" decoding=\"async\" width=\"1028\" height=\"1028\" src=\"https:\/\/webs.uab.cat\/seaaq\/wp-content\/uploads\/sites\/542\/2025\/04\/logo_SEAaq_final_imagotipo-edited.png\" alt=\"Imagotip del grup de recerca\" class=\"wp-image-520\" srcset=\"https:\/\/webs.uab.cat\/seaaq\/wp-content\/uploads\/sites\/542\/2025\/04\/logo_SEAaq_final_imagotipo-edited.png 1028w, https:\/\/webs.uab.cat\/seaaq\/wp-content\/uploads\/sites\/542\/2025\/04\/logo_SEAaq_final_imagotipo-edited-300x300.png 300w, https:\/\/webs.uab.cat\/seaaq\/wp-content\/uploads\/sites\/542\/2025\/04\/logo_SEAaq_final_imagotipo-edited-1024x1024.png 1024w, https:\/\/webs.uab.cat\/seaaq\/wp-content\/uploads\/sites\/542\/2025\/04\/logo_SEAaq_final_imagotipo-edited-150x150.png 150w, https:\/\/webs.uab.cat\/seaaq\/wp-content\/uploads\/sites\/542\/2025\/04\/logo_SEAaq_final_imagotipo-edited-768x768.png 768w\" sizes=\"auto, (max-width: 1028px) 100vw, 1028px\" \/><\/figure>\n\n\n\n<p class=\"has-text-align-center has-small-font-size\">Pau Robles<\/p>\n<\/div>\n<\/div>\n\n\n\n<h2 class=\"wp-block-heading\">T\u00e8cnics<\/h2>\n\n\n\n<div class=\"wp-block-columns is-not-stacked-on-mobile is-layout-flex wp-container-core-columns-is-layout-9d6595d7 wp-block-columns-is-layout-flex\">\n<div class=\"wp-block-column is-vertically-aligned-center is-layout-flow wp-block-column-is-layout-flow\">\n<figure class=\"wp-block-image size-full is-style-rounded\"><img loading=\"lazy\" decoding=\"async\" width=\"1028\" height=\"1028\" src=\"https:\/\/webs.uab.cat\/seaaq\/wp-content\/uploads\/sites\/542\/2025\/04\/logo_SEAaq_final_imagotipo-edited.png\" alt=\"Imagotip del grup de recerca\" class=\"wp-image-520\" srcset=\"https:\/\/webs.uab.cat\/seaaq\/wp-content\/uploads\/sites\/542\/2025\/04\/logo_SEAaq_final_imagotipo-edited.png 1028w, https:\/\/webs.uab.cat\/seaaq\/wp-content\/uploads\/sites\/542\/2025\/04\/logo_SEAaq_final_imagotipo-edited-300x300.png 300w, https:\/\/webs.uab.cat\/seaaq\/wp-content\/uploads\/sites\/542\/2025\/04\/logo_SEAaq_final_imagotipo-edited-1024x1024.png 1024w, https:\/\/webs.uab.cat\/seaaq\/wp-content\/uploads\/sites\/542\/2025\/04\/logo_SEAaq_final_imagotipo-edited-150x150.png 150w, https:\/\/webs.uab.cat\/seaaq\/wp-content\/uploads\/sites\/542\/2025\/04\/logo_SEAaq_final_imagotipo-edited-768x768.png 768w\" sizes=\"auto, (max-width: 1028px) 100vw, 1028px\" \/><\/figure>\n\n\n\n<p class=\"has-text-align-center has-small-font-size\">C\u00e8lia Arcarons<\/p>\n<\/div>\n\n\n\n<div class=\"wp-block-column is-layout-flow wp-block-column-is-layout-flow\">\n<div class=\"wp-block-group\"><div class=\"wp-block-group__inner-container is-layout-constrained wp-block-group-is-layout-constrained\">\n<div class=\"wp-block-columns is-layout-flex wp-container-core-columns-is-layout-9d6595d7 wp-block-columns-is-layout-flex\">\n<div class=\"wp-block-column is-vertically-aligned-center is-layout-flow wp-block-column-is-layout-flow\">\n<figure class=\"wp-block-image size-full is-style-rounded\"><img loading=\"lazy\" decoding=\"async\" width=\"1536\" height=\"1536\" src=\"https:\/\/webs.uab.cat\/seaaq\/wp-content\/uploads\/sites\/542\/2025\/04\/Ana-R-edited.jpeg\" alt=\"\" class=\"wp-image-518\" srcset=\"https:\/\/webs.uab.cat\/seaaq\/wp-content\/uploads\/sites\/542\/2025\/04\/Ana-R-edited.jpeg 1536w, https:\/\/webs.uab.cat\/seaaq\/wp-content\/uploads\/sites\/542\/2025\/04\/Ana-R-edited-300x300.jpeg 300w, https:\/\/webs.uab.cat\/seaaq\/wp-content\/uploads\/sites\/542\/2025\/04\/Ana-R-edited-1024x1024.jpeg 1024w, https:\/\/webs.uab.cat\/seaaq\/wp-content\/uploads\/sites\/542\/2025\/04\/Ana-R-edited-150x150.jpeg 150w, https:\/\/webs.uab.cat\/seaaq\/wp-content\/uploads\/sites\/542\/2025\/04\/Ana-R-edited-768x768.jpeg 768w, https:\/\/webs.uab.cat\/seaaq\/wp-content\/uploads\/sites\/542\/2025\/04\/Ana-R-edited-1200x1200.jpeg 1200w\" sizes=\"auto, (max-width: 1536px) 100vw, 1536px\" \/><\/figure>\n\n\n\n<p class=\"has-text-align-center\">Ana Rodr\u00edguez<\/p>\n<\/div>\n<\/div>\n<\/div><\/div>\n<\/div>\n\n\n\n<div class=\"wp-block-column is-vertically-aligned-center is-layout-flow wp-block-column-is-layout-flow\">\n<p class=\"has-text-align-center has-small-font-size\"><\/p>\n<\/div>\n<\/div>\n\n\n\n<h2 class=\"wp-block-heading\">Estudiants de m\u00e0ster<\/h2>\n\n\n\n<ul class=\"wp-block-list\">\n<li>Martina Prats<\/li>\n\n\n\n<li>Abril Rebollar<\/li>\n<\/ul>\n\n\n\n<p><\/p>\n","protected":false},"excerpt":{"rendered":"<p>Membres Maite Carrass\u00f3n Ester Carreras Mar\u00eda Constenla Sara Dallar\u00e9s Virginia Luz\u00f3n Francesc Padr\u00f3s Oriol Rodr\u00edguez Anna Soler i Membrives Estudiants de doctorat Andrea Higueruelo Laura Muns Pau Robles T\u00e8cnics C\u00e8lia Arcarons Ana Rodr\u00edguez Estudiants de m\u00e0ster<\/p>\n","protected":false},"author":2850,"featured_media":0,"parent":0,"menu_order":2,"comment_status":"closed","ping_status":"closed","template":"","meta":{"footnotes":""},"class_list":["post-16","page","type-page","status-publish","hentry"],"_links":{"self":[{"href":"https:\/\/webs.uab.cat\/seaaq\/wp-json\/wp\/v2\/pages\/16","targetHints":{"allow":["GET"]}}],"collection":[{"href":"https:\/\/webs.uab.cat\/seaaq\/wp-json\/wp\/v2\/pages"}],"about":[{"href":"https:\/\/webs.uab.cat\/seaaq\/wp-json\/wp\/v2\/types\/page"}],"author":[{"embeddable":true,"href":"https:\/\/webs.uab.cat\/seaaq\/wp-json\/wp\/v2\/users\/2850"}],"replies":[{"embeddable":true,"href":"https:\/\/webs.uab.cat\/seaaq\/wp-json\/wp\/v2\/comments?post=16"}],"version-history":[{"count":19,"href":"https:\/\/webs.uab.cat\/seaaq\/wp-json\/wp\/v2\/pages\/16\/revisions"}],"predecessor-version":[{"id":524,"href":"https:\/\/webs.uab.cat\/seaaq\/wp-json\/wp\/v2\/pages\/16\/revisions\/524"}],"wp:attachment":[{"href":"https:\/\/webs.uab.cat\/seaaq\/wp-json\/wp\/v2\/media?parent=16"}],"curies":[{"name":"wp","href":"https:\/\/api.w.org\/{rel}","templated":true}]}}