{"id":345,"date":"2025-02-24T15:03:11","date_gmt":"2025-02-24T13:03:11","guid":{"rendered":"https:\/\/webs.uab.cat\/seaaq\/?page_id=345"},"modified":"2025-02-24T16:24:23","modified_gmt":"2025-02-24T14:24:23","slug":"videos","status":"publish","type":"page","link":"https:\/\/webs.uab.cat\/seaaq\/videos\/","title":{"rendered":"V\u00eddeos"},"content":{"rendered":"\n<div class=\"wp-block-cover alignfull is-light\" style=\"min-height:527px;aspect-ratio:unset;\"><span aria-hidden=\"true\" class=\"wp-block-cover__background has-background-dim-100 has-background-dim\" style=\"background-color:#ffffff\"><\/span><div class=\"wp-block-cover__inner-container is-layout-flow wp-block-cover-is-layout-flow\">\n<div class=\"wp-block-media-text alignwide is-stacked-on-mobile is-vertically-aligned-center is-image-fill-element\" style=\"grid-template-columns:56% auto\"><figure class=\"wp-block-media-text__media\"><img loading=\"lazy\" decoding=\"async\" width=\"1024\" height=\"430\" src=\"https:\/\/webs.uab.cat\/seaaq\/wp-content\/uploads\/sites\/542\/2025\/02\/Captura-de-pantalla-2025-02-24-134722-e1740401342436-1024x430.png\" alt=\"\" class=\"wp-image-338 size-full\" style=\"object-position:50% 50%\" srcset=\"https:\/\/webs.uab.cat\/seaaq\/wp-content\/uploads\/sites\/542\/2025\/02\/Captura-de-pantalla-2025-02-24-134722-e1740401342436-1024x430.png 1024w, https:\/\/webs.uab.cat\/seaaq\/wp-content\/uploads\/sites\/542\/2025\/02\/Captura-de-pantalla-2025-02-24-134722-e1740401342436-300x126.png 300w, https:\/\/webs.uab.cat\/seaaq\/wp-content\/uploads\/sites\/542\/2025\/02\/Captura-de-pantalla-2025-02-24-134722-e1740401342436-768x322.png 768w, https:\/\/webs.uab.cat\/seaaq\/wp-content\/uploads\/sites\/542\/2025\/02\/Captura-de-pantalla-2025-02-24-134722-e1740401342436-1536x645.png 1536w, https:\/\/webs.uab.cat\/seaaq\/wp-content\/uploads\/sites\/542\/2025\/02\/Captura-de-pantalla-2025-02-24-134722-e1740401342436-1200x504.png 1200w, https:\/\/webs.uab.cat\/seaaq\/wp-content\/uploads\/sites\/542\/2025\/02\/Captura-de-pantalla-2025-02-24-134722-e1740401342436.png 1806w\" sizes=\"auto, (max-width: 1024px) 100vw, 1024px\" \/><\/figure><div class=\"wp-block-media-text__content\">\n<h2 class=\"wp-block-heading has-text-color\" style=\"color:#000000;font-size:32px\">L&#8217;a<strong>latxa, l&#8217;alternativa?<\/strong><\/h2>\n\n\n\n<p class=\"has-text-color\" style=\"color:#000000;font-size:17px\">El projecte ALAMAR, del grup de recerca en Salut d&#8217;Ecosistemes i Animals Aqu\u00e0tics (SEAaq-UAB), pret\u00e9n revaloritzar l&#8217;alatxa (Sardinella aurita), de pres\u00e8ncia creixent al Mediterrani nord-occidental i, particularment, a les costes catalanes. Tot i ser semblant a la sardina o el seit\u00f3, t\u00e9 poc valor comercial. Tot i aix\u00f2, posseeix unes caracter\u00edstiques molt prometedores com a esp\u00e8cie d&#8217;inter\u00e8s pesquer, culinari i nutricional.<\/p>\n\n\n\n<div class=\"wp-block-buttons is-content-justification-right is-layout-flex wp-container-core-buttons-is-layout-765c4724 wp-block-buttons-is-layout-flex\">\n<div class=\"wp-block-button is-style-fill\"><a class=\"wp-block-button__link has-background has-text-align-center wp-element-button\" href=\"http:\/\/youtube.com\/watch?v=lE2mEIwVClw\" style=\"background:linear-gradient(135deg,rgb(1,86,123) 0%,rgb(1,86,123) 100%)\" target=\"_blank\" rel=\"noreferrer noopener\">veure v\u00eddeo<\/a><\/div>\n<\/div>\n<\/div><\/div>\n<\/div><\/div>\n","protected":false},"excerpt":{"rendered":"","protected":false},"author":2973,"featured_media":0,"parent":0,"menu_order":0,"comment_status":"closed","ping_status":"closed","template":"","meta":{"footnotes":""},"class_list":["post-345","page","type-page","status-publish","hentry"],"_links":{"self":[{"href":"https:\/\/webs.uab.cat\/seaaq\/wp-json\/wp\/v2\/pages\/345","targetHints":{"allow":["GET"]}}],"collection":[{"href":"https:\/\/webs.uab.cat\/seaaq\/wp-json\/wp\/v2\/pages"}],"about":[{"href":"https:\/\/webs.uab.cat\/seaaq\/wp-json\/wp\/v2\/types\/page"}],"author":[{"embeddable":true,"href":"https:\/\/webs.uab.cat\/seaaq\/wp-json\/wp\/v2\/users\/2973"}],"replies":[{"embeddable":true,"href":"https:\/\/webs.uab.cat\/seaaq\/wp-json\/wp\/v2\/comments?post=345"}],"version-history":[{"count":8,"href":"https:\/\/webs.uab.cat\/seaaq\/wp-json\/wp\/v2\/pages\/345\/revisions"}],"predecessor-version":[{"id":376,"href":"https:\/\/webs.uab.cat\/seaaq\/wp-json\/wp\/v2\/pages\/345\/revisions\/376"}],"wp:attachment":[{"href":"https:\/\/webs.uab.cat\/seaaq\/wp-json\/wp\/v2\/media?parent=345"}],"curies":[{"name":"wp","href":"https:\/\/api.w.org\/{rel}","templated":true}]}}