{"id":333,"date":"2024-01-26T16:32:42","date_gmt":"2024-01-26T14:32:42","guid":{"rendered":"https:\/\/webs.uab.cat\/seapeopleslab\/?page_id=333"},"modified":"2026-04-19T22:47:35","modified_gmt":"2026-04-19T20:47:35","slug":"gent","status":"publish","type":"page","link":"https:\/\/webs.uab.cat\/seapeopleslab\/gent\/","title":{"rendered":"People"},"content":{"rendered":"\n<div class=\"wp-block-group\"><div class=\"wp-block-group__inner-container is-layout-constrained wp-block-group-is-layout-constrained\">\n<div class=\"wp-block-columns is-layout-flex wp-container-core-columns-is-layout-9d6595d7 wp-block-columns-is-layout-flex\">\n<div class=\"wp-block-column is-layout-flow wp-block-column-is-layout-flow\">\n<figure class=\"wp-block-image size-full\"><img loading=\"lazy\" decoding=\"async\" width=\"354\" height=\"354\" src=\"https:\/\/webs.uab.cat\/seapeopleslab\/wp-content\/uploads\/sites\/507\/2026\/03\/silvia_circular-1.png\" alt=\"\" class=\"wp-image-677\" srcset=\"https:\/\/webs.uab.cat\/seapeopleslab\/wp-content\/uploads\/sites\/507\/2026\/03\/silvia_circular-1.png 354w, https:\/\/webs.uab.cat\/seapeopleslab\/wp-content\/uploads\/sites\/507\/2026\/03\/silvia_circular-1-300x300.png 300w, https:\/\/webs.uab.cat\/seapeopleslab\/wp-content\/uploads\/sites\/507\/2026\/03\/silvia_circular-1-150x150.png 150w\" sizes=\"auto, (max-width: 354px) 100vw, 354px\" \/><\/figure>\n\n\n\n<h2 class=\"wp-block-heading\">S\u00edlvia G\u00f3mez<\/h2>\n\n\n\n<p>Associate Professor<\/p>\n\n\n\n<p>Contact: silvia.gomez@uab.cat<\/p>\n\n\n\n<div class=\"wp-block-buttons is-layout-flex wp-block-buttons-is-layout-flex\">\n<div class=\"wp-block-button\"><a class=\"wp-block-button__link wp-element-button\" href=\"https:\/\/orcid.org\/0000-0001-5956-3367\">ORCID<\/a><\/div>\n<\/div>\n<\/div>\n\n\n\n<div class=\"wp-block-column is-layout-flow wp-block-column-is-layout-flow\">\n<figure class=\"wp-block-image size-full is-style-rounded\"><img loading=\"lazy\" decoding=\"async\" width=\"512\" height=\"512\" src=\"https:\/\/webs.uab.cat\/seapeopleslab\/wp-content\/uploads\/sites\/507\/2026\/03\/Liliana-Sole-Figueras.webp\" alt=\"\" class=\"wp-image-678\" srcset=\"https:\/\/webs.uab.cat\/seapeopleslab\/wp-content\/uploads\/sites\/507\/2026\/03\/Liliana-Sole-Figueras.webp 512w, https:\/\/webs.uab.cat\/seapeopleslab\/wp-content\/uploads\/sites\/507\/2026\/03\/Liliana-Sole-Figueras-300x300.webp 300w, https:\/\/webs.uab.cat\/seapeopleslab\/wp-content\/uploads\/sites\/507\/2026\/03\/Liliana-Sole-Figueras-150x150.webp 150w\" sizes=\"auto, (max-width: 512px) 100vw, 512px\" \/><\/figure>\n\n\n\n<h2 class=\"wp-block-heading\">Liliana Sol\u00e9<\/h2>\n\n\n\n<p>Postdoc<\/p>\n\n\n\n<p>Contact: liliana.sole@uab.cat<\/p>\n\n\n\n<div class=\"wp-block-buttons is-layout-flex wp-block-buttons-is-layout-flex\">\n<div class=\"wp-block-button\"><a class=\"wp-block-button__link wp-element-button\" href=\"https:\/\/orcid.org\/0000-0003-4573-7439\">ORCID<\/a><\/div>\n<\/div>\n<\/div>\n\n\n\n<div class=\"wp-block-column is-layout-flow wp-block-column-is-layout-flow\">\n<figure class=\"wp-block-image size-large is-style-rounded\"><img loading=\"lazy\" decoding=\"async\" width=\"1024\" height=\"1024\" src=\"https:\/\/webs.uab.cat\/seapeopleslab\/wp-content\/uploads\/sites\/507\/2026\/03\/Dario3-1024x1024.jpg\" alt=\"\" class=\"wp-image-679\" srcset=\"https:\/\/webs.uab.cat\/seapeopleslab\/wp-content\/uploads\/sites\/507\/2026\/03\/Dario3-1024x1024.jpg 1024w, https:\/\/webs.uab.cat\/seapeopleslab\/wp-content\/uploads\/sites\/507\/2026\/03\/Dario3-300x300.jpg 300w, https:\/\/webs.uab.cat\/seapeopleslab\/wp-content\/uploads\/sites\/507\/2026\/03\/Dario3-150x150.jpg 150w, https:\/\/webs.uab.cat\/seapeopleslab\/wp-content\/uploads\/sites\/507\/2026\/03\/Dario3-768x769.jpg 768w, https:\/\/webs.uab.cat\/seapeopleslab\/wp-content\/uploads\/sites\/507\/2026\/03\/Dario3.jpg 1151w\" sizes=\"auto, (max-width: 1024px) 100vw, 1024px\" \/><\/figure>\n\n\n\n<h2 class=\"wp-block-heading\">Dario Cottafava<\/h2>\n\n\n\n<p>Assistant Professor&nbsp;<\/p>\n\n\n\n<p>Contact: dario.cottafava@uab.cat<\/p>\n\n\n\n<div class=\"wp-block-buttons is-layout-flex wp-block-buttons-is-layout-flex\">\n<div class=\"wp-block-button\"><a class=\"wp-block-button__link wp-element-button\" href=\"https:\/\/orcid.org\/0000-0002-5391-096X\">ORCID<\/a><\/div>\n<\/div>\n<\/div>\n<\/div>\n<\/div><\/div>\n\n\n\n<div class=\"wp-block-group\"><div class=\"wp-block-group__inner-container is-layout-constrained wp-block-group-is-layout-constrained\">\n<div class=\"wp-block-columns is-layout-flex wp-container-core-columns-is-layout-9d6595d7 wp-block-columns-is-layout-flex\">\n<div class=\"wp-block-column is-layout-flow wp-block-column-is-layout-flow\">\n<figure class=\"wp-block-image size-large is-style-rounded\"><img loading=\"lazy\" decoding=\"async\" width=\"1016\" height=\"1024\" src=\"https:\/\/webs.uab.cat\/seapeopleslab\/wp-content\/uploads\/sites\/507\/2024\/01\/WhatsApp-Image-2024-01-19-at-12.35.02-2-1016x1024.jpeg\" alt=\"\" class=\"wp-image-342\" srcset=\"https:\/\/webs.uab.cat\/seapeopleslab\/wp-content\/uploads\/sites\/507\/2024\/01\/WhatsApp-Image-2024-01-19-at-12.35.02-2-1016x1024.jpeg 1016w, https:\/\/webs.uab.cat\/seapeopleslab\/wp-content\/uploads\/sites\/507\/2024\/01\/WhatsApp-Image-2024-01-19-at-12.35.02-2-298x300.jpeg 298w, https:\/\/webs.uab.cat\/seapeopleslab\/wp-content\/uploads\/sites\/507\/2024\/01\/WhatsApp-Image-2024-01-19-at-12.35.02-2-150x150.jpeg 150w, https:\/\/webs.uab.cat\/seapeopleslab\/wp-content\/uploads\/sites\/507\/2024\/01\/WhatsApp-Image-2024-01-19-at-12.35.02-2-768x774.jpeg 768w, https:\/\/webs.uab.cat\/seapeopleslab\/wp-content\/uploads\/sites\/507\/2024\/01\/WhatsApp-Image-2024-01-19-at-12.35.02-2.jpeg 1078w\" sizes=\"auto, (max-width: 1016px) 100vw, 1016px\" \/><\/figure>\n\n\n\n<h2 class=\"wp-block-heading\">Elisa Monckeberg<\/h2>\n\n\n\n<p>PhD Student<\/p>\n\n\n\n<p class=\"has-text-align-left has-small-font-size\">Contact: Elisa.Monckeberg@uab.cat<\/p>\n<\/div>\n\n\n\n<div class=\"wp-block-column is-layout-flow wp-block-column-is-layout-flow\">\n<figure class=\"wp-block-gallery has-nested-images columns-default is-cropped wp-block-gallery-1 is-layout-flex wp-block-gallery-is-layout-flex\">\n<figure class=\"wp-block-image size-thumbnail is-style-rounded\"><img loading=\"lazy\" decoding=\"async\" width=\"150\" height=\"150\" data-id=\"718\" src=\"https:\/\/webs.uab.cat\/seapeopleslab\/wp-content\/uploads\/sites\/507\/2026\/03\/ec92449a-334b-4f4a-8bc6-b073ab2c1d97-150x150.jpg\" alt=\"\" class=\"wp-image-718\" \/><\/figure>\n<\/figure>\n\n\n\n<h2 class=\"wp-block-heading\">Mar\u00eda Elena Carbajal <\/h2>\n\n\n\n<p>PhD Student<\/p>\n\n\n\n<p>Contact:<\/p>\n\n\n\n<p>mariaelena.Carbajaly@autonoma.cat<\/p>\n<\/div>\n\n\n\n<div class=\"wp-block-column is-layout-flow wp-block-column-is-layout-flow\">\n<figure class=\"wp-block-image size-full is-style-rounded\"><img loading=\"lazy\" decoding=\"async\" width=\"800\" height=\"800\" src=\"https:\/\/webs.uab.cat\/seapeopleslab\/wp-content\/uploads\/sites\/507\/2024\/01\/Foto-Giulia.jpeg\" alt=\"\" class=\"wp-image-346\" srcset=\"https:\/\/webs.uab.cat\/seapeopleslab\/wp-content\/uploads\/sites\/507\/2024\/01\/Foto-Giulia.jpeg 800w, https:\/\/webs.uab.cat\/seapeopleslab\/wp-content\/uploads\/sites\/507\/2024\/01\/Foto-Giulia-300x300.jpeg 300w, https:\/\/webs.uab.cat\/seapeopleslab\/wp-content\/uploads\/sites\/507\/2024\/01\/Foto-Giulia-150x150.jpeg 150w, https:\/\/webs.uab.cat\/seapeopleslab\/wp-content\/uploads\/sites\/507\/2024\/01\/Foto-Giulia-768x768.jpeg 768w\" sizes=\"auto, (max-width: 800px) 100vw, 800px\" \/><\/figure>\n\n\n\n<h2 class=\"wp-block-heading\">Giulia Balestracci<\/h2>\n\n\n\n<p>PhD Student<\/p>\n\n\n\n<p>Contact: giulia.balestracci@urv.cat<\/p>\n\n\n\n<div class=\"wp-block-buttons is-layout-flex wp-block-buttons-is-layout-flex\">\n<div class=\"wp-block-button\"><a class=\"wp-block-button__link wp-element-button\" href=\"https:\/\/orcid.org\/0009-0007-9885-3480\">ORCID<\/a><\/div>\n<\/div>\n<\/div>\n<\/div>\n<\/div><\/div>\n\n\n\n<figure class=\"wp-block-image size-full is-resized is-style-rounded\"><img loading=\"lazy\" decoding=\"async\" width=\"800\" height=\"800\" src=\"https:\/\/webs.uab.cat\/seapeopleslab\/wp-content\/uploads\/sites\/507\/2026\/04\/ZANDILE-1.jpg\" alt=\"\" class=\"wp-image-762\" style=\"object-fit:cover;width:189px;height:auto\" srcset=\"https:\/\/webs.uab.cat\/seapeopleslab\/wp-content\/uploads\/sites\/507\/2026\/04\/ZANDILE-1.jpg 800w, https:\/\/webs.uab.cat\/seapeopleslab\/wp-content\/uploads\/sites\/507\/2026\/04\/ZANDILE-1-300x300.jpg 300w, https:\/\/webs.uab.cat\/seapeopleslab\/wp-content\/uploads\/sites\/507\/2026\/04\/ZANDILE-1-150x150.jpg 150w, https:\/\/webs.uab.cat\/seapeopleslab\/wp-content\/uploads\/sites\/507\/2026\/04\/ZANDILE-1-768x768.jpg 768w\" sizes=\"auto, (max-width: 800px) 100vw, 800px\" \/><\/figure>\n\n\n\n<div class=\"wp-block-group\"><div class=\"wp-block-group__inner-container is-layout-constrained wp-block-group-is-layout-constrained\">\n<div data-wp-context=\"{ &quot;autoclose&quot;: false, &quot;accordionItems&quot;: [] }\" data-wp-interactive=\"core\/accordion\" role=\"group\" class=\"wp-block-accordion is-layout-flow wp-block-accordion-is-layout-flow\">\n<div data-wp-class--is-open=\"state.isOpen\" data-wp-context=\"{ &quot;id&quot;: &quot;accordion-item-2&quot;, &quot;openByDefault&quot;: false }\" data-wp-init=\"callbacks.initAccordionItems\" data-wp-on-window--hashchange=\"callbacks.hashChange\" class=\"wp-block-accordion-item is-layout-flow wp-block-accordion-item-is-layout-flow\">\n<h3 class=\"wp-block-accordion-heading\"><button aria-expanded=\"false\" aria-controls=\"accordion-item-2-panel\" data-wp-bind--aria-expanded=\"state.isOpen\" data-wp-on--click=\"actions.toggle\" data-wp-on--keydown=\"actions.handleKeyDown\" id=\"accordion-item-2\" class=\"wp-block-accordion-heading__toggle\"><span class=\"wp-block-accordion-heading__toggle-title\"><strong>Zandile  Tsiwula<\/strong> (UCT)<\/span><span class=\"wp-block-accordion-heading__toggle-icon\" aria-hidden=\"true\">+<\/span><\/button><\/h3>\n\n\n\n<div inert aria-labelledby=\"accordion-item-2\" data-wp-bind--inert=\"!state.isOpen\" id=\"accordion-item-2-panel\" role=\"region\" class=\"wp-block-accordion-panel is-layout-flow wp-block-accordion-panel-is-layout-flow\">\n<p><\/p>\n<\/div>\n<\/div>\n<\/div>\n\n\n\n<h2 class=\"wp-block-heading\"><\/h2>\n\n\n\n<h2 class=\"wp-block-heading\">External Collaborators<\/h2>\n<\/div><\/div>\n\n\n\n<div class=\"wp-block-columns is-layout-flex wp-container-core-columns-is-layout-9d6595d7 wp-block-columns-is-layout-flex\">\n<div class=\"wp-block-column is-layout-flow wp-block-column-is-layout-flow\">\n<figure class=\"wp-block-image size-full\"><img loading=\"lazy\" decoding=\"async\" width=\"505\" height=\"505\" src=\"https:\/\/webs.uab.cat\/seapeopleslab\/wp-content\/uploads\/sites\/507\/2026\/03\/circular_crop.png\" alt=\"\" class=\"wp-image-682\" srcset=\"https:\/\/webs.uab.cat\/seapeopleslab\/wp-content\/uploads\/sites\/507\/2026\/03\/circular_crop.png 505w, https:\/\/webs.uab.cat\/seapeopleslab\/wp-content\/uploads\/sites\/507\/2026\/03\/circular_crop-300x300.png 300w, https:\/\/webs.uab.cat\/seapeopleslab\/wp-content\/uploads\/sites\/507\/2026\/03\/circular_crop-150x150.png 150w\" sizes=\"auto, (max-width: 505px) 100vw, 505px\" \/><\/figure>\n\n\n\n<h2 class=\"wp-block-heading\">Miroslav Pulgar<\/h2>\n\n\n\n<div class=\"wp-block-buttons is-layout-flex wp-block-buttons-is-layout-flex\">\n<div class=\"wp-block-button\"><a class=\"wp-block-button__link wp-element-button\" href=\"https:\/\/orcid.org\/0009-0009-4788-8899\">ORCID<\/a><\/div>\n<\/div>\n<\/div>\n\n\n\n<div class=\"wp-block-column is-layout-flow wp-block-column-is-layout-flow\">\n<figure class=\"wp-block-image size-full is-style-rounded\"><img loading=\"lazy\" decoding=\"async\" width=\"500\" height=\"500\" src=\"https:\/\/webs.uab.cat\/seapeopleslab\/wp-content\/uploads\/sites\/507\/2026\/03\/janire500x500.jpg\" alt=\"\" class=\"wp-image-688\" srcset=\"https:\/\/webs.uab.cat\/seapeopleslab\/wp-content\/uploads\/sites\/507\/2026\/03\/janire500x500.jpg 500w, https:\/\/webs.uab.cat\/seapeopleslab\/wp-content\/uploads\/sites\/507\/2026\/03\/janire500x500-300x300.jpg 300w, https:\/\/webs.uab.cat\/seapeopleslab\/wp-content\/uploads\/sites\/507\/2026\/03\/janire500x500-150x150.jpg 150w\" sizes=\"auto, (max-width: 500px) 100vw, 500px\" \/><\/figure>\n\n\n\n<h2 class=\"wp-block-heading\">Janire Salazar <\/h2>\n\n\n\n<div class=\"wp-block-buttons is-layout-flex wp-block-buttons-is-layout-flex\">\n<div class=\"wp-block-button\"><a class=\"wp-block-button__link wp-element-button\" href=\"https:\/\/orcid.org\/0000-0003-3418-8761\">ORCID<\/a><\/div>\n<\/div>\n<\/div>\n\n\n\n<div class=\"wp-block-column is-layout-flow wp-block-column-is-layout-flow\"><\/div>\n<\/div>\n\n\n\n<p><\/p>\n","protected":false},"excerpt":{"rendered":"<p>S\u00edlvia G\u00f3mez Associate Professor Contact: silvia.gomez@uab.cat Liliana Sol\u00e9 Postdoc Contact: liliana.sole@uab.cat Dario Cottafava Assistant Professor&nbsp; Contact: dario.cottafava@uab.cat Elisa Monckeberg PhD Student Contact: Elisa.Monckeberg@uab.cat Mar\u00eda Elena Carbajal PhD Student Contact: mariaelena.Carbajaly@autonoma.cat Giulia Balestracci PhD Student Contact: giulia.balestracci@urv.cat External Collaborators Miroslav Pulgar Janire Salazar<\/p>\n","protected":false},"author":689,"featured_media":0,"parent":0,"menu_order":0,"comment_status":"closed","ping_status":"closed","template":"","meta":{"footnotes":""},"class_list":["post-333","page","type-page","status-publish","hentry"],"_links":{"self":[{"href":"https:\/\/webs.uab.cat\/seapeopleslab\/wp-json\/wp\/v2\/pages\/333","targetHints":{"allow":["GET"]}}],"collection":[{"href":"https:\/\/webs.uab.cat\/seapeopleslab\/wp-json\/wp\/v2\/pages"}],"about":[{"href":"https:\/\/webs.uab.cat\/seapeopleslab\/wp-json\/wp\/v2\/types\/page"}],"author":[{"embeddable":true,"href":"https:\/\/webs.uab.cat\/seapeopleslab\/wp-json\/wp\/v2\/users\/689"}],"replies":[{"embeddable":true,"href":"https:\/\/webs.uab.cat\/seapeopleslab\/wp-json\/wp\/v2\/comments?post=333"}],"version-history":[{"count":31,"href":"https:\/\/webs.uab.cat\/seapeopleslab\/wp-json\/wp\/v2\/pages\/333\/revisions"}],"predecessor-version":[{"id":764,"href":"https:\/\/webs.uab.cat\/seapeopleslab\/wp-json\/wp\/v2\/pages\/333\/revisions\/764"}],"wp:attachment":[{"href":"https:\/\/webs.uab.cat\/seapeopleslab\/wp-json\/wp\/v2\/media?parent=333"}],"curies":[{"name":"wp","href":"https:\/\/api.w.org\/{rel}","templated":true}]}}