{"id":372,"date":"2024-01-25T15:45:18","date_gmt":"2024-01-25T13:45:18","guid":{"rendered":"https:\/\/webs.uab.cat\/seapeopleslab\/?page_id=372"},"modified":"2026-03-14T17:23:38","modified_gmt":"2026-03-14T15:23:38","slug":"publications","status":"publish","type":"page","link":"https:\/\/webs.uab.cat\/seapeopleslab\/publications\/","title":{"rendered":"Publications"},"content":{"rendered":"\n<div data-wp-context=\"{ &quot;autoclose&quot;: false, &quot;accordionItems&quot;: [] }\" data-wp-interactive=\"core\/accordion\" role=\"group\" class=\"wp-block-accordion is-layout-flow wp-block-accordion-is-layout-flow\">\n<div data-wp-class--is-open=\"state.isOpen\" data-wp-context=\"{ &quot;id&quot;: &quot;accordion-item-1&quot;, &quot;openByDefault&quot;: false }\" data-wp-init=\"callbacks.initAccordionItems\" data-wp-on-window--hashchange=\"callbacks.hashChange\" class=\"wp-block-accordion-item is-layout-flow wp-block-accordion-item-is-layout-flow\">\n<h3 class=\"wp-block-accordion-heading has-gris-pubilla-color has-text-color has-background has-link-color wp-elements-4605127ab1a4792ea6065f551389cef0\" style=\"background:linear-gradient(135deg,rgb(6,147,227) 100%,rgb(155,81,224) 100%)\"><button aria-expanded=\"false\" aria-controls=\"accordion-item-1-panel\" data-wp-bind--aria-expanded=\"state.isOpen\" data-wp-on--click=\"actions.toggle\" data-wp-on--keydown=\"actions.handleKeyDown\" id=\"accordion-item-1\" class=\"wp-block-accordion-heading__toggle\"><span class=\"wp-block-accordion-heading__toggle-title\">2026<\/span><span class=\"wp-block-accordion-heading__toggle-icon\" aria-hidden=\"true\">+<\/span><\/button><\/h3>\n\n\n\n<div inert aria-labelledby=\"accordion-item-1\" data-wp-bind--inert=\"!state.isOpen\" id=\"accordion-item-1-panel\" role=\"region\" class=\"wp-block-accordion-panel is-layout-flow wp-block-accordion-panel-is-layout-flow\">\n<p>G\u00f3mez,\u00a0S., &amp; Garrido,\u00a0A. (2026). From commons to commoning as resistance efforts to blue injustice: A sociohistorical and ethnographical approach. People and Nature, 00, 1\u201319.\u00a0<a href=\"https:\/\/doi.org\/10.1002\/pan3.70242\">https:\/\/doi.org\/10.1002\/pan3.70242<\/a><\/p>\n<\/div>\n<\/div>\n<\/div>\n\n\n\n<div data-wp-context=\"{ &quot;autoclose&quot;: false, &quot;accordionItems&quot;: [] }\" data-wp-interactive=\"core\/accordion\" role=\"group\" class=\"wp-block-accordion is-layout-flow wp-block-accordion-is-layout-flow\">\n<div data-wp-class--is-open=\"state.isOpen\" data-wp-context=\"{ &quot;id&quot;: &quot;accordion-item-2&quot;, &quot;openByDefault&quot;: false }\" data-wp-init=\"callbacks.initAccordionItems\" data-wp-on-window--hashchange=\"callbacks.hashChange\" class=\"wp-block-accordion-item is-layout-flow wp-block-accordion-item-is-layout-flow\">\n<h3 class=\"wp-block-accordion-heading has-gris-pubilla-color has-text-color has-background has-link-color wp-elements-345794a84ac7ed8180f40f6b417cb710\" style=\"background:linear-gradient(135deg,rgb(6,147,227) 100%,rgb(155,81,224) 100%)\"><button aria-expanded=\"false\" aria-controls=\"accordion-item-2-panel\" data-wp-bind--aria-expanded=\"state.isOpen\" data-wp-on--click=\"actions.toggle\" data-wp-on--keydown=\"actions.handleKeyDown\" id=\"accordion-item-2\" class=\"wp-block-accordion-heading__toggle\"><span class=\"wp-block-accordion-heading__toggle-title\">2025<\/span><span class=\"wp-block-accordion-heading__toggle-icon\" aria-hidden=\"true\">+<\/span><\/button><\/h3>\n\n\n\n<div inert aria-labelledby=\"accordion-item-2\" data-wp-bind--inert=\"!state.isOpen\" id=\"accordion-item-2-panel\" role=\"region\" class=\"wp-block-accordion-panel is-layout-flow wp-block-accordion-panel-is-layout-flow\">\n<p class=\"has-small-font-size\">Balestracci, G., Nel\u00b7lo Andreu, M. G., G\u00f3mez, S.&nbsp;Coastal, marine or blue tourism governance? Spotting academic trends through bibliometric analysis.&nbsp;<em>Frontiers in Marine Science<\/em>,&nbsp;<em>12<\/em>, 1-17. Art\u00edculo 1623424.&nbsp;<a href=\"https:\/\/doi.org\/10.3389\/fmars.2025.1623424\">https:\/\/doi.org\/10.3389\/fmars.2025.1623424<\/a><\/p>\n\n\n\n<p>Antonova, A. S., Flannery, W., G\u00f3mez, S., Gustavsson, M., Hadjimichael, M., Murtagh, B., Ounanian, K., Soln\u00f8r, S., Steiro, V. M. D., &amp; Svels, K. (2025). <em>Centering coastal communities\u2019 diverse economic practices in the blue economy<\/em>. Geoforum, 166, 104410. <a href=\"https:\/\/doi.org\/10.1016\/j.geoforum.2025.104410\">https:\/\/doi.org\/10.1016\/j.geoforum.2025.104410<\/a><\/p>\n\n\n\n<p>S\u00f8rensen, J., Ounanian, K., Jacobsen, R. B., Ekstedt, J., Soln\u00f8r, S. M., R\u00f8nningen, K., G\u00f3mez, S\u2026 Gustavsson, M. (2025). Stepping stones as a metaphor for building partnerships and co-producing knowledge in coastal transitions.&nbsp;<em>Local Development &amp; Society<\/em>, 1\u201323 <a href=\"https:\/\/doi.org\/10.1080\/26883597.2025.2528014\">https:\/\/doi.org\/10.1080\/26883597.2025.2528014<\/a> <\/p>\n\n\n\n<p>Monckeberg, E., G\u00f3mez, S. Exploring the potential of coastal cities to address climate change towards an inclusive, equitable and politically engaged orientation. Anthropocene Coasts 8, 33 (2025). <a href=\"https:\/\/doi.org\/10.1007\/s44218-025-00099-5.\">https:\/\/doi.org\/10.1007\/s44218-025-00099-5.<\/a><\/p>\n\n\n\n<p>Antonova, A., Flannery, W., Gomez, S., Gustavsson, M., Hadjimichael, M., Murtagh, B., Ounanian, K., Soln\u00f8r, S., Daae Steiro, V., Svels, C. Centering coastal communities\u2019 diverse economic practices in the blue economy. Geoforum, 166: 104410. <a href=\"https:\/\/doi.org\/10.1016\/j.geoforum.2025.104410\">https:\/\/doi.org\/10.1016\/j.geoforum.2025.104410<\/a><\/p>\n\n\n\n<p>Salazar, J., Gili, JM, Millan, L., Vendrell-Sim\u00f3n, B., G\u00f3mez, S<em>. <\/em>Ocean Literacy Opportunities in Urban Marine Ecosystems: Gorgonian Populations in Barcelona (Catalonia, Spain). Ocean and Society, 2, 9731. <a href=\"https:\/\/doi.org\/10.17645\/oas.9731\">&nbsp;https:\/\/doi.org\/10.17645\/oas.9731<\/a><\/p>\n\n\n\n<p>G\u00f3mez, S., Garriga, A., Bosch, M.T., Bosch, M., Villasante, S., Salazar, J. <a>Ocean Literacy in managing Marine Protected Areas: Bridging natural and cultural heritage. Frontiers in Marine Science<\/a>. Frontiers in Marine Science, Vol. 12. <a href=\"https:\/\/doi.org\/10.3389\/fmars.2025.1540163\">https:\/\/doi.org\/10.3389\/fmars.2025.1540163<\/a><\/p>\n\n\n\n<p>Sol\u00e9, L., Hearn, K. P., Witra, T., Lechner, A. M., &amp; Fagerholm, N. (2025). Balancing landscape values and tourism choices: Integrating participatory mapping and the IPBES Values Typology.&nbsp;<em>Ambio<\/em>,&nbsp;<em>54<\/em>(5), 818-838.&nbsp;<a href=\"https:\/\/doi.org\/10.1007\/s13280-024-02112-6\">https:\/\/doi.org\/10.1007\/s13280-024-02112-6<\/a><\/p>\n\n\n\n<p>Horn, S., Meunier, C. L., Krause, G., &amp; Sol\u00e9, L. (2025). Investigating the influence of tourism on the Wadden Sea using a multi-layer social-ecological network.&nbsp;<em>Ocean &amp; Coastal Management<\/em>,&nbsp;<em>266<\/em>, 107686.&nbsp;<a href=\"https:\/\/doi.org\/10.1016\/j.ocecoaman.2025.107686\">https:\/\/doi.org\/10.1016\/j.ocecoaman.2025.107686<\/a><\/p>\n\n\n\n<p>Sol\u00e9, L., Ariza, E., &amp; Casellas, A. (2025). Navigating ecosystem services and access inequalities.&nbsp;<em>Marine Policy<\/em>,&nbsp;<em>180<\/em>, 106799.<a href=\"https:\/\/doi.org\/10.1016\/j.marpol.2025.106799\">https:\/\/doi.org\/10.1016\/j.marpol.2025.106799<\/a><\/p>\n\n\n\n<p>Sol\u00e9 Figueras, L., Bombana, B., &amp; Ortiz Guitart, A. (2025). Navigating diversity: Assessing gender inclusivity at the 2023 Association of Geographical Societies in Europe (EUGEO) Congress.&nbsp;<em>Documents d&#8217;an\u00e0lisi geogr\u00e0fica<\/em>,&nbsp;<em>71<\/em>(1), 0181-209.&nbsp;<a href=\"https:\/\/doi.org\/10.5565\/rev\/dag.932\">https:\/\/doi.org\/10.5565\/rev\/dag.932<\/a><\/p>\n<\/div>\n<\/div>\n<\/div>\n\n\n\n<div data-wp-context=\"{ &quot;autoclose&quot;: false, &quot;accordionItems&quot;: [] }\" data-wp-interactive=\"core\/accordion\" role=\"group\" class=\"wp-block-accordion is-layout-flow wp-block-accordion-is-layout-flow\">\n<div data-wp-class--is-open=\"state.isOpen\" data-wp-context=\"{ &quot;id&quot;: &quot;accordion-item-3&quot;, &quot;openByDefault&quot;: false }\" data-wp-init=\"callbacks.initAccordionItems\" data-wp-on-window--hashchange=\"callbacks.hashChange\" class=\"wp-block-accordion-item is-layout-flow wp-block-accordion-item-is-layout-flow\">\n<h3 class=\"wp-block-accordion-heading has-blanc-coco-color has-text-color has-background has-link-color wp-elements-86ac67fe0fd911b280c9a8f01186fb92\" style=\"background:linear-gradient(135deg,rgb(6,147,227) 100%,rgb(155,81,224) 100%)\"><button aria-expanded=\"false\" aria-controls=\"accordion-item-3-panel\" data-wp-bind--aria-expanded=\"state.isOpen\" data-wp-on--click=\"actions.toggle\" data-wp-on--keydown=\"actions.handleKeyDown\" id=\"accordion-item-3\" class=\"wp-block-accordion-heading__toggle\"><span class=\"wp-block-accordion-heading__toggle-title\">2024<\/span><span class=\"wp-block-accordion-heading__toggle-icon\" aria-hidden=\"true\">+<\/span><\/button><\/h3>\n\n\n\n<div inert aria-labelledby=\"accordion-item-3\" data-wp-bind--inert=\"!state.isOpen\" id=\"accordion-item-3-panel\" role=\"region\" class=\"wp-block-accordion-panel is-layout-flow wp-block-accordion-panel-is-layout-flow\">\n<p>Janire Salazar, S\u00edlvia G\u00f3mez, Bego\u00f1a Vendrell, Miroslav Pulgar, N\u00faria Viladrich, Stefano Ambroso, Patricia Baena, Andreu Sant\u00edn, Maria Montseny, Marina Biel-Cabanelas, Josep-Maria Gili. An Urgent Call for More Ambitious Ocean Literacy Strategies in Marine Protected Areas: Collaboration Project with Small-scale Fishers as a Case Study. Frontiers in Marine Science Volume 11 \u2013 2024, <a href=\"https:\/\/doi.org\/10.3389\/fmars.2024.1320515\">https:\/\/doi.org\/10.3389\/fmars.2024.1320515<\/a><\/p>\n\n\n\n<p>S\u00edlvia G\u00f3mez, Beatriz Patraca, Jade Zoghbi, Eduard Ariza, Maria Wilke, N\u00edels Einarsson, Sveinbj\u00f6rg Sm\u00e1rad\u00f3ttir, Edward Huijbens, Catherine Chambers. Exploring social media as a tool for disentangling cultural ecosystem service values of whale-watching to inform environmental judgementsand ethics: The case of H\u00fasav\u00edk, Iceland. Journal of Ecotourism <a href=\"https:\/\/www.tandfonline.com\/doi\/abs\/10.1080\/14724049.2024.2308367\" data-type=\"link\" data-id=\"https:\/\/www.tandfonline.com\/doi\/abs\/10.1080\/14724049.2024.2308367\">10.1080\/14724049.2024.230836<\/a><\/p>\n\n\n\n<p>Sol\u00e9 Figueras, L., Zandt, E. I., Buschbaum, C., &amp; Meunier, C. L. (2024). How are the impacts of multiple anthropogenic drivers considered in marine ecosystem service research? A systematic literature review.&nbsp;<em>Journal of Applied Ecology<\/em>,&nbsp;<em>61<\/em>(6), 1212-1226.<a href=\"https:\/\/doi.org\/10.1111\/1365-2664.14625\">https:\/\/doi.org\/10.1111\/1365-2664.14625<\/a><\/p>\n<\/div>\n<\/div>\n<\/div>\n\n\n\n<div data-wp-context=\"{ &quot;autoclose&quot;: false, &quot;accordionItems&quot;: [] }\" data-wp-interactive=\"core\/accordion\" role=\"group\" class=\"wp-block-accordion is-layout-flow wp-block-accordion-is-layout-flow\">\n<div data-wp-class--is-open=\"state.isOpen\" data-wp-context=\"{ &quot;id&quot;: &quot;accordion-item-4&quot;, &quot;openByDefault&quot;: false }\" data-wp-init=\"callbacks.initAccordionItems\" data-wp-on-window--hashchange=\"callbacks.hashChange\" class=\"wp-block-accordion-item is-layout-flow wp-block-accordion-item-is-layout-flow\">\n<h3 class=\"wp-block-accordion-heading has-blanc-coco-color has-text-color has-background has-link-color wp-elements-c1aa9734b18f99b3238b48b873b4a154\" style=\"background:linear-gradient(135deg,rgb(6,147,227) 100%,rgb(155,81,224) 100%)\"><button aria-expanded=\"false\" aria-controls=\"accordion-item-4-panel\" data-wp-bind--aria-expanded=\"state.isOpen\" data-wp-on--click=\"actions.toggle\" data-wp-on--keydown=\"actions.handleKeyDown\" id=\"accordion-item-4\" class=\"wp-block-accordion-heading__toggle\"><span class=\"wp-block-accordion-heading__toggle-title\">2023<\/span><span class=\"wp-block-accordion-heading__toggle-icon\" aria-hidden=\"true\">+<\/span><\/button><\/h3>\n\n\n\n<div inert aria-labelledby=\"accordion-item-4\" data-wp-bind--inert=\"!state.isOpen\" id=\"accordion-item-4-panel\" role=\"region\" class=\"wp-block-accordion-panel is-layout-flow wp-block-accordion-panel-is-layout-flow\">\n<p>G\u00f3mez, S\u00edlvia; K\u00f6psel, Vera (eds.). <a href=\"https:\/\/www.routledge.com\/Transdisciplinary-Marine-Research-Bridging-Science-and-Society\/Gomez-Kopsel\/p\/book\/9781032317588\" data-type=\"link\" data-id=\"https:\/\/www.routledge.com\/Transdisciplinary-Marine-Research-Bridging-Science-and-Society\/Gomez-Kopsel\/p\/book\/9781032317588\">Transdisciplinary Marine Research: Bridging Science and Society <\/a>Ed. Routledge (Francis &amp; Taylor Group).<\/p>\n\n\n\n<p>G\u00f3mez, S\u00edlvia Contribution as co-author within the Chapter entitled <a href=\"https:\/\/www.sciencedirect.com\/science\/chapter\/edited-volume\/abs\/pii\/B9780323952279000087\">Community engagement for ocean and human health<\/a> In Lora Fleming, Lota B. Alcantara Creencia, William H. Gerwick, Hong Ching Goh, Matthew O. Gribble, Bruce Maycock, Helena Solo-Gabriele (Eds.) Oceans and Human Health: Opportunities and Impacts, Second Edition. Elsevier. ISBN: 9780323952279.<\/p>\n\n\n\n<p>Arnau Carre\u00f1o, Eva Fontdecaba, Angel Izquierdo, Olga Enciso, Pepus Daunis-i-Estadella, Gloria Mateu-Figueras, Javier Palarea-Albaladejo, Mireia Gascon, Cristina Vendrell, Montserrat Lloveras, Joan San, S\u00edlvia G\u00f3mez, Stefania Minuto, Josep Lloret. Blue prescription: A pilot study of health benefits for oncological patients of a short program of activities involving the sea. Heliyon, 7: 9, E17713. <a href=\"https:\/\/doi.org\/10.1016\/j.heliyon.2023.e17713\">https:\/\/doi.org\/10.1016\/j.heliyon.2023.e17713<\/a><\/p>\n\n\n\n<p>Duron, J-N; Lloret, J., Sala-Corominas, J.; Recasens, L., G\u00f3mez, S., Fountan Bouzas, L., Guillen, J.; Tudel, S. Regional dynamic co-management for sustainable fisheries and ecosystem conservation: a pilot analysis in the Catalan Sea. Frontiers of Marine Science. 10:1197878. <a href=\"https:\/\/doi.org\/10.3389\/fmars.2023.1197878\">https:\/\/doi.org\/10.3389\/fmars.2023.1197878<\/a><\/p>\n\n\n\n<p>Moranta, J; Florido-del-Corral, D; L\u00f3pez-L\u00f3pez, L; G\u00f3mez, S; Agujetas, J; Albo-Puigserver, M; W. Brent, Zoe; Bathily, L; Calv\u00e1rio, R:, Cavall\u00e9, M; Coll, M; Crane, A; C.L. de Oliveira, E; Ert\u00f6r, I; Herrera-Racionero, P; Leit\u00e3o, F; Miret-Pastor, LL; Patraca, B; Ortega, M; Pascual-Fern\u00e1ndez; J.J.; Ram\u00f3n-Bruquetas, J; S\u00e1ez-Jim\u00e9nez, J; Seck-Papalaye, A; Villasante, S. Sowing potential transformative changes in the fishing and agrifood systems. Marine Policy 154 <a href=\"https:\/\/doi.org\/10.1016\/j.marpol.2023.105673\">https:\/\/doi.org\/10.1016\/j.marpol.2023.105673<\/a><\/p>\n\n\n\n<p>Maya-Jariego, I; Holgado, D.; Cecilia Castillo, A.; Floido-del-Corral, D.; G\u00f3mez, S. Children&#8217;s interaction with ecosystem services in a mangrove forest: Perceptions of fisherfolks on the involvement of minors in fishing activities in the Gulf of Fonseca in Honduras. Ocean &amp; Coastal Management 236. <a href=\"https:\/\/doi.org\/10.1016\/j.ocecoaman.2023.106502\">https:\/\/doi.org\/10.1016\/j.ocecoaman.2023.106502<\/a><\/p>\n<\/div>\n<\/div>\n<\/div>\n\n\n\n<div data-wp-context=\"{ &quot;autoclose&quot;: false, &quot;accordionItems&quot;: [] }\" data-wp-interactive=\"core\/accordion\" role=\"group\" class=\"wp-block-accordion is-layout-flow wp-block-accordion-is-layout-flow\">\n<div data-wp-class--is-open=\"state.isOpen\" data-wp-context=\"{ &quot;id&quot;: &quot;accordion-item-5&quot;, &quot;openByDefault&quot;: false }\" data-wp-init=\"callbacks.initAccordionItems\" data-wp-on-window--hashchange=\"callbacks.hashChange\" class=\"wp-block-accordion-item is-layout-flow wp-block-accordion-item-is-layout-flow\">\n<h3 class=\"wp-block-accordion-heading has-blanc-coco-color has-text-color has-background has-link-color wp-elements-1ab829a22edf2577810dfa1e1bfb6afb\" style=\"background:linear-gradient(135deg,rgb(6,147,227) 100%,rgb(155,81,224) 100%)\"><button aria-expanded=\"false\" aria-controls=\"accordion-item-5-panel\" data-wp-bind--aria-expanded=\"state.isOpen\" data-wp-on--click=\"actions.toggle\" data-wp-on--keydown=\"actions.handleKeyDown\" id=\"accordion-item-5\" class=\"wp-block-accordion-heading__toggle\"><span class=\"wp-block-accordion-heading__toggle-title\">2022<\/span><span class=\"wp-block-accordion-heading__toggle-icon\" aria-hidden=\"true\">+<\/span><\/button><\/h3>\n\n\n\n<div inert aria-labelledby=\"accordion-item-5\" data-wp-bind--inert=\"!state.isOpen\" id=\"accordion-item-5-panel\" role=\"region\" class=\"wp-block-accordion-panel is-layout-flow wp-block-accordion-panel-is-layout-flow\">\n<p>G\u00f3mez, S\u00edlvia; Patraca, B; Molina, J.L. Improving seafood systems with social network analysis: The case of cuttlefish marketing in Catalonia. Marine Policy 150:105517. <a href=\"https:\/\/doi.org\/10.1016\/j.marpol.2023.105517\">https:\/\/doi.org\/10.1016\/j.marpol.2023.105517<\/a><\/p>\n\n\n\n<p>G\u00f3mez, S\u00edlvia The Moral and Ethical Baseline of Marine Socio\u2011Ecological Values: The Case of Recreational and Artisanal Fishing in NW Mediterranean Coastal Waters (Catalonia, Spain). Human Ecology<a href=\"https:\/\/doi.org\/10.1007\/s10745-022-00354-0\"> <\/a><a href=\"https:\/\/doi.org\/10.1007\/s10745-022-00354-0\" data-type=\"link\" data-id=\"https:\/\/doi.org\/10.1007\/s10745-022-00354-0\">https:\/\/doi.org\/10.1007\/s10745-022-00354-0<\/a><\/p>\n<\/div>\n<\/div>\n<\/div>\n\n\n\n<p><\/p>\n\n\n\n<p><\/p>\n\n\n\n<p><\/p>\n\n\n\n<p><\/p>\n\n\n\n<p><\/p>\n\n\n\n<p><\/p>\n\n\n\n<p><\/p>\n\n\n\n<p><\/p>\n\n\n\n<p><\/p>\n\n\n\n<p><\/p>\n\n\n\n<p><\/p>\n","protected":false},"excerpt":{"rendered":"","protected":false},"author":689,"featured_media":0,"parent":0,"menu_order":0,"comment_status":"closed","ping_status":"closed","template":"","meta":{"footnotes":""},"class_list":["post-372","page","type-page","status-publish","hentry"],"_links":{"self":[{"href":"https:\/\/webs.uab.cat\/seapeopleslab\/wp-json\/wp\/v2\/pages\/372","targetHints":{"allow":["GET"]}}],"collection":[{"href":"https:\/\/webs.uab.cat\/seapeopleslab\/wp-json\/wp\/v2\/pages"}],"about":[{"href":"https:\/\/webs.uab.cat\/seapeopleslab\/wp-json\/wp\/v2\/types\/page"}],"author":[{"embeddable":true,"href":"https:\/\/webs.uab.cat\/seapeopleslab\/wp-json\/wp\/v2\/users\/689"}],"replies":[{"embeddable":true,"href":"https:\/\/webs.uab.cat\/seapeopleslab\/wp-json\/wp\/v2\/comments?post=372"}],"version-history":[{"count":18,"href":"https:\/\/webs.uab.cat\/seapeopleslab\/wp-json\/wp\/v2\/pages\/372\/revisions"}],"predecessor-version":[{"id":726,"href":"https:\/\/webs.uab.cat\/seapeopleslab\/wp-json\/wp\/v2\/pages\/372\/revisions\/726"}],"wp:attachment":[{"href":"https:\/\/webs.uab.cat\/seapeopleslab\/wp-json\/wp\/v2\/media?parent=372"}],"curies":[{"name":"wp","href":"https:\/\/api.w.org\/{rel}","templated":true}]}}