{"id":380,"date":"2024-01-26T17:04:29","date_gmt":"2024-01-26T15:04:29","guid":{"rendered":"https:\/\/webs.uab.cat\/seapeopleslab\/?page_id=380"},"modified":"2026-04-19T22:13:45","modified_gmt":"2026-04-19T20:13:45","slug":"resources","status":"publish","type":"page","link":"https:\/\/webs.uab.cat\/seapeopleslab\/resources\/","title":{"rendered":"Resources"},"content":{"rendered":"\n<p>Docufilm Vides de sal<\/p>\n\n\n\n<figure class=\"wp-block-embed is-type-video is-provider-youtube wp-block-embed-youtube wp-embed-aspect-16-9 wp-has-aspect-ratio\"><div class=\"wp-block-embed__wrapper\">\n<iframe loading=\"lazy\" title=\"Tr\u00e0iler documental: VIDES DE SAL. Un documental de S\u00edlvia G\u00f3mez Mestres. Produit per: Polimarc Films\" width=\"580\" height=\"326\" src=\"https:\/\/www.youtube.com\/embed\/ZjNdbW8VJhQ?start=10&#038;feature=oembed\" frameborder=\"0\" allow=\"accelerometer; autoplay; clipboard-write; encrypted-media; gyroscope; picture-in-picture; web-share\" referrerpolicy=\"strict-origin-when-cross-origin\" allowfullscreen><\/iframe>\n<\/div><figcaption class=\"wp-element-caption\">Documentary trailer<\/figcaption><\/figure>\n\n\n\n<div class=\"wp-block-cover\"><img loading=\"lazy\" decoding=\"async\" width=\"640\" height=\"640\" class=\"wp-block-cover__image-background wp-image-737 size-full\" alt=\"\" src=\"https:\/\/webs.uab.cat\/seapeopleslab\/wp-content\/uploads\/sites\/507\/2026\/03\/p41_palangre.jpg\" style=\"object-position:73% 6%\" data-object-fit=\"cover\" data-object-position=\"73% 6%\" srcset=\"https:\/\/webs.uab.cat\/seapeopleslab\/wp-content\/uploads\/sites\/507\/2026\/03\/p41_palangre.jpg 640w, https:\/\/webs.uab.cat\/seapeopleslab\/wp-content\/uploads\/sites\/507\/2026\/03\/p41_palangre-300x300.jpg 300w, https:\/\/webs.uab.cat\/seapeopleslab\/wp-content\/uploads\/sites\/507\/2026\/03\/p41_palangre-150x150.jpg 150w\" sizes=\"auto, (max-width: 640px) 100vw, 640px\" \/><span aria-hidden=\"true\" class=\"wp-block-cover__background has-background-dim\" style=\"background-color:#657e99\"><\/span><div class=\"wp-block-cover__inner-container is-layout-constrained wp-block-cover-is-layout-constrained\">\n<figure class=\"wp-block-image size-large is-resized\"><img loading=\"lazy\" decoding=\"async\" width=\"1024\" height=\"953\" src=\"https:\/\/webs.uab.cat\/seapeopleslab\/wp-content\/uploads\/sites\/507\/2026\/04\/Llorer-2025-vert-trans-1024x953.png\" alt=\"\" class=\"wp-image-755\" style=\"aspect-ratio:1.0744822979291917;width:125px;height:auto\" srcset=\"https:\/\/webs.uab.cat\/seapeopleslab\/wp-content\/uploads\/sites\/507\/2026\/04\/Llorer-2025-vert-trans-1024x953.png 1024w, https:\/\/webs.uab.cat\/seapeopleslab\/wp-content\/uploads\/sites\/507\/2026\/04\/Llorer-2025-vert-trans-300x279.png 300w, https:\/\/webs.uab.cat\/seapeopleslab\/wp-content\/uploads\/sites\/507\/2026\/04\/Llorer-2025-vert-trans-768x715.png 768w, https:\/\/webs.uab.cat\/seapeopleslab\/wp-content\/uploads\/sites\/507\/2026\/04\/Llorer-2025-vert-trans-1536x1430.png 1536w, https:\/\/webs.uab.cat\/seapeopleslab\/wp-content\/uploads\/sites\/507\/2026\/04\/Llorer-2025-vert-trans-1200x1117.png 1200w, https:\/\/webs.uab.cat\/seapeopleslab\/wp-content\/uploads\/sites\/507\/2026\/04\/Llorer-2025-vert-trans.png 1560w\" sizes=\"auto, (max-width: 1024px) 100vw, 1024px\" \/><\/figure>\n\n\n\n<figure class=\"wp-block-image size-large is-resized\"><img loading=\"lazy\" decoding=\"async\" width=\"1024\" height=\"512\" src=\"https:\/\/webs.uab.cat\/seapeopleslab\/wp-content\/uploads\/sites\/507\/2026\/04\/ViewsSectionSUNCINE31_black-1024x512.png\" alt=\"\" class=\"wp-image-754\" style=\"width:252px;height:auto\" srcset=\"https:\/\/webs.uab.cat\/seapeopleslab\/wp-content\/uploads\/sites\/507\/2026\/04\/ViewsSectionSUNCINE31_black-1024x512.png 1024w, https:\/\/webs.uab.cat\/seapeopleslab\/wp-content\/uploads\/sites\/507\/2026\/04\/ViewsSectionSUNCINE31_black-300x150.png 300w, https:\/\/webs.uab.cat\/seapeopleslab\/wp-content\/uploads\/sites\/507\/2026\/04\/ViewsSectionSUNCINE31_black-768x384.png 768w, https:\/\/webs.uab.cat\/seapeopleslab\/wp-content\/uploads\/sites\/507\/2026\/04\/ViewsSectionSUNCINE31_black-1200x600.png 1200w, https:\/\/webs.uab.cat\/seapeopleslab\/wp-content\/uploads\/sites\/507\/2026\/04\/ViewsSectionSUNCINE31_black.png 1280w\" sizes=\"auto, (max-width: 1024px) 100vw, 1024px\" \/><\/figure>\n\n\n\n<div data-wp-context=\"{ &quot;autoclose&quot;: false, &quot;accordionItems&quot;: [] }\" data-wp-interactive=\"core\/accordion\" role=\"group\" class=\"wp-block-accordion is-layout-flow wp-block-accordion-is-layout-flow\">\n<div data-wp-class--is-open=\"state.isOpen\" data-wp-context=\"{ &quot;id&quot;: &quot;accordion-item-1&quot;, &quot;openByDefault&quot;: false }\" data-wp-init=\"callbacks.initAccordionItems\" data-wp-on-window--hashchange=\"callbacks.hashChange\" class=\"wp-block-accordion-item is-layout-flow wp-block-accordion-item-is-layout-flow\">\n<h3 class=\"wp-block-accordion-heading has-groc-caputxina-color has-gris-londres-background-color has-text-color has-background has-link-color wp-elements-0701adbd340dfc69b221d4ec5cf0ca0f\"><button aria-expanded=\"false\" aria-controls=\"accordion-item-1-panel\" data-wp-bind--aria-expanded=\"state.isOpen\" data-wp-on--click=\"actions.toggle\" data-wp-on--keydown=\"actions.handleKeyDown\" id=\"accordion-item-1\" class=\"wp-block-accordion-heading__toggle\"><span class=\"wp-block-accordion-heading__toggle-title\">VIDES DE SAL (<em><a href=\"https:\/\/youtu.be\/F7zHJyJsRZc?si=hPAJWk1q_Rx956DX\" data-type=\"link\" data-id=\"https:\/\/youtu.be\/F7zHJyJsRZc?si=hPAJWk1q_Rx956DX\">V.O. subtitles in English<\/a><\/em>)<\/span><span class=\"wp-block-accordion-heading__toggle-icon\" aria-hidden=\"true\">+<\/span><\/button><\/h3>\n\n\n\n<div inert aria-labelledby=\"accordion-item-1\" data-wp-bind--inert=\"!state.isOpen\" id=\"accordion-item-1-panel\" role=\"region\" class=\"wp-block-accordion-panel is-layout-flow wp-block-accordion-panel-is-layout-flow\">\n<p><a href=\"https:\/\/youtu.be\/F7zHJyJsRZc?si=hPAJWk1q_Rx956DX\" data-type=\"link\" data-id=\"https:\/\/youtu.be\/F7zHJyJsRZc?si=hPAJWk1q_Rx956DX\">https:\/\/youtu.be\/F7zHJyJsRZc?si=hPAJWk1q_Rx956DX<\/a><\/p>\n<\/div>\n<\/div>\n<\/div>\n<\/div><\/div>\n\n\n\n<p><\/p>\n\n\n\n<div class=\"wp-block-cover is-light\"><img loading=\"lazy\" decoding=\"async\" width=\"769\" height=\"1024\" class=\"wp-block-cover__image-background wp-image-734 size-large\" alt=\"\" src=\"https:\/\/webs.uab.cat\/seapeopleslab\/wp-content\/uploads\/sites\/507\/2026\/03\/CAP-DE-CREUS-7-769x1024.jpg\" style=\"object-position:45% 80%\" data-object-fit=\"cover\" data-object-position=\"45% 80%\" srcset=\"https:\/\/webs.uab.cat\/seapeopleslab\/wp-content\/uploads\/sites\/507\/2026\/03\/CAP-DE-CREUS-7-769x1024.jpg 769w, https:\/\/webs.uab.cat\/seapeopleslab\/wp-content\/uploads\/sites\/507\/2026\/03\/CAP-DE-CREUS-7-225x300.jpg 225w, https:\/\/webs.uab.cat\/seapeopleslab\/wp-content\/uploads\/sites\/507\/2026\/03\/CAP-DE-CREUS-7-768x1023.jpg 768w, https:\/\/webs.uab.cat\/seapeopleslab\/wp-content\/uploads\/sites\/507\/2026\/03\/CAP-DE-CREUS-7-1153x1536.jpg 1153w, https:\/\/webs.uab.cat\/seapeopleslab\/wp-content\/uploads\/sites\/507\/2026\/03\/CAP-DE-CREUS-7.jpg 1201w\" sizes=\"auto, (max-width: 769px) 100vw, 769px\" \/><span aria-hidden=\"true\" class=\"wp-block-cover__background has-background-dim\" style=\"background-color:#868994\"><\/span><div class=\"wp-block-cover__inner-container is-layout-constrained wp-block-cover-is-layout-constrained\">\n<p class=\"has-text-align-center has-gris-pubilla-color has-text-color has-link-color has-large-font-size wp-elements-081b953a83252c0732460fd76a25160f\"><\/p>\n\n\n\n<div data-wp-context=\"{ &quot;autoclose&quot;: false, &quot;accordionItems&quot;: [] }\" data-wp-interactive=\"core\/accordion\" role=\"group\" class=\"wp-block-accordion is-layout-flow wp-block-accordion-is-layout-flow\">\n<div data-wp-class--is-open=\"state.isOpen\" data-wp-context=\"{ &quot;id&quot;: &quot;accordion-item-2&quot;, &quot;openByDefault&quot;: false }\" data-wp-init=\"callbacks.initAccordionItems\" data-wp-on-window--hashchange=\"callbacks.hashChange\" class=\"wp-block-accordion-item is-layout-flow wp-block-accordion-item-is-layout-flow\">\n<h3 class=\"wp-block-accordion-heading has-groc-caputxina-color has-marro-stradivari-transparent-background-color has-text-color has-background has-link-color wp-elements-9a39403d9325e251e41721ca6a2695ac\"><button aria-expanded=\"false\" aria-controls=\"accordion-item-2-panel\" data-wp-bind--aria-expanded=\"state.isOpen\" data-wp-on--click=\"actions.toggle\" data-wp-on--keydown=\"actions.handleKeyDown\" id=\"accordion-item-2\" class=\"wp-block-accordion-heading__toggle\"><span class=\"wp-block-accordion-heading__toggle-title\">VIDEO CLIPS <strong><em>(V.O. Subtitles in English)<\/em><\/strong><\/span><span class=\"wp-block-accordion-heading__toggle-icon\" aria-hidden=\"true\">+<\/span><\/button><\/h3>\n\n\n\n<div inert aria-labelledby=\"accordion-item-2\" data-wp-bind--inert=\"!state.isOpen\" id=\"accordion-item-2-panel\" role=\"region\" class=\"wp-block-accordion-panel is-layout-flow wp-block-accordion-panel-is-layout-flow\">\n<p><a href=\"https:\/\/youtu.be\/UC1BGD74Ro4?si=oXFDY3Kv_ZBzVGby\" data-type=\"link\" data-id=\"https:\/\/youtu.be\/UC1BGD74Ro4?si=oXFDY3Kv_ZBzVGby\">https:\/\/youtu.be\/UC1BGD74Ro4?si=oXFDY3Kv_ZBzVGby<\/a><\/p>\n<\/div>\n<\/div>\n<\/div>\n<\/div><\/div>\n","protected":false},"excerpt":{"rendered":"<p>Docufilm Vides de sal<\/p>\n","protected":false},"author":689,"featured_media":0,"parent":0,"menu_order":0,"comment_status":"closed","ping_status":"closed","template":"","meta":{"footnotes":""},"class_list":["post-380","page","type-page","status-publish","hentry"],"_links":{"self":[{"href":"https:\/\/webs.uab.cat\/seapeopleslab\/wp-json\/wp\/v2\/pages\/380","targetHints":{"allow":["GET"]}}],"collection":[{"href":"https:\/\/webs.uab.cat\/seapeopleslab\/wp-json\/wp\/v2\/pages"}],"about":[{"href":"https:\/\/webs.uab.cat\/seapeopleslab\/wp-json\/wp\/v2\/types\/page"}],"author":[{"embeddable":true,"href":"https:\/\/webs.uab.cat\/seapeopleslab\/wp-json\/wp\/v2\/users\/689"}],"replies":[{"embeddable":true,"href":"https:\/\/webs.uab.cat\/seapeopleslab\/wp-json\/wp\/v2\/comments?post=380"}],"version-history":[{"count":8,"href":"https:\/\/webs.uab.cat\/seapeopleslab\/wp-json\/wp\/v2\/pages\/380\/revisions"}],"predecessor-version":[{"id":758,"href":"https:\/\/webs.uab.cat\/seapeopleslab\/wp-json\/wp\/v2\/pages\/380\/revisions\/758"}],"wp:attachment":[{"href":"https:\/\/webs.uab.cat\/seapeopleslab\/wp-json\/wp\/v2\/media?parent=380"}],"curies":[{"name":"wp","href":"https:\/\/api.w.org\/{rel}","templated":true}]}}