{"id":13,"date":"2009-05-08T11:22:32","date_gmt":"2009-05-08T11:22:32","guid":{"rendered":"https:\/\/webs.uab.cat\/sebastiagiralt\/docencia\/"},"modified":"2024-11-16T23:53:05","modified_gmt":"2024-11-16T23:53:05","slug":"docencia","status":"publish","type":"page","link":"https:\/\/webs.uab.cat\/sebastiagiralt\/docencia\/","title":{"rendered":"Doc\u00e8ncia"},"content":{"rendered":"\n<h2 class=\"wp-block-heading\"><strong><strong>Assignatures del curs<\/strong> 2024-2025<\/strong><\/h2>\n\n\n\n<ul class=\"wp-block-list\">\n<li>104213 Civilitzaci\u00f3 romana (Ci\u00e8ncies de l&#8217;Antiguitat \/ Angl\u00e8s-Cl\u00e0ssiques).<\/li>\n\n\n\n<li>104201 L&#8217;Eneida (Ci\u00e8ncies de l&#8217;Antiguitat \/ Angl\u00e8s-Cl\u00e0ssiques).<\/li>\n\n\n\n<li>104197 Textos narratius llatins (Ci\u00e8ncies de l&#8217;Antiguitat \/ Angl\u00e8s-Cl\u00e0ssiques).<\/li>\n\n\n\n<li>104223 \u00das avan\u00e7at d&#8217;eines digitals per a l\u0092&#8217;estudi de l\u0092&#8217;antiguitat (Ci\u00e8ncies de l&#8217;Antiguitat).<\/li>\n<\/ul>\n\n\n\n<h2 class=\"wp-block-heading\"><strong><strong>Assignatures del curs<\/strong> 2023-2024<\/strong><\/h2>\n\n\n\n<ul class=\"wp-block-list\">\n<li>104213 Civilitzaci\u00f3 romana (Ci\u00e8ncies de l&#8217;Antiguitat).<\/li>\n\n\n\n<li>100332 Llat\u00ed Medieval (Ci\u00e8ncies de l&#8217;Antiguitat), <\/li>\n\n\n\n<li>104201 L&#8217;Eneida (Ci\u00e8ncies de l&#8217;Antiguitat \/ Angl\u00e8s-Cl\u00e0ssiques),<\/li>\n\n\n\n<li>104197 Textos narratius llatins (Ci\u00e8ncies de l&#8217;Antiguitat \/ Angl\u00e8s-Cl\u00e0ssiques), guia docent.<\/li>\n\n\n\n<li>104223 \u00das avan\u00e7at d&#8217;eines digitals per a l\u0092&#8217;estudi de l\u0092&#8217;antiguitat (Ci\u00e8ncies de l&#8217;Antiguitat.<\/li>\n<\/ul>\n\n\n\n<h2 class=\"wp-block-heading\"><strong>Assignatures del curs 2022-2023<\/strong><\/h2>\n\n\n\n<ul class=\"wp-block-list\">\n<li>104213 Civilitzaci\u00f3 romana (Ci\u00e8ncies de l&#8217;Antiguitat).<\/li>\n\n\n\n<li>104201 L&#8217;Eneida (Ci\u00e8ncies de l&#8217;Antiguitat \/ Angl\u00e8s-Cl\u00e0ssiques),<\/li>\n\n\n\n<li>104223 \u00das avan\u00e7at d&#8217;eines digitals per a l\u0092&#8217;estudi de l\u0092&#8217;antiguitat (Ci\u00e8ncies de l&#8217;Antiguitat).<\/li>\n<\/ul>\n\n\n\n<h2 class=\"wp-block-heading\"><strong>Assignatures del curs 2021-2022<\/strong><\/h2>\n\n\n\n<ul class=\"wp-block-list\">\n<li>104223 \u00das avan\u00e7at d&#8217;eines digitals per a l\u0092&#8217;estudi de l\u0092&#8217;antiguitat (Ci\u00e8ncies de l&#8217;Antiguitat), <a rel=\"noopener\" href=\"https:\/\/www.uab.cat\/guiesdocents\/2018-19\/g100422a2018-19iCAT.pdf\" target=\"_blank\">guia docent<\/a> (PDF),<\/li>\n\n\n\n<li>104213 Civilitzaci\u00f3 romana (Ci\u00e8ncies de l&#8217;Antiguitat), <a href=\"https:\/\/guies.uab.cat\/guies_docents\/public\/portal\/html\/2021\/assignatura\/104213\/ca\">guia docent<\/a> (PDF).<\/li>\n\n\n\n<li>104197 Textos narratius llatins (Ci\u00e8ncies de l&#8217;Antiguitat \/ Angl\u00e8s-Cl\u00e0ssiques), <a href=\"https:\/\/guies.uab.cat\/guies_docents\/public\/portal\/html\/2021\/assignatura\/104197\/ca\">guia docent<\/a> (PDF).<\/li>\n<\/ul>\n\n\n\n<h2 class=\"wp-block-heading\"><strong>Assignatures del curs 2020-2021<\/strong><\/h2>\n\n\n\n<ul class=\"wp-block-list\">\n<li>100074 28990 Mitologia i literatura (Humanitats \/ Estudis Cl\u00e0ssics), guia docent (PDF),<\/li>\n\n\n\n<li>104213 Civilitzaci\u00f3 romana (Ci\u00e8ncies de l&#8217;Antiguitat), guia docent (PDF).<\/li>\n\n\n\n<li>104197 Textos narratius llatins (Ci\u00e8ncies de l&#8217;Antiguitat \/ Angl\u00e8s-Cl\u00e0ssiques), guia docent (PDF).<\/li>\n\n\n\n<li>Coordinador de Pr\u00e0ctiques Externes (Estudis Cl\u00e0ssics), guia docent (PDF).<\/li>\n<\/ul>\n\n\n\n<h2 class=\"wp-block-heading\"><strong>Assignatures del curs 2019-2020<\/strong><\/h2>\n\n\n\n<ul class=\"wp-block-list\">\n<li>100074 28990 Mitologia i literatura (Humanitats \/ Estudis Cl\u00e0ssics), <a href=\"https:\/\/www.uab.cat\/guiesdocents\/2018-19\/g100422a2018-19iCAT.pdf\" target=\"_blank\" rel=\"noopener\">guia docent<\/a> (PDF),<\/li>\n\n\n\n<li>100410 Civilitzaci\u00f3 de Roma (Estudis Cl\u00e0ssics), <a href=\"https:\/\/www.uab.cat\/guiesdocents\/2019-20\/g100410a2019-20iCAT.pdf\" target=\"_blank\" rel=\"noopener\">guia docent<\/a> (PDF).<\/li>\n\n\n\n<li>104197 Textos narratius llatins (Ci\u00e8ncies de l&#8217;Antiguitat \/ Angl\u00e8s-Cl\u00e0ssiques), <a href=\"https:\/\/www.uab.cat\/guiesdocents\/2019-20\/g104197a2019-20iCAT.pdf\" target=\"_blank\" rel=\"noopener\">guia docent<\/a> (PDF).<\/li>\n\n\n\n<li>Coordinador de Pr\u00e0ctiques Externes (Estudis Cl\u00e0ssics), <a href=\"https:\/\/www.uab.cat\/guiesdocents\/2019-20\/g100400a2019-20iCAT.pdf\">guia docent<\/a> (PDF).<\/li>\n<\/ul>\n\n\n\n<h2 class=\"wp-block-heading\"><strong>Assignatures del curs 2018-2019<\/strong><\/h2>\n\n\n\n<ul class=\"wp-block-list\">\n<li>100074 28990 Mitologia i literatura (Humanitats \/ Estudis Cl\u00e0ssics), <a href=\"https:\/\/www.uab.cat\/guiesdocents\/2018-19\/g100422a2018-19iCAT.pdf\" target=\"_blank\" rel=\"noopener\">guia docent<\/a> (PDF),<\/li>\n\n\n\n<li>100413 Literatura llatina de l&#8217;\u00e8poca republicana (Estudis Cl\u00e0ssics), <a href=\"https:\/\/www.uab.cat\/guiesdocents\/2018-19\/g100413a2018-19iCAT.pdf\" target=\"_blank\" rel=\"noopener\">guia docent<\/a> (PDF).<\/li>\n\n\n\n<li>104197 Textos narratius llatins (Ci\u00e8ncies de l&#8217;Antiguitat \/ Angl\u00e8s-Cl\u00e0ssiques), <a href=\"https:\/\/www.uab.cat\/guiesdocents\/2018-19\/g104197a2018-19iCAT.pdf\" target=\"_blank\" rel=\"noopener\">guia docent<\/a> (PDF).<\/li>\n\n\n\n<li>Coordinador de Pr\u00e0ctiques Externes (Estudis Cl\u00e0ssics), <a href=\"https:\/\/www.uab.cat\/guiesdocents\/2018-19\/g100400a2018-19iCAT.pdf\">guia docent<\/a> (PDF).<\/li>\n<\/ul>\n\n\n\n<h2 class=\"wp-block-heading\"><strong>Assignatures del curs 2017-2018<\/strong><\/h2>\n\n\n\n<ul class=\"wp-block-list\">\n<li>100074 28990 Mitologia i literatura (Humanitats \/ Estudis Cl\u00e0ssics), guia docent (PDF),<\/li>\n\n\n\n<li>100413 Literatura llatina de l&#8217;\u00e8poca republicana (Estudis Cl\u00e0ssics), guia docent (PDF).<\/li>\n\n\n\n<li>100372 Textos llatins: Guia docent (PDF).<\/li>\n\n\n\n<li>Coordinador de Pr\u00e0ctiques Externes.<\/li>\n<\/ul>\n\n\n\n<h2 class=\"wp-block-heading\"><strong>Assignatures del curs 2016-2017<\/strong><\/h2>\n\n\n\n<ul class=\"wp-block-list\">\n<li>100074 Perviv\u00e8ncia de la Mitologia Grecollatina \/ 28990 Mitologia i literatura (Humanitats \/ Estudis Cl\u00e0ssics), guia docent (PDF),<\/li>\n\n\n\n<li>100413 Literatura llatina de l&#8217;\u00e8poca republicana (Estudis Cl\u00e0ssics), guia docent (PDF).<\/li>\n\n\n\n<li>100372 Textos llatins: Guia docent (PDF).<\/li>\n\n\n\n<li>Coordinador de Pr\u00e0ctiques Externes.<\/li>\n<\/ul>\n\n\n\n<h2 class=\"wp-block-heading\"><strong>Assignatures del curs 2015-2016<\/strong><\/h2>\n\n\n\n<ul class=\"wp-block-list\">\n<li>100074 Perviv\u00e8ncia de la Mitologia Grecollatina \/ 28990 Mitologia i literatura (Humanitats \/ Estudis Cl\u00e0ssics), guia docent (PDF),<\/li>\n\n\n\n<li>100413 Literatura llatina de l&#8217;\u00e8poca republicana (Estudis Cl\u00e0ssics), guia docent (PDF).<\/li>\n\n\n\n<li>100372 Textos llatins: Guia docent (PDF).<\/li>\n\n\n\n<li>Coordinador de Pr\u00e0ctiques Externes.<\/li>\n<\/ul>\n\n\n\n<h2 class=\"wp-block-heading\"><strong>Assignatures del curs 2014-2015<\/strong><\/h2>\n\n\n\n<ul class=\"wp-block-list\">\n<li>100074 Perviv\u00e8ncia de la Mitologia Grecollatina \/ 28990 Mitologia i literatura (Humanitats \/ Estudis Cl\u00e0ssics), <a href=\"https:\/\/www.uab.cat\/guiesdocents\/2014-15\/g100422t2500243a2014-15iCAT.pdf\" target=\"_blank\" rel=\"noopener\">guia docent<\/a> (PDF),<\/li>\n\n\n\n<li>100413 Literatura llatina de l&#8217;\u00e8poca republicana (Estudis Cl\u00e0ssics), <a href=\"https:\/\/www.uab.cat\/guiesdocents\/2014-15\/g100413t2500243a2014-15iCAT.pdf\" target=\"_blank\" rel=\"noopener\">guia docent<\/a> (PDF).<\/li>\n\n\n\n<li>100372 Textos llatins: <a href=\"https:\/\/www.uab.es\/guiesdocents\/2014-15\/g100404t2500243a2014-15iCAT.pdf\" target=\"_blank\" rel=\"noopener\">Guia docent<\/a> (PDF).<\/li>\n\n\n\n<li>Coordinador de Pr\u00e0ctiques Externes.<\/li>\n<\/ul>\n\n\n\n<h2 class=\"wp-block-heading\"><strong>Assignatures del curs 2013-2014<\/strong><\/h2>\n\n\n\n<ul class=\"wp-block-list\">\n<li>100074 Perviv\u00e8ncia de la Mitologia Grecollatina \/ 28990 Mitologia i literatura (Humanitats), <a href=\"https:\/\/ddd.uab.cat\/pub\/procur\/2013-14\/p100422a2013-14iCAT.pdf\" target=\"_blank\" rel=\"noopener\">guia docent<\/a> (PDF),<\/li>\n\n\n\n<li>100413 Literatura llatina de l&#8217;\u00e8poca republicana (Estudis Cl\u00e0ssics), guia docent (PDF).<\/li>\n\n\n\n<li>100372 Textos llatins: <a href=\"https:\/\/ddd.uab.cat\/pub\/procur\/2013-14\/p100372a2013-14iCAT.pdf\" target=\"_blank\" rel=\"noopener\">Guia docent<\/a> (PDF).<\/li>\n\n\n\n<li>Coordinador de Pr\u00e0ctiques Externes.<\/li>\n<\/ul>\n\n\n\n<h2 class=\"wp-block-heading\"><strong>Assignatures del curs 2012-2013<\/strong><\/h2>\n\n\n\n<ul class=\"wp-block-list\">\n<li>100625 Llat\u00ed (Catal\u00e0, Castell\u00e0 i Franc\u00e8s), <a href=\"https:\/\/www.uab.cat\/Document\/21\/294\/100625%20llati%201r%202012-2013.pdf\" target=\"_blank\" rel=\"noopener\">guia docent<\/a> (PDF).<\/li>\n\n\n\n<li>100074 Perviv\u00e8ncia de la Mitologia Grecollatina \/ 28990 Mitologia Grecollatina (Humanitats), guia docent (PDF).<\/li>\n\n\n\n<li>100413 Literatura llatina de l&#8217;\u00e8poca republicana (Estudis Cl\u00e0ssics), guia docent (PDF).<\/li>\n<\/ul>\n\n\n\n<h2 class=\"wp-block-heading\"><strong>Assignatures del curs 2011-2012<\/strong><\/h2>\n\n\n\n<ul class=\"wp-block-list\">\n<li>100625 Llat\u00ed (Catal\u00e0, Castell\u00e0 i Franc\u00e8s), <a href=\"https:\/\/webs.uab.cat\/sebastiagiralt\/wp-content\/uploads\/sites\/94\/2009\/05\/guia_docent_llati.pdf\" target=\"_blank\" rel=\"noopener\">guia docent<\/a> (PDF).<\/li>\n\n\n\n<li>100074 Perviv\u00e8ncia de la Mitologia Grecollatina \/ 28990 Mitologia Grecollatina (Humanitats), guia docent (PDF),<\/li>\n\n\n\n<li>100413 Literatura llatina de l&#8217;\u00e8poca republicana (Estudis Cl\u00e0ssics), guia docent (PDF).<\/li>\n<\/ul>\n\n\n\n<h2 class=\"wp-block-heading\"><strong>Assignatures del curs 2010-2011<\/strong><\/h2>\n\n\n\n<ul class=\"wp-block-list\">\n<li>100074 Perviv\u00e8ncia de la Mitologia Grecollatina \/ 28990 Mitologia Grecollatina (Humanitats),<\/li>\n\n\n\n<li>28505 Fonts Cl\u00e0ssiques per a l&#8217;Estudi d&#8217;Hisp\u00e0nia (segon cicle de Filologia Cl\u00e0ssica),<\/li>\n\n\n\n<li>28540 Textos Llatins I (segon cicle de Filologia Cl\u00e0ssica),<\/li>\n\n\n\n<li>40742 Estudis avan\u00e7ats en Filologia Llatina (tercer cicle: M\u00e0ster de Ci\u00e8ncies de l&#8217;Antiguitat i l&#8217;Edat Mitjana).<\/li>\n<\/ul>\n\n\n\n<h2 class=\"wp-block-heading\"><strong>Assignatures del curs 2009-2010<\/strong><\/h2>\n\n\n\n<ul class=\"wp-block-list\">\n<li>100074 Perviv\u00e8ncia de la Mitologia Grecollatina \/ 28990 Mitologia Grecollatina (Humanitats),<\/li>\n\n\n\n<li>28505 Fonts Cl\u00e0ssiques per a l&#8217;Estudi d&#8217;Hisp\u00e0nia (segon cicle de Filologia Cl\u00e0ssica),<\/li>\n\n\n\n<li>28540 Textos Llatins I (segon cicle de Filologia Cl\u00e0ssica),<\/li>\n\n\n\n<li>40741 Estudis avan\u00e7ats en Ci\u00e8ncies de l&#8217;Antiguitat i de l&#8217;Edat Mitjana (M\u00f2dul 1) (tercer cicle: M\u00e0ster de Ci\u00e8ncies de l&#8217;Antiguitat i l&#8217;Edat Mitjana).<\/li>\n<\/ul>\n\n\n\n<h2 class=\"wp-block-heading\"><strong>Assignatures del curs 2008-2009<\/strong><\/h2>\n\n\n\n<ul class=\"wp-block-list\">\n<li>100074 Perviv\u00e8ncia de la Mitologia Grecollatina \/ 28990 Mitologia Grecollatina (Humanitats),<\/li>\n\n\n\n<li>28505 Fonts Cl\u00e0ssiques per a l&#8217;Estudi d&#8217;Hisp\u00e0nia (segon cicle de Filologia Cl\u00e0ssica),<\/li>\n\n\n\n<li>28515 Introducci\u00f3 als g\u00e8neres literaris llatins (primer cicle de Filologia Cl\u00e0ssica),<\/li>\n\n\n\n<li>40741 Estudis avan\u00e7ats en Ci\u00e8ncies de l&#8217;Antiguitat i de l&#8217;Edat Mitjana. M\u00f2dul 1 (tercer cicle: M\u00e0ster de Ci\u00e8ncies de l&#8217;Antiguitat i l&#8217;Edat Mitjana).<\/li>\n<\/ul>\n\n\n\n<h2 class=\"wp-block-heading\"><strong>Assignatures del curs 2007-2008<\/strong><\/h2>\n\n\n\n<ul class=\"wp-block-list\">\n<li>28990 Mitologia Grecollatina (Humanitats),<\/li>\n\n\n\n<li>28505 Fonts Cl\u00e0ssiques per a l&#8217;Estudi d&#8217;Hisp\u00e0nia (segon cicle de Filologia Cl\u00e0ssica),<\/li>\n\n\n\n<li>28515 Introducci\u00f3 als g\u00e8neres literaris llatins (primer cicle de Filologia Cl\u00e0ssica),<\/li>\n\n\n\n<li>40741 Estudis avan\u00e7ats en Ci\u00e8ncies de l&#8217;Antiguitat i de l&#8217;Edat Mitjana. M\u00f2dul 1 (tercer cicle: M\u00e0ster de Ci\u00e8ncies de l&#8217;Antiguitat i l&#8217;Edat Mitjana).<\/li>\n<\/ul>\n","protected":false},"excerpt":{"rendered":"<p>Assignatures del curs 2024-2025 Assignatures del curs 2023-2024 Assignatures del curs 2022-2023 Assignatures del curs 2021-2022 Assignatures del curs 2020-2021 Assignatures del curs 2019-2020 Assignatures del curs 2018-2019 Assignatures del curs 2017-2018 Assignatures del curs 2016-2017 Assignatures del curs 2015-2016 Assignatures del curs 2014-2015 Assignatures del curs 2013-2014 Assignatures del curs 2012-2013 Assignatures del curs [&hellip;]<\/p>\n","protected":false},"author":20,"featured_media":0,"parent":0,"menu_order":0,"comment_status":"closed","ping_status":"closed","template":"","meta":{"footnotes":""},"class_list":["post-13","page","type-page","status-publish","hentry"],"_links":{"self":[{"href":"https:\/\/webs.uab.cat\/sebastiagiralt\/wp-json\/wp\/v2\/pages\/13","targetHints":{"allow":["GET"]}}],"collection":[{"href":"https:\/\/webs.uab.cat\/sebastiagiralt\/wp-json\/wp\/v2\/pages"}],"about":[{"href":"https:\/\/webs.uab.cat\/sebastiagiralt\/wp-json\/wp\/v2\/types\/page"}],"author":[{"embeddable":true,"href":"https:\/\/webs.uab.cat\/sebastiagiralt\/wp-json\/wp\/v2\/users\/20"}],"replies":[{"embeddable":true,"href":"https:\/\/webs.uab.cat\/sebastiagiralt\/wp-json\/wp\/v2\/comments?post=13"}],"version-history":[{"count":4,"href":"https:\/\/webs.uab.cat\/sebastiagiralt\/wp-json\/wp\/v2\/pages\/13\/revisions"}],"predecessor-version":[{"id":138,"href":"https:\/\/webs.uab.cat\/sebastiagiralt\/wp-json\/wp\/v2\/pages\/13\/revisions\/138"}],"wp:attachment":[{"href":"https:\/\/webs.uab.cat\/sebastiagiralt\/wp-json\/wp\/v2\/media?parent=13"}],"curies":[{"name":"wp","href":"https:\/\/api.w.org\/{rel}","templated":true}]}}