{"id":13,"date":"2023-11-19T23:25:36","date_gmt":"2023-11-19T21:25:36","guid":{"rendered":"https:\/\/webs.uab.cat\/seminari-ice-educacio-musical\/?page_id=13"},"modified":"2025-06-12T18:42:44","modified_gmt":"2025-06-12T16:42:44","slug":"jomuse-ii","status":"publish","type":"page","link":"https:\/\/webs.uab.cat\/seminari-ice-educacio-musical\/jomuse-ii\/","title":{"rendered":"JOMUSE II"},"content":{"rendered":"\n<p class=\"has-text-align-center\">29 de setembre de 2023\u00a0<\/p>\n\n\n\n<p class=\"has-text-align-center\">Facultat d&#8217;Educaci\u00f3, Edifici G6, Universitat Aut\u00f2noma de Barcelona<\/p>\n\n\n\n<h2 class=\"wp-block-heading\">Confer\u00e8ncia inaugural<\/h2>\n\n\n\n<ul class=\"wp-block-list\">\n<li>Claus per la creaci\u00f3 i el disseny de Situacions d\u2019Aprenentatge de m\u00fasica, a c\u00e0rrec de <strong>Georgina Rovira<\/strong>.&nbsp;<\/li>\n<\/ul>\n\n\n\n<h2 class=\"wp-block-heading\">Tallers<\/h2>\n\n\n\n<p><\/p>\n\n\n\n<ul class=\"wp-block-list\">\n<li>Dansa &#8211; El Branle: l\u2019<em>escape room <\/em>del renaixement, a c\u00e0rrec de <strong>Joan Codina<\/strong> [<a href=\"https:\/\/docs.google.com\/presentation\/d\/11Zy-EvKplffC5aurMwUJCyXCzbAZoDRXHtFF1vpSLWU\/edit\">Documentaci\u00f3<\/a>]<\/li>\n\n\n\n<li>Connexions amb la veu, a c\u00e0rrec de <strong>Gemma Tatay<\/strong><\/li>\n\n\n\n<li>Recursos per a la improvisaci\u00f3 des de ritmes sudamericans, a c\u00e0rrec de <strong>Fabi\u00e1n Dur\u00e1n<\/strong><\/li>\n\n\n\n<li>Ableton Live com a eina creativa, a c\u00e0rrec d&#8217;<strong>Oriol \u201ciol\u201d Cases<\/strong><\/li>\n<\/ul>\n\n\n\n<h2 class=\"wp-block-heading\">Comunicacions<\/h2>\n\n\n\n<ul class=\"wp-block-list\">\n<li>El bus del rock, a c\u00e0rrec de <strong>Carme L\u00f3pez<\/strong><\/li>\n\n\n\n<li>El musical del Castell, a c\u00e0rrec d&#8217;<strong>Ana Pe\u00f1a<\/strong> [<a href=\"https:\/\/drive.google.com\/file\/d\/1JTEb09jOGbHeJtPz7Z9HpXSIAo3U4pBv\/view?usp=sharing\">Documentaci\u00f3<\/a>]<\/li>\n\n\n\n<li>Influ\u00e8ncia de la percussi\u00f3 corporal en el grup-classe, a c\u00e0rrec d&#8217;<strong>\u00c0lex Saborit<\/strong><\/li>\n\n\n\n<li>Escoltem amb el cos, a c\u00e0rrec d&#8217;<strong>Erola Ramis<\/strong><\/li>\n\n\n\n<li>Emocions amb crispetes, a c\u00e0rrec de <strong>Juli Garola<\/strong> [<a href=\"https:\/\/uab-my.sharepoint.com\/:p:\/g\/personal\/2079347_uab_cat\/EfT3R_sBPvVIpObbMiP_F5cBEZeKlQtOD1MlYJRQHr-4ag?e=vFnWXN\">Documentaci\u00f3<\/a>]<\/li>\n\n\n\n<li>De la inspiraci\u00f3 a l&#8217;escenari, a c\u00e0rrec de <strong>David Gonz\u00e1lez<\/strong> [<a href=\"https:\/\/www.canva.com\/design\/DAFuPt6d8ic\/JS4PKy7V2azQvMv4Rl-QQA\/view?utm_content=DAFuPt6d8ic&amp;utm_campaign=designshare&amp;utm_medium=link&amp;utm_source=publishsharelink\">Documentaci\u00f3<\/a>]<\/li>\n\n\n\n<li>Els viatges dels compositors en el Classicisme, a c\u00e0rrec de <strong>Mar\u00eda Loreto<\/strong> [<a href=\"https:\/\/view.genial.ly\/65008057da0df30018d34fc7\/presentation-els-viatges-dels-compositors-en-el-classicisme\">Documentaci\u00f3<\/a>]<\/li>\n\n\n\n<li>Can\u00e7ons de bandolers i lladres de cam\u00ed ral, a c\u00e0rrec de <strong>Wladimir Morales<\/strong> [<a href=\"https:\/\/drive.google.com\/drive\/folders\/1AvV5sNC3_jsYyWWHNL_tEjAiXhxdpr2T?usp=drive_link\">Documentaci\u00f3<\/a>]<\/li>\n<\/ul>\n\n\n\n<p><\/p>\n","protected":false},"excerpt":{"rendered":"<p>29 de setembre de 2023\u00a0 Facultat d&#8217;Educaci\u00f3, Edifici G6, Universitat Aut\u00f2noma de Barcelona Confer\u00e8ncia inaugural Tallers Comunicacions<\/p>\n","protected":false},"author":2815,"featured_media":0,"parent":0,"menu_order":0,"comment_status":"closed","ping_status":"closed","template":"","meta":{"footnotes":""},"class_list":["post-13","page","type-page","status-publish","hentry"],"_links":{"self":[{"href":"https:\/\/webs.uab.cat\/seminari-ice-educacio-musical\/wp-json\/wp\/v2\/pages\/13","targetHints":{"allow":["GET"]}}],"collection":[{"href":"https:\/\/webs.uab.cat\/seminari-ice-educacio-musical\/wp-json\/wp\/v2\/pages"}],"about":[{"href":"https:\/\/webs.uab.cat\/seminari-ice-educacio-musical\/wp-json\/wp\/v2\/types\/page"}],"author":[{"embeddable":true,"href":"https:\/\/webs.uab.cat\/seminari-ice-educacio-musical\/wp-json\/wp\/v2\/users\/2815"}],"replies":[{"embeddable":true,"href":"https:\/\/webs.uab.cat\/seminari-ice-educacio-musical\/wp-json\/wp\/v2\/comments?post=13"}],"version-history":[{"count":17,"href":"https:\/\/webs.uab.cat\/seminari-ice-educacio-musical\/wp-json\/wp\/v2\/pages\/13\/revisions"}],"predecessor-version":[{"id":413,"href":"https:\/\/webs.uab.cat\/seminari-ice-educacio-musical\/wp-json\/wp\/v2\/pages\/13\/revisions\/413"}],"wp:attachment":[{"href":"https:\/\/webs.uab.cat\/seminari-ice-educacio-musical\/wp-json\/wp\/v2\/media?parent=13"}],"curies":[{"name":"wp","href":"https:\/\/api.w.org\/{rel}","templated":true}]}}