{"id":9,"date":"2023-11-19T23:25:21","date_gmt":"2023-11-19T21:25:21","guid":{"rendered":"https:\/\/webs.uab.cat\/seminari-ice-educacio-musical\/?page_id=9"},"modified":"2025-06-12T18:42:18","modified_gmt":"2025-06-12T16:42:18","slug":"jomuse-i","status":"publish","type":"page","link":"https:\/\/webs.uab.cat\/seminari-ice-educacio-musical\/jomuse-i\/","title":{"rendered":"JOMUSE I"},"content":{"rendered":"\n<p class=\"has-text-align-center\"><strong>JOMUSE I<\/strong><\/p>\n\n\n\n<p class=\"has-text-align-center\">5 de juliol de 2022&nbsp;<\/p>\n\n\n\n<p class=\"has-text-align-center\">Facultat d&#8217;Educaci\u00f3, Edifici G6, Universitat Aut\u00f2noma de Barcelona<\/p>\n\n\n\n<h2 class=\"wp-block-heading\">Confer\u00e8ncia inaugural<\/h2>\n\n\n\n<p class=\"has-negre-eben-color has-text-color\"><\/p>\n\n\n\n<ul class=\"wp-block-list\">\n<li>El nou curr\u00edculum de m\u00fasica secund\u00e0ria. Les claus per comprendre la nova proposta curricular del Departament d\u2019Educaci\u00f3 per a l\u2019\u00e0mbit art\u00edstic, a c\u00e0rrec de <strong>Georgina Rovira Rodr\u00edguez<\/strong>. [<a href=\"https:\/\/drive.google.com\/file\/d\/1jfPXiX48oLSx3OlViTOsvqYpSQGEvEI-\/view?usp=sharing\">Documentaci\u00f3<\/a>]<\/li>\n<\/ul>\n\n\n\n<h2 class=\"wp-block-heading\">Tallers<\/h2>\n\n\n\n<ul class=\"wp-block-list\">\n<li>Joc d\u2019escapada en viu. El Branle i els seus antecedents, a c\u00e0rrec de <strong>Joan Codina<\/strong>. [<a href=\"https:\/\/docs.google.com\/presentation\/d\/11Zy-EvKplffC5aurMwUJCyXCzbAZoDRXHtFF1vpSLWU\/edit?usp=sharing\">Documentaci\u00f3<\/a>]<\/li>\n\n\n\n<li>Improversem: rap i glosa a secund\u00e0ria, a c\u00e0rrec de <strong>Caterina Canyelles<\/strong>. [<a href=\"https:\/\/sites.google.com\/institutmariaespinalt.cat\/improversem\/inici\">Documentaci\u00f3<\/a>]<\/li>\n<\/ul>\n\n\n\n<h2 class=\"wp-block-heading\">Comunicacions<\/h2>\n\n\n\n<ul class=\"wp-block-list\">\n<li>Creaci\u00f3 instant\u00e0nia a l\u2019aula, a c\u00e0rrec de <strong>Thomas Becket<\/strong>. [<a href=\"https:\/\/drive.google.com\/drive\/folders\/1GTnWsVB06bKlupqgA4WTXaftS-2yGvWr\">Documentaci\u00f3<\/a>]<\/li>\n\n\n\n<li>Tocant emocions. Del conjunt instrumental a 1r d&#8217;ESO al projecte interdisciplinari sobre la creaci\u00f3 d\u2019una obra teatral a 3r d&#8217;ESO, a c\u00e0rrec d&#8217;<strong>Olga Teruel i M\u00ba Jos\u00e9 Illana<\/strong>. [<a href=\"https:\/\/view.genial.ly\/62b2cff0dfcd54001099f8f3\/presentation-tocant-emocions-presentacio-ice\">Documentaci\u00f3<\/a>]<\/li>\n\n\n\n<li>Nadal arreu del m\u00f3n, a c\u00e0rrec de <strong>Cristina Mestre<\/strong>. [<a href=\"https:\/\/view.genial.ly\/62c316f13a842300187a6232\/presentation-presentacio-nadal-arreu-del-mon\">Documentaci\u00f3<\/a>]<\/li>\n\n\n\n<li>Gravem un CD, a c\u00e0rrec de <strong>Daniel Casanova<\/strong>. [<a href=\"https:\/\/drive.google.com\/file\/d\/1_EXG8fpBPY0ATi3rXPK2MQqg5E-wlxAC\/view?usp=sharing\">Documentaci\u00f3<\/a>]<\/li>\n<\/ul>\n","protected":false},"excerpt":{"rendered":"<p>JOMUSE I 5 de juliol de 2022&nbsp; Facultat d&#8217;Educaci\u00f3, Edifici G6, Universitat Aut\u00f2noma de Barcelona Confer\u00e8ncia inaugural Tallers Comunicacions<\/p>\n","protected":false},"author":2815,"featured_media":0,"parent":0,"menu_order":0,"comment_status":"closed","ping_status":"closed","template":"","meta":{"footnotes":""},"class_list":["post-9","page","type-page","status-publish","hentry"],"_links":{"self":[{"href":"https:\/\/webs.uab.cat\/seminari-ice-educacio-musical\/wp-json\/wp\/v2\/pages\/9","targetHints":{"allow":["GET"]}}],"collection":[{"href":"https:\/\/webs.uab.cat\/seminari-ice-educacio-musical\/wp-json\/wp\/v2\/pages"}],"about":[{"href":"https:\/\/webs.uab.cat\/seminari-ice-educacio-musical\/wp-json\/wp\/v2\/types\/page"}],"author":[{"embeddable":true,"href":"https:\/\/webs.uab.cat\/seminari-ice-educacio-musical\/wp-json\/wp\/v2\/users\/2815"}],"replies":[{"embeddable":true,"href":"https:\/\/webs.uab.cat\/seminari-ice-educacio-musical\/wp-json\/wp\/v2\/comments?post=9"}],"version-history":[{"count":8,"href":"https:\/\/webs.uab.cat\/seminari-ice-educacio-musical\/wp-json\/wp\/v2\/pages\/9\/revisions"}],"predecessor-version":[{"id":412,"href":"https:\/\/webs.uab.cat\/seminari-ice-educacio-musical\/wp-json\/wp\/v2\/pages\/9\/revisions\/412"}],"wp:attachment":[{"href":"https:\/\/webs.uab.cat\/seminari-ice-educacio-musical\/wp-json\/wp\/v2\/media?parent=9"}],"curies":[{"name":"wp","href":"https:\/\/api.w.org\/{rel}","templated":true}]}}