{"id":1049,"date":"2023-10-13T09:36:56","date_gmt":"2023-10-13T07:36:56","guid":{"rendered":"https:\/\/webs.uab.cat\/setmanainnovacio\/?page_id=1049"},"modified":"2023-10-13T09:47:55","modified_gmt":"2023-10-13T07:47:55","slug":"cabines-interpretacio","status":"publish","type":"page","link":"https:\/\/webs.uab.cat\/setmanainnovacio\/activitats-2023\/cabines-interpretacio\/","title":{"rendered":"Activitats"},"content":{"rendered":"\n<div class=\"wp-block-columns is-layout-flex wp-container-core-columns-is-layout-9d6595d7 wp-block-columns-is-layout-flex\">\n<div class=\"wp-block-column has-blanc-coco-color has-text-color is-layout-flow wp-block-column-is-layout-flow\" style=\"flex-basis:30%\">\n<h6 class=\"wp-block-heading has-text-align-center has-negre-eben-background-color has-background\">18 d&#8217;OCTUBRE<\/h6>\n<\/div>\n\n\n\n<div class=\"wp-block-column is-vertically-aligned-center is-layout-flow wp-block-column-is-layout-flow\">\n<h2 class=\"wp-block-heading\">Cabines d&#8217;interpretaci\u00f3 obertes<\/h2>\n<\/div>\n<\/div>\n\n\n\n<p><strong>Lloc<\/strong>: <a href=\"https:\/\/maps.app.goo.gl\/WB7u49UpNnpd2K4U7\" target=\"_blank\" rel=\"noreferrer noopener\">Facultat de Traducci\u00f3 i d&#8217;Interpretaci\u00f3 de la <span style=\"text-decoration: underline\">U<\/span>AB<\/a><br><strong>Hora<\/strong>: de 11 h a 13 h<\/p>\n\n\n\n<p>El&nbsp;proper dia 18&nbsp;d&#8217;octubre, d&#8217;11 a 13 hores, les cabines d&#8217;interpretaci\u00f3 simult\u00e0nia de l&#8217;aula d&#8217;interpretaci\u00f3 estaran obertes perqu\u00e8, tothom qui ho vulgui, pugui tenir l&#8217;experi\u00e8ncia de fer d&#8217;int\u00e8rpret.<br><br>L&#8217;aula 1 est\u00e0 equipada amb 23 cabines amb sistema d&#8217;\u00e0udio digital.<\/p>\n","protected":false},"excerpt":{"rendered":"<p>18 d&#8217;OCTUBRE Cabines d&#8217;interpretaci\u00f3 obertes Lloc: Facultat de Traducci\u00f3 i d&#8217;Interpretaci\u00f3 de la UABHora: de 11 h a 13 h El&nbsp;proper dia 18&nbsp;d&#8217;octubre, d&#8217;11 a 13 hores, les cabines d&#8217;interpretaci\u00f3 simult\u00e0nia de l&#8217;aula d&#8217;interpretaci\u00f3 estaran obertes perqu\u00e8, tothom qui ho vulgui, pugui tenir l&#8217;experi\u00e8ncia de fer d&#8217;int\u00e8rpret. L&#8217;aula 1 est\u00e0 equipada amb 23 cabines amb [&hellip;]<\/p>\n","protected":false},"author":73,"featured_media":0,"parent":4,"menu_order":0,"comment_status":"closed","ping_status":"closed","template":"","meta":{"footnotes":""},"class_list":["post-1049","page","type-page","status-publish","hentry"],"_links":{"self":[{"href":"https:\/\/webs.uab.cat\/setmanainnovacio\/wp-json\/wp\/v2\/pages\/1049","targetHints":{"allow":["GET"]}}],"collection":[{"href":"https:\/\/webs.uab.cat\/setmanainnovacio\/wp-json\/wp\/v2\/pages"}],"about":[{"href":"https:\/\/webs.uab.cat\/setmanainnovacio\/wp-json\/wp\/v2\/types\/page"}],"author":[{"embeddable":true,"href":"https:\/\/webs.uab.cat\/setmanainnovacio\/wp-json\/wp\/v2\/users\/73"}],"replies":[{"embeddable":true,"href":"https:\/\/webs.uab.cat\/setmanainnovacio\/wp-json\/wp\/v2\/comments?post=1049"}],"version-history":[{"count":3,"href":"https:\/\/webs.uab.cat\/setmanainnovacio\/wp-json\/wp\/v2\/pages\/1049\/revisions"}],"predecessor-version":[{"id":1055,"href":"https:\/\/webs.uab.cat\/setmanainnovacio\/wp-json\/wp\/v2\/pages\/1049\/revisions\/1055"}],"up":[{"embeddable":true,"href":"https:\/\/webs.uab.cat\/setmanainnovacio\/wp-json\/wp\/v2\/pages\/4"}],"wp:attachment":[{"href":"https:\/\/webs.uab.cat\/setmanainnovacio\/wp-json\/wp\/v2\/media?parent=1049"}],"curies":[{"name":"wp","href":"https:\/\/api.w.org\/{rel}","templated":true}]}}