{"id":1204,"date":"2024-07-18T13:18:33","date_gmt":"2024-07-18T11:18:33","guid":{"rendered":"https:\/\/webs.uab.cat\/setmanainnovacio\/?page_id=1204"},"modified":"2025-03-17T10:17:03","modified_gmt":"2025-03-17T08:17:03","slug":"clinica-juridica","status":"publish","type":"page","link":"https:\/\/webs.uab.cat\/setmanainnovacio\/activitats-2026\/clinica-juridica\/","title":{"rendered":"Activitats"},"content":{"rendered":"\n<div class=\"wp-block-columns alignwide is-layout-flex wp-container-core-columns-is-layout-9d6595d7 wp-block-columns-is-layout-flex\">\n<div class=\"wp-block-column has-blanc-coco-color has-text-color is-layout-flow wp-block-column-is-layout-flow\" style=\"flex-basis:25%\">\n<h6 class=\"wp-block-heading has-negre-eben-color has-text-color has-background has-link-color has-large-font-size wp-elements-4574c6f893e39ce84e02f9b08f0caeed\" style=\"background:linear-gradient(135deg,rgb(66,240,135) 0%,rgb(66,240,135) 100%)\">17 d&#8217;OCTUBRE<\/h6>\n<\/div>\n\n\n\n<div class=\"wp-block-column is-vertically-aligned-center is-layout-flow wp-block-column-is-layout-flow\" style=\"flex-basis:75%\">\n<h2 class=\"wp-block-heading has-text-align-left\">IurisLab Cl\u00ednica Jur\u00eddica<\/h2>\n<\/div>\n<\/div>\n\n\n\n<div class=\"wp-block-columns alignwide is-layout-flex wp-container-core-columns-is-layout-9d6595d7 wp-block-columns-is-layout-flex\">\n<div class=\"wp-block-column has-blanc-coco-color has-text-color is-layout-flow wp-block-column-is-layout-flow\" style=\"flex-basis:100%\">\n<p class=\"has-negre-eben-color has-text-color has-link-color wp-elements-f793157e56ec337101bd30d226989c4c\"><strong>Lloc<\/strong>: Aula Magna de la Facultat de Dret de la UAB<br><strong>Hora<\/strong>: de 13 h a 14 h<\/p>\n\n\n\n<p class=\"has-negre-eben-color has-text-color has-link-color wp-elements-ec26f0c139382ed4195b737ee3239e3a\">Amb l&#8217;objectiu de fomentar la responsabilitat social universit\u00e0ria s\u2019ha establert la Cl\u00ednica Jur\u00eddica de la Facultat de Dret, coneguda com a IURISLAB. Aquesta iniciativa ofereix una oportunitat d&#8217;aprenentatge actiu i formaci\u00f3 pr\u00e0ctica per als i les estudiants de dret, integrant-los en un entorn solidari i en constant funcionament. Basada en el m\u00e8tode cl\u00ednic d&#8217;ensenyament del dret, la cl\u00ednica proporciona una plataforma per aplicar els coneixements adquirits a la vida real, contribuint al desenvolupament tant acad\u00e8mic com personal dels i les participants<\/p>\n\n\n\n<p class=\"has-negre-eben-color has-text-color has-link-color wp-elements-94b211cbcb573d41bb5249865a553597\">D\u2019altra banda, IurisLab Cl\u00ednica Jur\u00eddica \u00e9s un projecte que vol recollir l\u2019important bagatge del SEDIJ (Servei d\u2019estudis i dict\u00e0mens jur\u00eddics), aix\u00ed com les nombroses iniciatives que es fan de manera transversal a la facultat en l\u2019\u00e0mbit de la transfer\u00e8ncia social i de coneixement acad\u00e8mic, les activitats <em>pro bono<\/em>, el suport a <em>Start-up <\/em>i <em>Spin-off <\/em>cient\u00edfiques i tecnol\u00f2giques. La cl\u00ednica vol integrar tamb\u00e9 a projectes estudiantils impulsats per la facultat com \u00e9s el Grup d\u2019Argumentaci\u00f3 i Debat (GAD), que est\u00e0 molt orientat a adquirir compet\u00e8ncies orals i escrites en l\u2019argumentaci\u00f3, generaci\u00f3 de pensament cr\u00edtic, etc.<\/p>\n<\/div>\n<\/div>\n\n\n\n<div class=\"wp-block-columns alignfull has-background is-layout-flex wp-container-core-columns-is-layout-9d6595d7 wp-block-columns-is-layout-flex\" style=\"background:linear-gradient(135deg,rgb(238,248,241) 0%,rgb(238,248,241) 100%)\">\n<div class=\"wp-block-column is-vertically-aligned-center is-layout-flow wp-block-column-is-layout-flow\">\n<h2 class=\"wp-block-heading has-text-align-center has-large-font-size\">Programa<\/h2>\n\n\n\n<p class=\"has-text-align-center\"><strong>13:00 h a 13:15<\/strong> <em>h<\/em><br><strong>Presentaci\u00f3 del projecte Iurislab Cl\u00ednica Jur\u00eddica<\/strong><br>Dra. Susana Navas Navarro, degana de la Facultat de Dret de la UAB.<\/p>\n\n\n\n<p class=\"has-text-align-center\"><strong>13:15 h a 13:45<\/strong> <strong>h<\/strong><br><strong>Activitats i serveis de Iurislab Cl\u00ednca Jur\u00eddica<\/strong><br>Dr. Josep Ca\u00f1abate P\u00e9rez, director de Iurislab Cl\u00ednica Jur\u00eddica i <br>Dra. Maria Barcons Campmaj\u00f3, membre del consell directiu de Iurislab Cl\u00ednica Jur\u00eddica<\/p>\n\n\n\n<p class=\"has-text-align-center\"><strong>13:45 h a 14:15<\/strong> <strong>h<\/strong><br><strong>Els treballs en la modalidat Aprenentatge Servei (ApS)<\/strong><br>Dr. Santiago Robert Guillem, membre del consell directiu de Iurislab Cl\u00ednica Jur\u00eddica<\/p>\n<\/div>\n<\/div>\n\n\n<div class=\"wp-block-image\">\n<figure class=\"aligncenter size-large is-resized\"><a href=\"https:\/\/www.uab.cat\/dret\/\" target=\"_blank\" rel=\"noreferrer noopener\"><img loading=\"lazy\" decoding=\"async\" width=\"1024\" height=\"430\" src=\"https:\/\/webs.uab.cat\/setmanainnovacio\/wp-content\/uploads\/sites\/377\/2024\/07\/facultat-dret-1024x430.png\" alt=\"\" class=\"wp-image-1400\" style=\"width:148px;height:auto\" srcset=\"https:\/\/webs.uab.cat\/setmanainnovacio\/wp-content\/uploads\/sites\/377\/2024\/07\/facultat-dret-1024x430.png 1024w, https:\/\/webs.uab.cat\/setmanainnovacio\/wp-content\/uploads\/sites\/377\/2024\/07\/facultat-dret-300x126.png 300w, https:\/\/webs.uab.cat\/setmanainnovacio\/wp-content\/uploads\/sites\/377\/2024\/07\/facultat-dret-768x323.png 768w, https:\/\/webs.uab.cat\/setmanainnovacio\/wp-content\/uploads\/sites\/377\/2024\/07\/facultat-dret-1200x504.png 1200w, https:\/\/webs.uab.cat\/setmanainnovacio\/wp-content\/uploads\/sites\/377\/2024\/07\/facultat-dret.png 1400w\" sizes=\"auto, (max-width: 1024px) 100vw, 1024px\" \/><\/a><\/figure>\n<\/div>","protected":false},"excerpt":{"rendered":"<p>17 d&#8217;OCTUBRE IurisLab Cl\u00ednica Jur\u00eddica Lloc: Aula Magna de la Facultat de Dret de la UABHora: de 13 h a 14 h Amb l&#8217;objectiu de fomentar la responsabilitat social universit\u00e0ria s\u2019ha establert la Cl\u00ednica Jur\u00eddica de la Facultat de Dret, coneguda com a IURISLAB. Aquesta iniciativa ofereix una oportunitat d&#8217;aprenentatge actiu i formaci\u00f3 pr\u00e0ctica per [&hellip;]<\/p>\n","protected":false},"author":73,"featured_media":0,"parent":1129,"menu_order":0,"comment_status":"closed","ping_status":"closed","template":"","meta":{"footnotes":""},"class_list":["post-1204","page","type-page","status-publish","hentry"],"_links":{"self":[{"href":"https:\/\/webs.uab.cat\/setmanainnovacio\/wp-json\/wp\/v2\/pages\/1204","targetHints":{"allow":["GET"]}}],"collection":[{"href":"https:\/\/webs.uab.cat\/setmanainnovacio\/wp-json\/wp\/v2\/pages"}],"about":[{"href":"https:\/\/webs.uab.cat\/setmanainnovacio\/wp-json\/wp\/v2\/types\/page"}],"author":[{"embeddable":true,"href":"https:\/\/webs.uab.cat\/setmanainnovacio\/wp-json\/wp\/v2\/users\/73"}],"replies":[{"embeddable":true,"href":"https:\/\/webs.uab.cat\/setmanainnovacio\/wp-json\/wp\/v2\/comments?post=1204"}],"version-history":[{"count":30,"href":"https:\/\/webs.uab.cat\/setmanainnovacio\/wp-json\/wp\/v2\/pages\/1204\/revisions"}],"predecessor-version":[{"id":1828,"href":"https:\/\/webs.uab.cat\/setmanainnovacio\/wp-json\/wp\/v2\/pages\/1204\/revisions\/1828"}],"up":[{"embeddable":true,"href":"https:\/\/webs.uab.cat\/setmanainnovacio\/wp-json\/wp\/v2\/pages\/1129"}],"wp:attachment":[{"href":"https:\/\/webs.uab.cat\/setmanainnovacio\/wp-json\/wp\/v2\/media?parent=1204"}],"curies":[{"name":"wp","href":"https:\/\/api.w.org\/{rel}","templated":true}]}}