{"id":1580,"date":"2024-09-19T11:36:10","date_gmt":"2024-09-19T09:36:10","guid":{"rendered":"https:\/\/webs.uab.cat\/setmanainnovacio\/?page_id=1580"},"modified":"2025-03-17T10:18:28","modified_gmt":"2025-03-17T08:18:28","slug":"port-informacio-cientifica","status":"publish","type":"page","link":"https:\/\/webs.uab.cat\/setmanainnovacio\/activitats-2026\/port-informacio-cientifica\/","title":{"rendered":"Activitats"},"content":{"rendered":"\n<div class=\"wp-block-columns alignwide is-layout-flex wp-container-core-columns-is-layout-9d6595d7 wp-block-columns-is-layout-flex\">\n<div class=\"wp-block-column has-blanc-coco-color has-text-color is-layout-flow wp-block-column-is-layout-flow\" style=\"flex-basis:25%\">\n<h6 class=\"wp-block-heading has-negre-eben-color has-text-color has-background has-link-color has-large-font-size wp-elements-77e1363520236bfbaaaf192c681e934c\" style=\"background:linear-gradient(135deg,rgb(66,240,135) 0%,rgb(66,240,135) 100%)\">18 d&#8217;OCTUBRE<\/h6>\n<\/div>\n\n\n\n<div class=\"wp-block-column is-vertically-aligned-center is-layout-flow wp-block-column-is-layout-flow\" style=\"flex-basis:75%\">\n<h2 class=\"wp-block-heading has-text-align-left\">Portes obertes al Port d&#8217;Informaci\u00f3 Cient\u00edfica (PIC)<\/h2>\n<\/div>\n<\/div>\n\n\n\n<div class=\"wp-block-columns alignwide has-negre-eben-color has-text-color has-link-color wp-elements-79ffbf2d6e7c9e6a9c2487e9f9598895 is-layout-flex wp-container-core-columns-is-layout-9d6595d7 wp-block-columns-is-layout-flex\">\n<div class=\"wp-block-column has-blanc-coco-color has-text-color is-layout-flow wp-block-column-is-layout-flow\" style=\"flex-basis:100%\">\n<p class=\"has-negre-eben-color has-text-color has-link-color wp-elements-2be10631bfa9a6562f672c13da71995a\"><strong>Lloc<\/strong>: <a href=\"https:\/\/maps.app.goo.gl\/zEzNdzNzwi8XshdQ7\" target=\"_blank\" rel=\"noreferrer noopener\">Port d&#8217;Informaci\u00f3 Cient\u00edfica (Edifici D \u00b7 Campus de la UAB) <\/a><br><strong>Hora<\/strong>: 11:00 h<\/p>\n\n\n\n<p class=\"has-negre-eben-color has-text-color has-link-color wp-elements-37c0719113c414c380aa7e9163628d42\">El centre de processament de dades del <a href=\"https:\/\/www.pic.es\/\">Port d&#8217;Informaci\u00f3 Cient\u00edfica (PIC)<\/a>, situat a l\u2019edifici D del campus de la UAB, &nbsp;compta actualment amb un cl\u00faster de 12.000 nuclis de CPU, 18 GPUs, 80 Petabytes d\u2019emmagatzematge i una connexi\u00f3 de xarxa de 200 Gbps. <\/p>\n\n\n\n<p class=\"has-negre-eben-color has-text-color has-link-color wp-elements-4a6c15965f755a9de304c9147f560806\">En el marc de la Setmana de la Innovaci\u00f3, el PIC obre les seves portes. L\u2019activitat consistir\u00e0 en una presentaci\u00f3 dels serveis de gesti\u00f3 i an\u00e0lisi de dades del PIC orientada a investigadors i una visita a les instal\u00b7lacions del centre.<\/p>\n\n\n\n<p class=\"has-negre-eben-color has-text-color has-link-color wp-elements-0e4699ddb80926cabf9ef4048b72c397\"><strong>Per a participar a l&#8217;activitat, cal apuntar-s&#8217;hi utilitzant el formulari gen\u00e8ric de contacte del PIC<\/strong>: <a href=\"https:\/\/www.pic.es\/contact\/](https:\/\/www.pic.es\/contact\/)\" target=\"_blank\" rel=\"noreferrer noopener\">https:\/\/www.pic.es\/contact\/<\/a><\/p>\n<\/div>\n<\/div>\n","protected":false},"excerpt":{"rendered":"<p>18 d&#8217;OCTUBRE Portes obertes al Port d&#8217;Informaci\u00f3 Cient\u00edfica (PIC) Lloc: Port d&#8217;Informaci\u00f3 Cient\u00edfica (Edifici D \u00b7 Campus de la UAB) Hora: 11:00 h El centre de processament de dades del Port d&#8217;Informaci\u00f3 Cient\u00edfica (PIC), situat a l\u2019edifici D del campus de la UAB, &nbsp;compta actualment amb un cl\u00faster de 12.000 nuclis de CPU, 18 GPUs, [&hellip;]<\/p>\n","protected":false},"author":73,"featured_media":0,"parent":1129,"menu_order":0,"comment_status":"closed","ping_status":"closed","template":"","meta":{"footnotes":""},"class_list":["post-1580","page","type-page","status-publish","hentry"],"_links":{"self":[{"href":"https:\/\/webs.uab.cat\/setmanainnovacio\/wp-json\/wp\/v2\/pages\/1580","targetHints":{"allow":["GET"]}}],"collection":[{"href":"https:\/\/webs.uab.cat\/setmanainnovacio\/wp-json\/wp\/v2\/pages"}],"about":[{"href":"https:\/\/webs.uab.cat\/setmanainnovacio\/wp-json\/wp\/v2\/types\/page"}],"author":[{"embeddable":true,"href":"https:\/\/webs.uab.cat\/setmanainnovacio\/wp-json\/wp\/v2\/users\/73"}],"replies":[{"embeddable":true,"href":"https:\/\/webs.uab.cat\/setmanainnovacio\/wp-json\/wp\/v2\/comments?post=1580"}],"version-history":[{"count":3,"href":"https:\/\/webs.uab.cat\/setmanainnovacio\/wp-json\/wp\/v2\/pages\/1580\/revisions"}],"predecessor-version":[{"id":1832,"href":"https:\/\/webs.uab.cat\/setmanainnovacio\/wp-json\/wp\/v2\/pages\/1580\/revisions\/1832"}],"up":[{"embeddable":true,"href":"https:\/\/webs.uab.cat\/setmanainnovacio\/wp-json\/wp\/v2\/pages\/1129"}],"wp:attachment":[{"href":"https:\/\/webs.uab.cat\/setmanainnovacio\/wp-json\/wp\/v2\/media?parent=1580"}],"curies":[{"name":"wp","href":"https:\/\/api.w.org\/{rel}","templated":true}]}}