{"id":1626,"date":"2024-10-02T15:03:02","date_gmt":"2024-10-02T13:03:02","guid":{"rendered":"https:\/\/webs.uab.cat\/setmanainnovacio\/?page_id=1626"},"modified":"2025-03-17T10:18:46","modified_gmt":"2025-03-17T08:18:46","slug":"innobus","status":"publish","type":"page","link":"https:\/\/webs.uab.cat\/setmanainnovacio\/activitats-2026\/innobus\/","title":{"rendered":"Activitats"},"content":{"rendered":"\n<div class=\"wp-block-columns alignwide is-layout-flex wp-container-core-columns-is-layout-9d6595d7 wp-block-columns-is-layout-flex\">\n<div class=\"wp-block-column has-blanc-coco-color has-text-color is-layout-flow wp-block-column-is-layout-flow\" style=\"flex-basis:25%\">\n<h6 class=\"wp-block-heading has-negre-eben-color has-text-color has-background has-link-color has-large-font-size wp-elements-77e1363520236bfbaaaf192c681e934c\" style=\"background:linear-gradient(135deg,rgb(66,240,135) 0%,rgb(66,240,135) 100%)\">18 d&#8217;OCTUBRE<\/h6>\n<\/div>\n\n\n\n<div class=\"wp-block-column is-vertically-aligned-center is-layout-flow wp-block-column-is-layout-flow\" style=\"flex-basis:75%\">\n<h2 class=\"wp-block-heading has-text-align-left\">Innobus<\/h2>\n\n\n\n<p><\/p>\n<\/div>\n<\/div>\n\n\n\n<div class=\"wp-block-columns alignwide has-negre-eben-color has-text-color has-link-color wp-elements-1355bc83afce06b2d1ef53f0e9124355 is-layout-flex wp-container-core-columns-is-layout-9d6595d7 wp-block-columns-is-layout-flex\">\n<div class=\"wp-block-column has-blanc-coco-color has-text-color is-layout-flow wp-block-column-is-layout-flow\" style=\"flex-basis:100%\">\n<p class=\"has-negre-eben-color has-text-color has-link-color wp-elements-d63609ebd238459a8a760aee91097353\"><strong>Lloc<\/strong>: <a href=\"https:\/\/maps.app.goo.gl\/iTY6hkksFUkStMaw8\" target=\"_blank\" rel=\"noreferrer noopener\">Sala Polivalent de l&#8217;Edifici Eureka del Parc de Recerca UAB (Campus de la UAB)<\/a><br><strong>Hora<\/strong>: 10:00 h<\/p>\n\n\n\n<p class=\"has-negre-eben-color has-text-color has-link-color wp-elements-fa94e737be7ad2b58cb7df19cfd9a72c\">El&nbsp;<strong>Servei de Promoci\u00f3 Econ\u00f2mica &#8211;&nbsp;<\/strong><strong><u><a href=\"https:\/\/www.cerdanyolactiva.cat\/\">Cerdanyola Activa<\/a><\/u><\/strong><strong>,<\/strong>&nbsp;de l&#8217;<strong><u><a href=\"https:\/\/www.cerdanyola.cat\/\">Ajuntament de Cerdanyola del Vall\u00e8s<\/a><\/u><\/strong>, participa per primera vegada al projecte&nbsp;<strong><a href=\"https:\/\/www.innobaix.cat\/esdeveniment\/innobus-2024\/\">Innobus2024<\/a>,<\/strong>&nbsp;una iniciativa que busca connectar joves amb formaci\u00f3 universit\u00e0ria amb empreses i projectes innovadors de la nostra comarca.<\/p>\n\n\n\n<p class=\"has-negre-eben-color has-text-color has-link-color wp-elements-d583ed350162aa355a4ddca87d8d3854\">Els joves participants tindran l&#8217;oportunitat de visitar&nbsp;<strong>el pr\u00f2xim 18 d\u2019octubre<\/strong>&nbsp;<strong><u><a href=\"https:\/\/onalabs.com\/ca\/inici\/\">Onalabs<\/a><\/u><\/strong>&nbsp;i el&nbsp;<strong><u><a href=\"https:\/\/www.cells.es\/ca\/que-es-alba\">Sincrotr\u00f3 Alba<\/a><\/u><\/strong>, dues refer\u00e8ncies en el camp de la innovaci\u00f3 i la recerca. A trav\u00e9s d&#8217;aquestes visites, els assistents podran con\u00e8ixer de primera m\u00e0 els projectes que s&#8217;estan desenvolupant, aix\u00ed com les possibilitats de col\u00b7laboraci\u00f3 amb empreses innovadores del territori.<\/p>\n\n\n\n<p class=\"has-negre-eben-color has-text-color has-link-color wp-elements-e2d4abd33af0e990db9760e3847e4473\">Amb l\u2019<strong>Innobus 2024<\/strong>, volem impulsar l&#8217;emprenedoria entre els joves, fomentant el seu esperit innovador i facilitant la seva inserci\u00f3 al mercat laboral. Aquestes experi\u00e8ncies s\u00f3n clau per inspirar noves idees i projectes que aportin valor a la nostra societat.<\/p>\n\n\n\n<p class=\"has-negre-eben-color has-text-color has-link-color wp-elements-c3e30f7e766a10bbac9e3fa966011a57\">Estem molt engrescats amb aquesta nova col\u00b7laboraci\u00f3 i esperem que sigui una oportunitat \u00fanica per a tots els participants!<\/p>\n<\/div>\n<\/div>\n","protected":false},"excerpt":{"rendered":"<p>18 d&#8217;OCTUBRE Innobus Lloc: Sala Polivalent de l&#8217;Edifici Eureka del Parc de Recerca UAB (Campus de la UAB)Hora: 10:00 h El&nbsp;Servei de Promoci\u00f3 Econ\u00f2mica &#8211;&nbsp;Cerdanyola Activa,&nbsp;de l&#8217;Ajuntament de Cerdanyola del Vall\u00e8s, participa per primera vegada al projecte&nbsp;Innobus2024,&nbsp;una iniciativa que busca connectar joves amb formaci\u00f3 universit\u00e0ria amb empreses i projectes innovadors de la nostra comarca. Els [&hellip;]<\/p>\n","protected":false},"author":73,"featured_media":0,"parent":1129,"menu_order":0,"comment_status":"closed","ping_status":"closed","template":"","meta":{"footnotes":""},"class_list":["post-1626","page","type-page","status-publish","hentry"],"_links":{"self":[{"href":"https:\/\/webs.uab.cat\/setmanainnovacio\/wp-json\/wp\/v2\/pages\/1626","targetHints":{"allow":["GET"]}}],"collection":[{"href":"https:\/\/webs.uab.cat\/setmanainnovacio\/wp-json\/wp\/v2\/pages"}],"about":[{"href":"https:\/\/webs.uab.cat\/setmanainnovacio\/wp-json\/wp\/v2\/types\/page"}],"author":[{"embeddable":true,"href":"https:\/\/webs.uab.cat\/setmanainnovacio\/wp-json\/wp\/v2\/users\/73"}],"replies":[{"embeddable":true,"href":"https:\/\/webs.uab.cat\/setmanainnovacio\/wp-json\/wp\/v2\/comments?post=1626"}],"version-history":[{"count":4,"href":"https:\/\/webs.uab.cat\/setmanainnovacio\/wp-json\/wp\/v2\/pages\/1626\/revisions"}],"predecessor-version":[{"id":1833,"href":"https:\/\/webs.uab.cat\/setmanainnovacio\/wp-json\/wp\/v2\/pages\/1626\/revisions\/1833"}],"up":[{"embeddable":true,"href":"https:\/\/webs.uab.cat\/setmanainnovacio\/wp-json\/wp\/v2\/pages\/1129"}],"wp:attachment":[{"href":"https:\/\/webs.uab.cat\/setmanainnovacio\/wp-json\/wp\/v2\/media?parent=1626"}],"curies":[{"name":"wp","href":"https:\/\/api.w.org\/{rel}","templated":true}]}}