{"id":2017,"date":"2025-06-17T12:51:52","date_gmt":"2025-06-17T10:51:52","guid":{"rendered":"https:\/\/webs.uab.cat\/setmanainnovacio\/?page_id=2017"},"modified":"2025-10-16T09:32:42","modified_gmt":"2025-10-16T07:32:42","slug":"arts-innovacio-ia","status":"publish","type":"page","link":"https:\/\/webs.uab.cat\/setmanainnovacio\/activitats-2026\/arts-innovacio-ia\/","title":{"rendered":"Activitats 2025"},"content":{"rendered":"\n<div class=\"wp-block-group alignfull has-blanc-coco-background-color has-background\" style=\"padding-top:6vw;padding-right:6vw;padding-bottom:6vw;padding-left:6vw\"><div class=\"wp-block-group__inner-container is-layout-flow wp-block-group-is-layout-flow\">\n<div class=\"wp-block-group alignwide is-vertical is-nowrap is-layout-flex wp-container-core-group-is-layout-287ef9cb wp-block-group-is-layout-flex\" style=\"padding-right:0;padding-left:0\">\n<h1 class=\"wp-block-heading has-text-color has-larger-font-size\" id=\"ecosystem\" style=\"color:#000000\">22 d&#8217;OCTUBRE \u00b7 Sala Teatre UAB, Pla\u00e7a C\u00edvica i Local d&#8217;Associacions<\/h1>\n\n\n\n<p class=\"has-text-color\" style=\"color:#000000;font-size:6vw;font-style:normal;font-weight:700;letter-spacing:0px;line-height:0.9;text-decoration:none;text-transform:none\">Arts, innovaci\u00f3 i Intel\u00b7lig\u00e8ncia Artificial.<\/p>\n<\/div>\n\n\n\n<div style=\"height:1vw\" aria-hidden=\"true\" class=\"wp-block-spacer\"><\/div>\n\n\n\n<div class=\"wp-block-group alignwide is-vertical is-nowrap is-layout-flex wp-container-core-group-is-layout-8171334d wp-block-group-is-layout-flex\" style=\"padding-top:0;padding-right:0;padding-bottom:0;padding-left:0\">\n<div class=\"wp-block-columns alignwide is-layout-flex wp-container-core-columns-is-layout-2656d967 wp-block-columns-is-layout-flex\">\n<div class=\"wp-block-column is-layout-flow wp-block-column-is-layout-flow\" style=\"flex-basis:33.38%\">\n<p class=\"has-text-color has-normal-font-size\" style=\"color:#000000\">La C\u00e0tedra UAB-Cru\u00eflla ens convida a una jornada singular on la creativitat art\u00edstica es troba amb la tecnologia m\u00e9s avan\u00e7ada. S&#8217;hi presentaran prototips que combinen arts esc\u00e8niques i intel\u00b7lig\u00e8ncia artificial i es duran a terme espectacles i concerts.<\/p>\n<\/div>\n\n\n\n<div class=\"wp-block-column is-layout-flow wp-block-column-is-layout-flow\" style=\"flex-basis:33%\">\n<div style=\"height:2vw\" aria-hidden=\"true\" class=\"wp-block-spacer\"><\/div>\n\n\n\n<figure class=\"wp-block-image size-large\"><img loading=\"lazy\" decoding=\"async\" width=\"1024\" height=\"682\" src=\"https:\/\/webs.uab.cat\/setmanainnovacio\/wp-content\/uploads\/sites\/377\/2025\/03\/30A1244-1024x682.jpg\" alt=\"\" class=\"wp-image-1734\" srcset=\"https:\/\/webs.uab.cat\/setmanainnovacio\/wp-content\/uploads\/sites\/377\/2025\/03\/30A1244-1024x682.jpg 1024w, https:\/\/webs.uab.cat\/setmanainnovacio\/wp-content\/uploads\/sites\/377\/2025\/03\/30A1244-300x200.jpg 300w, https:\/\/webs.uab.cat\/setmanainnovacio\/wp-content\/uploads\/sites\/377\/2025\/03\/30A1244-768x512.jpg 768w, https:\/\/webs.uab.cat\/setmanainnovacio\/wp-content\/uploads\/sites\/377\/2025\/03\/30A1244-1200x800.jpg 1200w, https:\/\/webs.uab.cat\/setmanainnovacio\/wp-content\/uploads\/sites\/377\/2025\/03\/30A1244.jpg 1472w\" sizes=\"auto, (max-width: 1024px) 100vw, 1024px\" \/><\/figure>\n<\/div>\n\n\n\n<div class=\"wp-block-column is-layout-flow wp-block-column-is-layout-flow\" style=\"flex-basis:33.62%\">\n<figure class=\"wp-block-image size-large\"><img loading=\"lazy\" decoding=\"async\" width=\"1024\" height=\"682\" src=\"https:\/\/webs.uab.cat\/setmanainnovacio\/wp-content\/uploads\/sites\/377\/2025\/03\/30A1146-1024x682.jpg\" alt=\"\" class=\"wp-image-1731\" srcset=\"https:\/\/webs.uab.cat\/setmanainnovacio\/wp-content\/uploads\/sites\/377\/2025\/03\/30A1146-1024x682.jpg 1024w, https:\/\/webs.uab.cat\/setmanainnovacio\/wp-content\/uploads\/sites\/377\/2025\/03\/30A1146-300x200.jpg 300w, https:\/\/webs.uab.cat\/setmanainnovacio\/wp-content\/uploads\/sites\/377\/2025\/03\/30A1146-768x512.jpg 768w, https:\/\/webs.uab.cat\/setmanainnovacio\/wp-content\/uploads\/sites\/377\/2025\/03\/30A1146-1200x800.jpg 1200w, https:\/\/webs.uab.cat\/setmanainnovacio\/wp-content\/uploads\/sites\/377\/2025\/03\/30A1146.jpg 1427w\" sizes=\"auto, (max-width: 1024px) 100vw, 1024px\" \/><\/figure>\n<\/div>\n<\/div>\n<\/div>\n<\/div><\/div>\n\n\n\n<div class=\"wp-block-cover alignfull\"><span aria-hidden=\"true\" class=\"wp-block-cover__background has-background-dim-100 has-background-dim\"><\/span><div class=\"wp-block-cover__inner-container is-layout-constrained wp-block-cover-is-layout-constrained\">\n<div class=\"wp-block-columns alignwide has-blanc-coco-color has-text-color has-link-color wp-elements-dc67fd5da28982ba5b4438813773c72b is-layout-flex wp-container-core-columns-is-layout-9d6595d7 wp-block-columns-is-layout-flex\">\n<div class=\"wp-block-column is-vertically-aligned-center is-layout-flow wp-block-column-is-layout-flow\">\n<h2 class=\"wp-block-heading has-text-align-left has-larger-font-size\">Programa <em>(provisional)<\/em><\/h2>\n\n\n\n<p><strong>L\u2019activitat transcorrer\u00e0 en tres espais diferents: la Sala el Teatre, la pla\u00e7a c\u00edvica i el local d\u2019associacions de la UAB.<\/strong><\/p>\n\n\n\n<p class=\"has-negre-eben-color has-text-color has-link-color wp-elements-8a8e368fc6244946c6ddcaaee83b2a26\"><strong><mark style=\"color:var(--color-marca-terciari)\" class=\"has-inline-color\">SALA TEATRE<\/mark><\/strong><\/p>\n\n\n\n<p class=\"has-text-align-left\"><strong>PRESENTACI\u00d3<\/strong><\/p>\n\n\n\n<p>10:00h <strong>Obertura i Benvinguda institucional<\/strong>.<\/p>\n\n\n\n<ul class=\"wp-block-list\">\n<li>Rosa M\u00aa Sebastian, vicerectora d\u2019Innovaci\u00f3, Transfer\u00e8ncia i Emprenedoria<\/li>\n\n\n\n<li>Fernando Vilari\u00f1o, director de la C\u00e0tedra UAB-Cru\u00eflla <\/li>\n\n\n\n<li>Jordi Herreruela, director del Festival Cru\u00eflla <em>(TBC)<\/em><\/li>\n<\/ul>\n\n\n\n<p><strong>Foto institucional<\/strong><\/p>\n\n\n\n<p><strong>PROTOTIPS PERFORMATIUS I\/II<\/strong><br>10:30h Concert de Cambra, Santa Maria del Pi.<\/p>\n\n\n\n<p>11.15h <strong>Performaf\u00f3rum<\/strong>: Com la IA ens ajuda a con\u00e8ixer les m\u00fasiques del passat.<\/p>\n\n\n\n<ul class=\"wp-block-list\">\n<li>Alicia Forn\u00e9s (CVC, Dep. Ci\u00e8ncies de la Computaci\u00f3 UAB) \/ Carles Badal (Dep. Musicologia&nbsp; UAB)<\/li>\n\n\n\n<li>Francesc Garrigosa (Director)<\/li>\n\n\n\n<li>Jordi Herreruela (Cru\u00eflla) <em>(TBC)<\/em><\/li>\n\n\n\n<li>Josep Llad\u00f3s&nbsp; (CVC, UAB) <em>(TBC)<\/em><\/li>\n\n\n\n<li><em>Moderador<\/em>: Fernando Vilari\u00f1o (CVC, UAB)<\/li>\n<\/ul>\n\n\n\n<p>12:00h <strong>Pausa caf\u00e8<\/strong><\/p>\n\n\n\n<p>12:15h <strong>Concert Candela<\/strong><\/p>\n\n\n\n<p>12.45h <strong>Performaf\u00f3rum<\/strong>: Interacci\u00f3 en temps real en la performance<\/p>\n\n\n\n<ul class=\"wp-block-list\">\n<li>Maria Badji (Dep. Ci\u00e8ncies de la Computaci\u00f3 UAB)<\/li>\n\n\n\n<li>Xavier Garcia (Artificia)<\/li>\n\n\n\n<li>Fran Iglesias (Fundaci\u00f3n \u00c9pica \u2013 La Fura dels Baus)<\/li>\n\n\n\n<li>Adan Garriga (Eurecat) <em>(TBC)<\/em><\/li>\n\n\n\n<li><em>Moderador<\/em>: Fernando Vilari\u00f1o (CVC, UAB)<\/li>\n<\/ul>\n\n\n\n<p>13.30 Dinar pica-pica, networking informal i visita als prototips.<\/p>\n\n\n\n<p><strong>PROTOTIPS PERFORMATIUS II\/II<\/strong><br>15:00h <strong>Concert <\/strong>HarmonIA.<\/p>\n\n\n\n<p>15.45h <strong>Performaf\u00f3rum<\/strong>: Dialegs en temps real i improvisaci\u00f3 amb IA.<\/p>\n\n\n\n<ul class=\"wp-block-list\">\n<li>Marcho Schrolemmer (IIIA-Csic) \/ Marco Inverno<\/li>\n\n\n\n<li>Ramon L\u00f3pez de M\u00e1ntaras (IIIA-Csic)<\/li>\n\n\n\n<li>Carles Marig\u00f3 (M\u00fasic)<\/li>\n\n\n\n<li>David Rocasalbas (Cru\u00eflla)<\/li>\n\n\n\n<li><em>Moderador<\/em>: Fernando Vilari\u00f1o (CVC, UAB)<\/li>\n<\/ul>\n\n\n\n<p>16:30h <strong>Pausa <\/strong>caf\u00e8<\/p>\n\n\n\n<p>16.45h <strong>Espectacle Beyond collapse<\/strong>.<\/p>\n\n\n\n<p>17.30h <strong>Performaf\u00f3rum<\/strong>: IA generativa i perfomance en viu<\/p>\n\n\n\n<ul class=\"wp-block-list\">\n<li>David Hern\u00e0ndez (Artificia)<\/li>\n\n\n\n<li>Martina Delgado (UAB) <em>(TBC)<\/em><\/li>\n\n\n\n<li>Gen\u00eds Roca \/ Doris Obermair (BCN Music Lab) <em>(TBC)<\/em><\/li>\n\n\n\n<li>BITHabitat <em>(TBC)<\/em><\/li>\n\n\n\n<li><em>Moderador<\/em>: Fernando Vilari\u00f1o (CVC, UAB)<\/li>\n<\/ul>\n\n\n\n<p class=\"has-text-align-left\"><strong>18:00h Tancament de la sessi\u00f3.<\/strong><\/p>\n\n\n\n<p><mark style=\"color:var(--color-marca-terciari)\" class=\"has-inline-color\"><strong>BOOTH C\u00c0TEDRA UAB-CRU\u00cfLLA a la PLA\u00c7A C\u00cdVICA<\/strong><\/mark><\/p>\n\n\n\n<p>14:00h Presentaci\u00f3 \u201cTown UAB for autonomous driving car\u201d.<\/p>\n\n\n\n<ul class=\"wp-block-list\">\n<li>Antonio Lopez (CVC)<\/li>\n\n\n\n<li>Javier Lafuente, rector de la UAB (TBC)<\/li>\n\n\n\n<li><em>Moredador: Fernando Vilari\u00f1o (CVC, UAB)<\/em><\/li>\n<\/ul>\n\n\n\n<p><strong><mark style=\"color:var(--color-marca-terciari)\" class=\"has-inline-color\">LOCAL D&#8217;ASSOCIACIONS (<em>TBC<\/em>)<\/mark><\/strong><\/p>\n\n\n\n<p><strong>VISITA A LA MOSTRA DE PROTOTIPS<\/strong><\/p>\n\n\n\n<p>14:30h Visita a la mostra dels prototips de la C\u00e0tedra UAB-Cru\u00eflla.<\/p>\n\n\n\n<ul class=\"wp-block-list\">\n<li>GlassMusic<\/li>\n\n\n\n<li>Lopako<\/li>\n\n\n\n<li>C\u00f2mics\/30A<\/li>\n\n\n\n<li>Avatars<\/li>\n\n\n\n<li>Color Homogeneization<\/li>\n\n\n\n<li>Capitells<\/li>\n\n\n\n<li>Face Detection<\/li>\n<\/ul>\n<\/div>\n<\/div>\n<\/div><\/div>\n\n\n\n<div class=\"wp-block-columns alignfull are-vertically-aligned-top has-gris-pubilla-background-color has-background is-layout-flex wp-container-core-columns-is-layout-9d6595d7 wp-block-columns-is-layout-flex\">\n<div class=\"wp-block-column is-vertically-aligned-top is-layout-flow wp-block-column-is-layout-flow\">\n<h3 class=\"wp-block-heading has-text-align-center\"><strong>Organitza<\/strong><\/h3>\n\n\n<div class=\"wp-block-image\">\n<figure class=\"aligncenter size-large is-resized\"><img loading=\"lazy\" decoding=\"async\" width=\"1024\" height=\"200\" src=\"https:\/\/webs.uab.cat\/setmanainnovacio\/wp-content\/uploads\/sites\/377\/2025\/10\/logo_catedra-2-1024x200.png\" alt=\"\" class=\"wp-image-2453\" style=\"width:700px;height:auto\" srcset=\"https:\/\/webs.uab.cat\/setmanainnovacio\/wp-content\/uploads\/sites\/377\/2025\/10\/logo_catedra-2-1024x200.png 1024w, https:\/\/webs.uab.cat\/setmanainnovacio\/wp-content\/uploads\/sites\/377\/2025\/10\/logo_catedra-2-300x59.png 300w, https:\/\/webs.uab.cat\/setmanainnovacio\/wp-content\/uploads\/sites\/377\/2025\/10\/logo_catedra-2-768x150.png 768w, https:\/\/webs.uab.cat\/setmanainnovacio\/wp-content\/uploads\/sites\/377\/2025\/10\/logo_catedra-2.png 1045w\" sizes=\"auto, (max-width: 1024px) 100vw, 1024px\" \/><\/figure>\n<\/div><\/div>\n<\/div>\n","protected":false},"excerpt":{"rendered":"<p>22 d&#8217;OCTUBRE \u00b7 Sala Teatre UAB, Pla\u00e7a C\u00edvica i Local d&#8217;Associacions Arts, innovaci\u00f3 i Intel\u00b7lig\u00e8ncia Artificial. La C\u00e0tedra UAB-Cru\u00eflla ens convida a una jornada singular on la creativitat art\u00edstica es troba amb la tecnologia m\u00e9s avan\u00e7ada. S&#8217;hi presentaran prototips que combinen arts esc\u00e8niques i intel\u00b7lig\u00e8ncia artificial i es duran a terme espectacles i concerts. Organitza<\/p>\n","protected":false},"author":73,"featured_media":0,"parent":1129,"menu_order":0,"comment_status":"closed","ping_status":"closed","template":"","meta":{"footnotes":""},"class_list":["post-2017","page","type-page","status-publish","hentry"],"_links":{"self":[{"href":"https:\/\/webs.uab.cat\/setmanainnovacio\/wp-json\/wp\/v2\/pages\/2017","targetHints":{"allow":["GET"]}}],"collection":[{"href":"https:\/\/webs.uab.cat\/setmanainnovacio\/wp-json\/wp\/v2\/pages"}],"about":[{"href":"https:\/\/webs.uab.cat\/setmanainnovacio\/wp-json\/wp\/v2\/types\/page"}],"author":[{"embeddable":true,"href":"https:\/\/webs.uab.cat\/setmanainnovacio\/wp-json\/wp\/v2\/users\/73"}],"replies":[{"embeddable":true,"href":"https:\/\/webs.uab.cat\/setmanainnovacio\/wp-json\/wp\/v2\/comments?post=2017"}],"version-history":[{"count":19,"href":"https:\/\/webs.uab.cat\/setmanainnovacio\/wp-json\/wp\/v2\/pages\/2017\/revisions"}],"predecessor-version":[{"id":2500,"href":"https:\/\/webs.uab.cat\/setmanainnovacio\/wp-json\/wp\/v2\/pages\/2017\/revisions\/2500"}],"up":[{"embeddable":true,"href":"https:\/\/webs.uab.cat\/setmanainnovacio\/wp-json\/wp\/v2\/pages\/1129"}],"wp:attachment":[{"href":"https:\/\/webs.uab.cat\/setmanainnovacio\/wp-json\/wp\/v2\/media?parent=2017"}],"curies":[{"name":"wp","href":"https:\/\/api.w.org\/{rel}","templated":true}]}}