{"id":297,"date":"2023-04-25T13:49:22","date_gmt":"2023-04-25T11:49:22","guid":{"rendered":"https:\/\/webs.uab.cat\/setmanainnovacio\/?page_id=297"},"modified":"2024-03-01T11:39:51","modified_gmt":"2024-03-01T09:39:51","slug":"musica-intelligencia-artificial","status":"publish","type":"page","link":"https:\/\/webs.uab.cat\/setmanainnovacio\/activitats-2023\/musica-intelligencia-artificial\/","title":{"rendered":"Activitats"},"content":{"rendered":"\n<div class=\"wp-block-columns is-layout-flex wp-container-core-columns-is-layout-9d6595d7 wp-block-columns-is-layout-flex\">\n<div class=\"wp-block-column has-blanc-coco-color has-text-color is-layout-flow wp-block-column-is-layout-flow\" style=\"flex-basis:30%\">\n<h6 class=\"wp-block-heading has-text-align-center has-negre-eben-background-color has-background\">19 d&#8217;OCTUBRE<\/h6>\n<\/div>\n\n\n\n<div class=\"wp-block-column is-vertically-aligned-center is-layout-flow wp-block-column-is-layout-flow\">\n<h2 class=\"wp-block-heading\">Creativitat musical i Intel\u00b7lig\u00e8ncia Artificial<\/h2>\n<\/div>\n<\/div>\n\n\n\n<p><strong>Lloc<\/strong>: <a rel=\"noreferrer noopener\" href=\"https:\/\/goo.gl\/maps\/qE1jaTr7mSkc1ywj8?coh=178571&amp;entry=tt\" target=\"_blank\">Facultat de Filosofia i Lletres de la UAB<\/a><br><strong>Hora<\/strong>: de 13:00 h a 18:00 h<\/p>\n\n\n\n<p>Com la Intel\u00b7lig\u00e8ncia Artificial  revolucionar\u00e0 radicalment la nostra manera de fer, interpretar i escoltar m\u00fasica? La jornada del 19 reunir\u00e0 destacats artistes i cient\u00edfics que treballen en el camp de la IA, la creativitat i la m\u00fasica per debatre sobre els diferents reptes socials, \u00e8tics, creatius i t\u00e8cnics als quals ens enfrontem, sent la m\u00fasica un exemple dels espais en els quals conviurem amb les tecnologies d&#8217;IA.&nbsp;Tamb\u00e9 ser\u00e0 una oportunitat per veure nous models i oportunitats emprenedores de la ind\u00fastria musical i creativa. <\/p>\n\n\n\n<p>La jornada comptar\u00e0 tamb\u00e9 amb diferents tallers sobre<strong> <\/strong>creativitat musical i Intel\u00b7lig\u00e8ncia Artificial (IA), una taula rodona i  acabar\u00e0 amb un concert amb el cor de cambra de la UAB i el pianista i creador Carles Marig\u00f3.<\/p>\n\n\n\n<p>Durant tota la jornada, tamb\u00e9 hi haur\u00e0 portes obertes a l\u2019<a rel=\"noreferrer noopener\" href=\"https:\/\/www.uab.cat\/web\/espais\/medialab-1345875801737.html\" target=\"_blank\">AudioLab, dels UAB Open Labs<\/a>.<\/p>\n\n\n\n<div class=\"wp-block-columns is-layout-flex wp-container-core-columns-is-layout-9d6595d7 wp-block-columns-is-layout-flex\">\n<div class=\"wp-block-column has-verd-tropic-transparent-background-color has-background is-layout-flow wp-block-column-is-layout-flow\">\n<h3 class=\"wp-block-heading has-text-align-center\">Programa<\/h3>\n\n\n\n<p><strong>13 h &#8211; 15 h Tallers<\/strong><br><em>Lloc: Sala Tarodequinze<\/em><\/p>\n\n\n\n<ul class=\"wp-block-list\">\n<li>13:00 h \u00abComposici\u00f3: &#8216;El Secret d&#8217;Ariadna&#8217; Projecte de creaci\u00f3 de la primera \u00f2pera en tres actes amb AI\u00bb, a c\u00e0rrec de <a href=\"https:\/\/www.pereperies.cat\/\" target=\"_blank\" rel=\"noreferrer noopener\">Pere P\u00e8ries<\/a>, compositor, escriptor i dramaturg.<\/li>\n\n\n\n<li>13:30 h \u00abVeu i artificialitat: un breu recorregut per les est\u00e8tiques de la veu robotitzada\u00bb, a c\u00e0rrec de<a href=\"https:\/\/portalrecerca.uab.cat\/en\/persons\/jordi-roquer-gonzalez-7\" target=\"_blank\" rel=\"noreferrer noopener\"> Jordi Roquer<\/a>, professor del Departament d\u2019Art i Musicologia de la UAB. <\/li>\n\n\n\n<li>14:00 h \u00abL&#8217;\u00e0udio immersiu com a eina per a la preservaci\u00f3 del patrimoni musical\u00bb, a c\u00e0rrec de <a href=\"https:\/\/www.researchgate.net\/profile\/Marco-Antonio-Juan-De-Dios-Cuartas\" target=\"_blank\" rel=\"noreferrer noopener\">Marco Antonio Juan de Dios Cuartas<\/a>, professor del Departament de Musicologia de la Universitat Complutense de Madrid. <\/li>\n\n\n\n<li>14:30 h \u00abProc\u00e9s de creaci\u00f3 d\u2019un videoart realitzat \u00edntegrament amb imatges d&#8217;IA\u00bb, a c\u00e0rrec de <a href=\"https:\/\/www.riedweg.cat\/joan\/cv-joan-riedweg\/\" target=\"_blank\" rel=\"noreferrer noopener\">Joan Riedweg<\/a>, realitzador i productor de cine, televisi\u00f3 i productes audiovisuals.<\/li>\n<\/ul>\n\n\n\n<p class=\"has-text-align-left\"><strong>16h<\/strong> <strong>Taula rodona<\/strong> amb artistes, tecn\u00f2legs i soci\u00f2legs per parlar de l&#8217;aplicaci\u00f3 de la intel\u00b7lig\u00e8ncia artificial a la m\u00fasica, els avantatges i inconvenients.<br><em>Lloc: Sala de revistes<\/em><\/p>\n\n\n\n<ul class=\"wp-block-list\">\n<li>Pilar Dellunde, catedr\u00e0tica del Departament de Filosofia de la UAB.<\/li>\n\n\n\n<li>Sergi Jord\u00e0, investigador al Grup de Tecnologia Musical de la Universitat Pompeu Fabra de Barcelona.<\/li>\n\n\n\n<li><a rel=\"noreferrer noopener\" href=\"https:\/\/www.riedweg.cat\/joan\/cv-joan-riedweg\/\" target=\"_blank\">Joan Riedweg<\/a>, realitzador i productor de cine, televisi\u00f3 i productes audiovisuals.<\/li>\n\n\n\n<li><a href=\"http:\/\/linkedin.com\/in\/cristina-checa-sesmero-74a04659\" data-type=\"URL\" data-id=\"linkedin.com\/in\/cristina-checa-sesmero-74a04659\">Cris Checa<\/a>, artista del duo de m\u00fasica electr\u00f2nica Desert i tecn\u00f2loga.<\/li>\n\n\n\n<li><em>Moderador, <a href=\"http:\/\/linkedin.com\/in\/david-casacuberta-62a17684\" target=\"_blank\" rel=\"noreferrer noopener\">David Casacuberta<\/a>, investigador del Departament de Filosofia de la UAB. <\/em><\/li>\n<\/ul>\n\n\n\n<p class=\"has-text-align-left\"><strong>17 h Concert<\/strong><br><em>Lloc: Auditori de la Facultat de Lletres<\/em><\/p>\n\n\n\n<p>\u00abBach to the moon\u00bb<\/p>\n\n\n\n<p><strong>Imagineu a Bach en un viatge salvatge<\/strong>:&nbsp;nosaltres el transformarem amb un toc d\u2019alqu\u00edmia sonora,&nbsp;li donarem un nou look&nbsp;i el farem coquetejar amb la intel\u00b7lig\u00e8ncia art\u00edficial i el live coding.&nbsp;<\/p>\n\n\n\n<p><strong>Per\u00f2 sabeu qu\u00e8?&nbsp;<\/strong>Facis el que li facis, Bach sempre sona a Bach,&nbsp;i sempre ho peta,&nbsp;en qualsevol moment de la hist\u00f2ria, en qualsevol g\u00e8nere,&nbsp;el posis a la festa que el posis.&nbsp;<\/p>\n\n\n\n<p>Idea creativa de <a rel=\"noreferrer noopener\" href=\"http:\/\/linkedin.com\/in\/carles-marig\u00f3-36819b22\" target=\"_blank\">Carles Marig\u00f3<\/a><\/p>\n\n\n\n<p>Participen:&nbsp;<\/p>\n\n\n\n<ul class=\"wp-block-list\">\n<li>Cor de Cambra de la UAB, <a rel=\"noreferrer noopener\" href=\"https:\/\/www.linkedin.com\/in\/eloi-isern-070a7011b\/\" target=\"_blank\">Eloi Isern<\/a> i <a rel=\"noreferrer noopener\" href=\"http:\/\/linkedin.com\/in\/carles-marig\u00f3-36819b22\" target=\"_blank\">Carles Marig\u00f3<\/a><\/li>\n\n\n\n<li>Direcci\u00f3 del cor: <a rel=\"noreferrer noopener\" href=\"http:\/\/linkedin.com\/in\/poire-vallv\u00e9-501b543b\" target=\"_blank\">Poire Vallv\u00e9<\/a><\/li>\n\n\n\n<li>ia.muso desenvolupada per Matthew Yee-King i Mark D&#8217;Inverno&nbsp; de la Goldsmith University of London<\/li>\n<\/ul>\n<\/div>\n<\/div>\n\n\n\n<div style=\"height:50px\" aria-hidden=\"true\" class=\"wp-block-spacer\"><\/div>\n","protected":false},"excerpt":{"rendered":"<p>19 d&#8217;OCTUBRE Creativitat musical i Intel\u00b7lig\u00e8ncia Artificial Lloc: Facultat de Filosofia i Lletres de la UABHora: de 13:00 h a 18:00 h Com la Intel\u00b7lig\u00e8ncia Artificial revolucionar\u00e0 radicalment la nostra manera de fer, interpretar i escoltar m\u00fasica? La jornada del 19 reunir\u00e0 destacats artistes i cient\u00edfics que treballen en el camp de la IA, la [&hellip;]<\/p>\n","protected":false},"author":73,"featured_media":0,"parent":4,"menu_order":0,"comment_status":"closed","ping_status":"closed","template":"","meta":{"footnotes":""},"class_list":["post-297","page","type-page","status-publish","hentry"],"_links":{"self":[{"href":"https:\/\/webs.uab.cat\/setmanainnovacio\/wp-json\/wp\/v2\/pages\/297","targetHints":{"allow":["GET"]}}],"collection":[{"href":"https:\/\/webs.uab.cat\/setmanainnovacio\/wp-json\/wp\/v2\/pages"}],"about":[{"href":"https:\/\/webs.uab.cat\/setmanainnovacio\/wp-json\/wp\/v2\/types\/page"}],"author":[{"embeddable":true,"href":"https:\/\/webs.uab.cat\/setmanainnovacio\/wp-json\/wp\/v2\/users\/73"}],"replies":[{"embeddable":true,"href":"https:\/\/webs.uab.cat\/setmanainnovacio\/wp-json\/wp\/v2\/comments?post=297"}],"version-history":[{"count":42,"href":"https:\/\/webs.uab.cat\/setmanainnovacio\/wp-json\/wp\/v2\/pages\/297\/revisions"}],"predecessor-version":[{"id":1093,"href":"https:\/\/webs.uab.cat\/setmanainnovacio\/wp-json\/wp\/v2\/pages\/297\/revisions\/1093"}],"up":[{"embeddable":true,"href":"https:\/\/webs.uab.cat\/setmanainnovacio\/wp-json\/wp\/v2\/pages\/4"}],"wp:attachment":[{"href":"https:\/\/webs.uab.cat\/setmanainnovacio\/wp-json\/wp\/v2\/media?parent=297"}],"curies":[{"name":"wp","href":"https:\/\/api.w.org\/{rel}","templated":true}]}}