{"id":744,"date":"2023-09-07T15:52:40","date_gmt":"2023-09-07T13:52:40","guid":{"rendered":"https:\/\/webs.uab.cat\/setmanainnovacio\/?page_id=744"},"modified":"2024-03-07T13:17:16","modified_gmt":"2024-03-07T11:17:16","slug":"portes-obertes-imb","status":"publish","type":"page","link":"https:\/\/webs.uab.cat\/setmanainnovacio\/activitats-2023\/portes-obertes-imb\/","title":{"rendered":"Activitats"},"content":{"rendered":"\n<div class=\"wp-block-columns is-layout-flex wp-container-core-columns-is-layout-9d6595d7 wp-block-columns-is-layout-flex\">\n<div class=\"wp-block-column has-blanc-coco-color has-text-color is-layout-flow wp-block-column-is-layout-flow\" style=\"flex-basis:30%\">\n<h6 class=\"wp-block-heading has-negre-eben-background-color has-background\">18 d&#8217;OCTUBRE<\/h6>\n<\/div>\n\n\n\n<div class=\"wp-block-column is-layout-flow wp-block-column-is-layout-flow\">\n<h3 class=\"wp-block-heading has-larger-font-size\">Portes Obertes de l&#8217;Institut de Microelectr\u00f2nica de Barcelona<\/h3>\n<\/div>\n<\/div>\n\n\n\n<p><strong>Lloc<\/strong>: <a rel=\"noreferrer noopener\" href=\"https:\/\/goo.gl\/maps\/3eeAYfr7JAmECrW6A\" target=\"_blank\">Institut de Microelectr\u00f2nica de Barcelona (IMB CNM CSIC)<\/a><br><strong>Hora<\/strong>: 11:00 h a 12:00 h<\/p>\n\n\n\n<p>Vols visitar el centre de recerca dedicat a la recerca i desenvolupament de micro i nanotecnologies m\u00e9s gran d&#8217;Espanya? L&#8217;<a rel=\"noreferrer noopener\" href=\"https:\/\/www.imb-cnm.csic.es\/\" target=\"_blank\">Institut de Microelectr\u00f2nica de Barcelona<\/a> est\u00e0 ubicat al Campus de la UAB i \u200b\u200bcompta amb una Sala Blanca de 1.500 metres quadrats (una de les m\u00e9s grans del sud d&#8217;Europa)!<\/p>\n\n\n\n<p>Les activitats principals de l&#8217;IMB-CNM s\u00f3n la investigaci\u00f3 i desenvolupament b\u00e0sic i aplicat, l\u2019educaci\u00f3 i la formaci\u00f3 en micro i nanotecnologies, components i sistemes. La seva missi\u00f3 \u00e9s millorar el coneixement i contribuir a la implementaci\u00f3 de solucions basades en aquestes tecnologies en nous productes, per resoldre els reptes de la societat.<\/p>\n\n\n\n<p>Visita el centre per fer un viatge per la hist\u00f2ria de la microelectr\u00f2nica i con\u00e8ixer com funciona el desenvolupament de xips per viatjar a l&#8217;espai i endinsar-se a les c\u00e8l\u00b7lules!<\/p>\n\n\n\n<p>Per inscriure-us heu d&#8217;enviar un correu a <a href=\"mailto:cultura@imb-cnm.csic.es\">cultura@imb-cnm.csic.es<\/a> i indicar el vostre nom i  DNI. <\/p>\n","protected":false},"excerpt":{"rendered":"<p>18 d&#8217;OCTUBRE Portes Obertes de l&#8217;Institut de Microelectr\u00f2nica de Barcelona Lloc: Institut de Microelectr\u00f2nica de Barcelona (IMB CNM CSIC)Hora: 11:00 h a 12:00 h Vols visitar el centre de recerca dedicat a la recerca i desenvolupament de micro i nanotecnologies m\u00e9s gran d&#8217;Espanya? L&#8217;Institut de Microelectr\u00f2nica de Barcelona est\u00e0 ubicat al Campus de la UAB [&hellip;]<\/p>\n","protected":false},"author":73,"featured_media":0,"parent":4,"menu_order":0,"comment_status":"closed","ping_status":"closed","template":"","meta":{"footnotes":""},"class_list":["post-744","page","type-page","status-publish","hentry"],"_links":{"self":[{"href":"https:\/\/webs.uab.cat\/setmanainnovacio\/wp-json\/wp\/v2\/pages\/744","targetHints":{"allow":["GET"]}}],"collection":[{"href":"https:\/\/webs.uab.cat\/setmanainnovacio\/wp-json\/wp\/v2\/pages"}],"about":[{"href":"https:\/\/webs.uab.cat\/setmanainnovacio\/wp-json\/wp\/v2\/types\/page"}],"author":[{"embeddable":true,"href":"https:\/\/webs.uab.cat\/setmanainnovacio\/wp-json\/wp\/v2\/users\/73"}],"replies":[{"embeddable":true,"href":"https:\/\/webs.uab.cat\/setmanainnovacio\/wp-json\/wp\/v2\/comments?post=744"}],"version-history":[{"count":4,"href":"https:\/\/webs.uab.cat\/setmanainnovacio\/wp-json\/wp\/v2\/pages\/744\/revisions"}],"predecessor-version":[{"id":1101,"href":"https:\/\/webs.uab.cat\/setmanainnovacio\/wp-json\/wp\/v2\/pages\/744\/revisions\/1101"}],"up":[{"embeddable":true,"href":"https:\/\/webs.uab.cat\/setmanainnovacio\/wp-json\/wp\/v2\/pages\/4"}],"wp:attachment":[{"href":"https:\/\/webs.uab.cat\/setmanainnovacio\/wp-json\/wp\/v2\/media?parent=744"}],"curies":[{"name":"wp","href":"https:\/\/api.w.org\/{rel}","templated":true}]}}